{"id":10,"date":"2024-12-21T19:07:36","date_gmt":"2024-12-21T19:07:36","guid":{"rendered":"http:\/\/reveurstore.com\/?page_id=10"},"modified":"2025-11-23T18:52:32","modified_gmt":"2025-11-23T18:52:32","slug":"refund_returns","status":"publish","type":"page","link":"https:\/\/reveurstore.com\/cs\/refund_returns\/","title":{"rendered":"Vr\u00e1cen\u00ed zbo\u017e\u00ed a reklamace"},"content":{"rendered":"<div data-elementor-type=\"wp-page\" data-elementor-id=\"10\" class=\"elementor elementor-10\">\n\t\t\t\t<div class=\"elementor-element elementor-element-5c3f0f7c e-flex e-con-boxed e-con e-parent\" data-id=\"5c3f0f7c\" data-element_type=\"container\" data-e-type=\"container\">\n\t\t\t\t\t<div class=\"e-con-inner\">\n\t\t\t\t<div class=\"elementor-element elementor-element-7c8d849b elementor-widget elementor-widget-text-editor\" data-id=\"7c8d849b\" data-element_type=\"widget\" data-e-type=\"widget\" data-widget_type=\"text-editor.default\">\n\t\t\t\t<div class=\"elementor-widget-container\">\n\t\t\t\t\t\t\t\t\t<h5><strong>VR\u00c1CEN\u00cd ZBO\u017d\u00cd<\/strong><\/h5><p><span style=\"font-weight: 400;\">Kupuj\u00edc\u00ed m\u00e1 pr\u00e1vo od kupn\u00ed smlouvy odstoupit, a to do \u010dtrn\u00e1cti (14) dn\u016f ode dne, kdy kupuj\u00edc\u00ed nebo j\u00edm ur\u010den\u00e1 t\u0159et\u00ed osoba odli\u0161n\u00e1 od dopravce p\u0159evezme zbo\u017e\u00ed. V p\u0159\u00edpad\u011b odstoupen\u00ed od kupn\u00ed smlouvy se kupn\u00ed smlouva od po\u010d\u00e1tku ru\u0161\u00ed. Zbo\u017e\u00ed kupuj\u00edc\u00ed za\u0161le bez zbyte\u010dn\u00e9ho odkladu, nejpozd\u011bji do \u010dtrn\u00e1cti (14) dn\u016f od odstoupen\u00ed od smlouvy.<\/span><\/p><p><span style=\"font-weight: 400;\">Pro odstoupen\u00ed od kupn\u00ed smlouvy pros\u00edm vypl\u0148te formul\u00e1\u0159 pro odstoupen\u00ed (\u010desk\u00e1 verze <a href=\"https:\/\/docs.google.com\/document\/d\/1Mdupc1_Cc5A0X1Z-TAaE-_J6Onzn9rtI\/edit?usp=sharing&amp;ouid=110386943662766556843&amp;rtpof=true&amp;sd=true\" target=\"_blank\" rel=\"noopener\">ZDE<\/a>, anglick\u00e1 verze ZDE).<\/span><\/p><p><span style=\"font-weight: 400;\">Vypln\u011bn\u00fd formul\u00e1\u0159 za\u0161lete spolu s vr\u00e1cen\u00fdm zbo\u017e\u00edm na n\u00e1sleduj\u00edc\u00ed adresu:<\/span><\/p><p><b>Alisa Kulova<\/b><\/p><p><b>Hole\u010dkova 180\/111<\/b><\/p><p><b>150 00 Praha 5<\/b><\/p><p><b>\u010cesk\u00e1 republika<\/b><\/p><p><span style=\"font-weight: 400;\">Odstoup\u00ed-li kupuj\u00edc\u00ed od kupn\u00ed smlouvy, nese kupuj\u00edc\u00ed n\u00e1klady spojen\u00e9 s navr\u00e1cen\u00edm zbo\u017e\u00ed prod\u00e1vaj\u00edc\u00edmu.<\/span><\/p><p><span style=\"font-weight: 400;\">V p\u0159\u00edpad\u011b odstoupen\u00ed od kupn\u00ed smlouvy vr\u00e1t\u00ed prod\u00e1vaj\u00edc\u00ed pen\u011b\u017en\u00ed prost\u0159edky p\u0159ijat\u00e9 od kupuj\u00edc\u00edho do \u010dtrn\u00e1cti (14) dn\u016f od odstoupen\u00ed od kupn\u00ed smlouvy kupuj\u00edc\u00edm, a to stejn\u00fdm zp\u016fsobem, jak\u00fdm je prod\u00e1vaj\u00edc\u00ed od kupuj\u00edc\u00edho p\u0159ijal.<\/span><\/p><p><span style=\"font-weight: 400;\">Po p\u0159edchoz\u00ed dohod\u011b s kupuj\u00edc\u00edm m\u016f\u017ee b\u00fdt zbo\u017e\u00ed vym\u011bn\u011bno za stejn\u00fd produkt nebo za jin\u00fd v\u00fdrobek v podobn\u00e9 cenov\u00e9 relaci.<\/span><\/p><h5><strong>REKLAMACE ZBO\u017d\u00cd<\/strong><\/h5><p><span style=\"font-weight: 400;\">Kupuj\u00edc\u00ed m\u016f\u017ee u prod\u00e1vaj\u00edc\u00edho podat reklamaci zbo\u017e\u00ed, neodpov\u00edd\u00e1-li zbo\u017e\u00ed uzav\u0159en\u00e9 kupn\u00ed smlouv\u011b nebo obsahuje-li vady. P\u0159i p\u0159eb\u00edr\u00e1n\u00ed zbo\u017e\u00ed od dopravce bal\u00edk pe\u010dliv\u011b zkontrolujte. Pokud je bal\u00edk poni\u010den\u00fd, d\u011brav\u00fd apod., nep\u0159eb\u00edrejte jej a neprodlen\u011b kontaktujte z\u00e1kaznick\u00fd servis reveur.jewels@gmail.com.<\/span><\/p><p><span style=\"font-weight: 400;\">Pr\u00e1vo z vadn\u00e9ho pln\u011bn\u00ed kupuj\u00edc\u00edmu nen\u00e1le\u017e\u00ed, pokud vadu s\u00e1m zp\u016fsobil.<\/span><\/p><p><span style=\"font-weight: 400;\">Vadou zbo\u017e\u00ed nen\u00ed opot\u0159eben\u00ed zbo\u017e\u00ed zp\u016fsoben\u00e9 jeho obvykl\u00fdm u\u017e\u00edv\u00e1n\u00edm nebo u pou\u017eit\u00e9 v\u011bci opot\u0159eben\u00ed odpov\u00eddaj\u00edc\u00ed m\u00ed\u0159e jej\u00edho p\u0159edchoz\u00edho pou\u017e\u00edv\u00e1n\u00ed. Za b\u011b\u017en\u00e9 opot\u0159eben\u00ed se u \u0161perk\u016f rozum\u00ed zejm\u00e9na drobn\u00e9 \u0161kr\u00e1bance, zm\u011bny povrchov\u00e9ho lesku, p\u0159\u00edpadn\u00e9 zten\u010den\u00ed povrchov\u00fdch \u00faprav (nap\u0159. rhodiov\u00e1n\u00ed, pozlacen\u00ed) vznikl\u00e9 no\u0161en\u00edm, a u keramick\u00fdch dopl\u0148k\u016f drobn\u00e9 povrchov\u00e9 zm\u011bny vznikl\u00e9 b\u011b\u017en\u00fdm pou\u017e\u00edv\u00e1n\u00edm a \u00fadr\u017ebou v souladu s pokyny prod\u00e1vaj\u00edc\u00edho. Tyto skute\u010dnosti nep\u0159edstavuj\u00ed vadu zbo\u017e\u00ed. P\u0159irozen\u00e9 odchylky v barv\u011b, struktu\u0159e, kresb\u011b glazury \u010di jin\u00fdch estetick\u00fdch vlastnostech, odpov\u00eddaj\u00edc\u00ed povaze pou\u017eit\u00e9ho materi\u00e1lu a ru\u010dn\u00ed v\u00fdrob\u011b, nejsou vadou zbo\u017e\u00ed.<\/span><\/p><p><span style=\"font-weight: 400;\">U zbo\u017e\u00ed na m\u00edru, zejm\u00e9na u ru\u010dn\u011b vyr\u00e1b\u011bn\u00fdch keramick\u00fdch v\u00fdrobk\u016f a \u0161perk\u016f s individu\u00e1ln\u00edm motivem, se mohou vyskytnout drobn\u00e9 odchylky v odst\u00ednu barvy, struktu\u0159e, tvaru, rozm\u011brech \u010di um\u00edst\u011bn\u00ed motivu oproti n\u00e1vrhu, vzorku \u010di vizualizaci. Tyto drobn\u00e9 odchylky, nep\u0159esahuj\u00ed-li r\u00e1mec obvykl\u00fd pro ru\u010dn\u00ed v\u00fdrobu a nemaj\u00edc\u00ed vliv na funk\u010dnost zbo\u017e\u00ed, nep\u0159edstavuj\u00ed vadu zbo\u017e\u00ed.<\/span><\/p><p><span style=\"font-weight: 400;\">Zbo\u017e\u00ed lze reklamovat dle st\u00e1vaj\u00edc\u00edch platn\u00fdch pr\u00e1vn\u00edch norem. Bli\u017e\u0161\u00ed informace jak k reklamaci, tak k vr\u00e1cen\u00ed zbo\u017e\u00ed najdete v <a href=\"https:\/\/reveurstore.com\/cs\/terms_conditions\/\">Obchodn\u00edch podm\u00ednk\u00e1ch.<\/a><\/span><\/p><p><span style=\"font-weight: 400;\">Z\u00e1silku s reklamovan\u00fdm zbo\u017e\u00edm ode\u0161lete na adresu:<\/span><\/p><p><strong>Alisa Kulova\u00a0\u00a0<\/strong><\/p><p><strong>Hole\u010dkova 180\/111, <\/strong><\/p><p><strong>150 00 Praha 5<\/strong><\/p><p><strong>\u010cesk\u00e1 republika<\/strong><\/p><p><span style=\"font-weight: 400;\">Z\u00e1silka mus\u00ed obsahovat reklamovan\u00e9 zbo\u017e\u00ed, doklad o koupi a vypln\u011bn\u00fd reklama\u010dn\u00ed formul\u00e1\u0159 (\u010desk\u00e1 verze <a href=\"https:\/\/docs.google.com\/document\/d\/1bJzgIo8JfGnqA57gaENQaJqnEjrnveEQ\/edit?usp=sharing&amp;ouid=110386943662766556843&amp;rtpof=true&amp;sd=true\" target=\"_blank\" rel=\"noopener\">ZDE<\/a>, anglick\u00e1 verze ZDE).\u00a0<\/span><\/p><p><span style=\"font-weight: 400;\">V p\u0159\u00edpad\u011b dotaz\u016f kontaktujte prod\u00e1vaj\u00edc\u00edho prost\u0159ednictv\u00edm e-mailu reveur.jewels@gmail.com.<\/span><\/p>\t\t\t\t\t\t\t\t<\/div>\n\t\t\t\t<\/div>\n\t\t\t\t\t<\/div>\n\t\t\t\t<\/div>\n\t\t\t\t<\/div>","protected":false},"excerpt":{"rendered":"<p>RETURN OF GOODS The buyer has the right to withdraw from the purchase contract within fourteen (14) days from the day on which the buyer or a third party designated by the buyer, other than the carrier, takes possession of the goods. In the event of withdrawal, the purchase contract is cancelled from the beginning. [&hellip;]<\/p>","protected":false},"author":1,"featured_media":0,"parent":0,"menu_order":0,"comment_status":"closed","ping_status":"closed","template":"","meta":{"_uag_custom_page_level_css":"","site-sidebar-layout":"default","site-content-layout":"","ast-site-content-layout":"default","site-content-style":"default","site-sidebar-style":"default","ast-global-header-display":"","ast-banner-title-visibility":"","ast-main-header-display":"","ast-hfb-above-header-display":"","ast-hfb-below-header-display":"","ast-hfb-mobile-header-display":"","site-post-title":"","ast-breadcrumbs-content":"","ast-featured-img":"","footer-sml-layout":"","theme-transparent-header-meta":"","adv-header-id-meta":"","stick-header-meta":"","header-above-stick-meta":"","header-main-stick-meta":"","header-below-stick-meta":"","astra-migrate-meta-layouts":"default","ast-page-background-enabled":"default","ast-page-background-meta":{"desktop":{"background-color":"var(--ast-global-color-4)","background-image":"","background-repeat":"repeat","background-position":"center center","background-size":"auto","background-attachment":"scroll","background-type":"","background-media":"","overlay-type":"","overlay-color":"","overlay-opacity":"","overlay-gradient":""},"tablet":{"background-color":"","background-image":"","background-repeat":"repeat","background-position":"center center","background-size":"auto","background-attachment":"scroll","background-type":"","background-media":"","overlay-type":"","overlay-color":"","overlay-opacity":"","overlay-gradient":""},"mobile":{"background-color":"","background-image":"","background-repeat":"repeat","background-position":"center center","background-size":"auto","background-attachment":"scroll","background-type":"","background-media":"","overlay-type":"","overlay-color":"","overlay-opacity":"","overlay-gradient":""}},"ast-content-background-meta":{"desktop":{"background-color":"var(--ast-global-color-5)","background-image":"","background-repeat":"repeat","background-position":"center center","background-size":"auto","background-attachment":"scroll","background-type":"","background-media":"","overlay-type":"","overlay-color":"","overlay-opacity":"","overlay-gradient":""},"tablet":{"background-color":"var(--ast-global-color-5)","background-image":"","background-repeat":"repeat","background-position":"center center","background-size":"auto","background-attachment":"scroll","background-type":"","background-media":"","overlay-type":"","overlay-color":"","overlay-opacity":"","overlay-gradient":""},"mobile":{"background-color":"var(--ast-global-color-5)","background-image":"","background-repeat":"repeat","background-position":"center center","background-size":"auto","background-attachment":"scroll","background-type":"","background-media":"","overlay-type":"","overlay-color":"","overlay-opacity":"","overlay-gradient":""}},"footnotes":""},"class_list":["post-10","page","type-page","status-publish","hentry"],"yoast_head":"<!-- This site is optimized with the Yoast SEO plugin v26.5 - https:\/\/yoast.com\/wordpress\/plugins\/seo\/ -->\n<title>Returns &amp; complaints - Silver Jewelry | Elegant Accessories<\/title>\n<meta name=\"description\" content=\"Discover silver jewelry designed for elegance. Shop unique silver bracelets, rings, earrings, necklaces and more. Perfect gifts for every occasion. Free shipping on orders bigger than 95 euro.\" \/>\n<meta name=\"robots\" content=\"index, follow, max-snippet:-1, max-image-preview:large, max-video-preview:-1\" \/>\n<link rel=\"canonical\" href=\"https:\/\/reveurstore.com\/cs\/refund_returns\/\" \/>\n<meta property=\"og:locale\" content=\"cs_CZ\" \/>\n<meta property=\"og:type\" content=\"article\" \/>\n<meta property=\"og:title\" content=\"Returns &amp; complaints - Silver Jewelry | Elegant Accessories\" \/>\n<meta property=\"og:description\" content=\"Discover silver jewelry designed for elegance. Shop unique silver bracelets, rings, earrings, necklaces and more. Perfect gifts for every occasion. Free shipping on orders bigger than 95 euro.\" \/>\n<meta property=\"og:url\" content=\"https:\/\/reveurstore.com\/cs\/refund_returns\/\" \/>\n<meta property=\"article:publisher\" content=\"https:\/\/www.facebook.com\/profile.php?id=61567260366294\" \/>\n<meta property=\"article:modified_time\" content=\"2025-11-23T18:52:32+00:00\" \/>\n<meta name=\"twitter:card\" content=\"summary_large_image\" \/>\n<meta name=\"twitter:label1\" content=\"Odhadovan\u00e1 doba \u010dten\u00ed\" \/>\n\t<meta name=\"twitter:data1\" content=\"3 minuty\" \/>\n<script type=\"application\/ld+json\" class=\"yoast-schema-graph\">{\"@context\":\"https:\/\/schema.org\",\"@graph\":[{\"@type\":\"WebPage\",\"@id\":\"https:\/\/reveurstore.com\/refund_returns\/\",\"url\":\"https:\/\/reveurstore.com\/refund_returns\/\",\"name\":\"Returns & complaints - Silver Jewelry | Elegant Accessories\",\"isPartOf\":{\"@id\":\"https:\/\/reveurstore.com\/#website\"},\"datePublished\":\"2024-12-21T19:07:36+00:00\",\"dateModified\":\"2025-11-23T18:52:32+00:00\",\"description\":\"Discover silver jewelry designed for elegance. Shop unique silver bracelets, rings, earrings, necklaces and more. Perfect gifts for every occasion. Free shipping on orders bigger than 95 euro.\",\"breadcrumb\":{\"@id\":\"https:\/\/reveurstore.com\/refund_returns\/#breadcrumb\"},\"inLanguage\":\"cs\",\"potentialAction\":[{\"@type\":\"ReadAction\",\"target\":[\"https:\/\/reveurstore.com\/refund_returns\/\"]}]},{\"@type\":\"BreadcrumbList\",\"@id\":\"https:\/\/reveurstore.com\/refund_returns\/#breadcrumb\",\"itemListElement\":[{\"@type\":\"ListItem\",\"position\":1,\"name\":\"Home\",\"item\":\"https:\/\/reveurstore.com\/\"},{\"@type\":\"ListItem\",\"position\":2,\"name\":\"Returns &#038; complaints\"}]},{\"@type\":\"WebSite\",\"@id\":\"https:\/\/reveurstore.com\/#website\",\"url\":\"https:\/\/reveurstore.com\/\",\"name\":\"Reveurstore\",\"description\":\"\",\"publisher\":{\"@id\":\"https:\/\/reveurstore.com\/#\/schema\/person\/c8ba2d22bfffaf45b6141539c0afdbb0\"},\"potentialAction\":[{\"@type\":\"SearchAction\",\"target\":{\"@type\":\"EntryPoint\",\"urlTemplate\":\"https:\/\/reveurstore.com\/?s={search_term_string}\"},\"query-input\":{\"@type\":\"PropertyValueSpecification\",\"valueRequired\":true,\"valueName\":\"search_term_string\"}}],\"inLanguage\":\"cs\"},{\"@type\":[\"Person\",\"Organization\"],\"@id\":\"https:\/\/reveurstore.com\/#\/schema\/person\/c8ba2d22bfffaf45b6141539c0afdbb0\",\"name\":\"Alisa K\",\"image\":{\"@type\":\"ImageObject\",\"inLanguage\":\"cs\",\"@id\":\"https:\/\/reveurstore.com\/#\/schema\/person\/image\/\",\"url\":\"https:\/\/reveurstore.com\/wp-content\/uploads\/2024\/12\/cropped-462697602_1288532802510106_971032994706855632_n-1-e1735158106742-2.jpg\",\"contentUrl\":\"https:\/\/reveurstore.com\/wp-content\/uploads\/2024\/12\/cropped-462697602_1288532802510106_971032994706855632_n-1-e1735158106742-2.jpg\",\"width\":1500,\"height\":310,\"caption\":\"Alisa K\"},\"logo\":{\"@id\":\"https:\/\/reveurstore.com\/#\/schema\/person\/image\/\"},\"sameAs\":[\"http:\/\/reveurstore.com\",\"https:\/\/www.facebook.com\/profile.php?id=61567260366294\",\"https:\/\/www.instagram.com\/reveur_jewels\/\",\"https:\/\/www.pinterest.com\/reveur_jewels\/?invite_code=485f63a53eba4b16823725cc9560ccd1&sender=1095852659237439738\",\"www.youtube.com\/@ReveurJewels\"]}]}<\/script>\n<!-- \/ Yoast SEO plugin. -->","yoast_head_json":{"title":"Returns & complaints - Silver Jewelry | Elegant Accessories","description":"Objevte st\u0159\u00edbrn\u00e9 \u0161perky ur\u010den\u00e9 pro eleganci. Nakupujte jedine\u010dn\u00e9 st\u0159\u00edbrn\u00e9 n\u00e1ramky, prsteny, n\u00e1u\u0161nice, n\u00e1hrdeln\u00edky a dal\u0161\u00ed. Perfektn\u00ed d\u00e1rky pro ka\u017edou p\u0159\u00edle\u017eitost. Doprava zdarma u objedn\u00e1vek nad 95 eur.","robots":{"index":"index","follow":"follow","max-snippet":"max-snippet:-1","max-image-preview":"max-image-preview:large","max-video-preview":"max-video-preview:-1"},"canonical":"https:\/\/reveurstore.com\/cs\/refund_returns\/","og_locale":"cs_CZ","og_type":"article","og_title":"Returns & complaints - Silver Jewelry | Elegant Accessories","og_description":"Discover silver jewelry designed for elegance. Shop unique silver bracelets, rings, earrings, necklaces and more. Perfect gifts for every occasion. Free shipping on orders bigger than 95 euro.","og_url":"https:\/\/reveurstore.com\/cs\/refund_returns\/","article_publisher":"https:\/\/www.facebook.com\/profile.php?id=61567260366294","article_modified_time":"2025-11-23T18:52:32+00:00","twitter_card":"summary_large_image","twitter_misc":{"Odhadovan\u00e1 doba \u010dten\u00ed":"3 minuty"},"schema":{"@context":"https:\/\/schema.org","@graph":[{"@type":"WebPage","@id":"https:\/\/reveurstore.com\/refund_returns\/","url":"https:\/\/reveurstore.com\/refund_returns\/","name":"Returns & complaints - Silver Jewelry | Elegant Accessories","isPartOf":{"@id":"https:\/\/reveurstore.com\/#website"},"datePublished":"2024-12-21T19:07:36+00:00","dateModified":"2025-11-23T18:52:32+00:00","description":"Objevte st\u0159\u00edbrn\u00e9 \u0161perky ur\u010den\u00e9 pro eleganci. Nakupujte jedine\u010dn\u00e9 st\u0159\u00edbrn\u00e9 n\u00e1ramky, prsteny, n\u00e1u\u0161nice, n\u00e1hrdeln\u00edky a dal\u0161\u00ed. Perfektn\u00ed d\u00e1rky pro ka\u017edou p\u0159\u00edle\u017eitost. Doprava zdarma u objedn\u00e1vek nad 95 eur.","breadcrumb":{"@id":"https:\/\/reveurstore.com\/refund_returns\/#breadcrumb"},"inLanguage":"cs","potentialAction":[{"@type":"ReadAction","target":["https:\/\/reveurstore.com\/refund_returns\/"]}]},{"@type":"BreadcrumbList","@id":"https:\/\/reveurstore.com\/refund_returns\/#breadcrumb","itemListElement":[{"@type":"ListItem","position":1,"name":"Home","item":"https:\/\/reveurstore.com\/"},{"@type":"ListItem","position":2,"name":"Returns &#038; complaints"}]},{"@type":"WebSite","@id":"https:\/\/reveurstore.com\/#website","url":"https:\/\/reveurstore.com\/","name":"Reveurstore","description":"","publisher":{"@id":"https:\/\/reveurstore.com\/#\/schema\/person\/c8ba2d22bfffaf45b6141539c0afdbb0"},"potentialAction":[{"@type":"SearchAction","target":{"@type":"EntryPoint","urlTemplate":"https:\/\/reveurstore.com\/?s={search_term_string}"},"query-input":{"@type":"PropertyValueSpecification","valueRequired":true,"valueName":"search_term_string"}}],"inLanguage":"cs"},{"@type":["Person","Organization"],"@id":"https:\/\/reveurstore.com\/#\/schema\/person\/c8ba2d22bfffaf45b6141539c0afdbb0","name":"Alisa K.","image":{"@type":"ImageObject","inLanguage":"cs","@id":"https:\/\/reveurstore.com\/#\/schema\/person\/image\/","url":"https:\/\/reveurstore.com\/wp-content\/uploads\/2024\/12\/cropped-462697602_1288532802510106_971032994706855632_n-1-e1735158106742-2.jpg","contentUrl":"https:\/\/reveurstore.com\/wp-content\/uploads\/2024\/12\/cropped-462697602_1288532802510106_971032994706855632_n-1-e1735158106742-2.jpg","width":1500,"height":310,"caption":"Alisa K"},"logo":{"@id":"https:\/\/reveurstore.com\/#\/schema\/person\/image\/"},"sameAs":["http:\/\/reveurstore.com","https:\/\/www.facebook.com\/profile.php?id=61567260366294","https:\/\/www.instagram.com\/reveur_jewels\/","https:\/\/www.pinterest.com\/reveur_jewels\/?invite_code=485f63a53eba4b16823725cc9560ccd1&sender=1095852659237439738","www.youtube.com\/@ReveurJewels"]}]}},"uagb_featured_image_src":{"full":false,"thumbnail":false,"medium":false,"medium_large":false,"large":false,"1536x1536":false,"2048x2048":false,"trp-custom-language-flag":false,"tp-image-grid":false,"woocommerce_thumbnail":false,"woocommerce_single":false,"woocommerce_gallery_thumbnail":false},"uagb_author_info":{"display_name":"Alisa K","author_link":"https:\/\/reveurstore.com\/cs\/author\/reveur-jewelsgmail-com\/"},"uagb_comment_info":0,"uagb_excerpt":"RETURN OF GOODS The buyer has the right to withdraw from the purchase contract within fourteen (14) days from the day on which the buyer or a third party designated by the buyer, other than the carrier, takes possession of the goods. In the event of withdrawal, the purchase contract is cancelled from the beginning.&hellip;","_links":{"self":[{"href":"https:\/\/reveurstore.com\/cs\/wp-json\/wp\/v2\/pages\/10","targetHints":{"allow":["GET"]}}],"collection":[{"href":"https:\/\/reveurstore.com\/cs\/wp-json\/wp\/v2\/pages"}],"about":[{"href":"https:\/\/reveurstore.com\/cs\/wp-json\/wp\/v2\/types\/page"}],"author":[{"embeddable":true,"href":"https:\/\/reveurstore.com\/cs\/wp-json\/wp\/v2\/users\/1"}],"replies":[{"embeddable":true,"href":"https:\/\/reveurstore.com\/cs\/wp-json\/wp\/v2\/comments?post=10"}],"version-history":[{"count":38,"href":"https:\/\/reveurstore.com\/cs\/wp-json\/wp\/v2\/pages\/10\/revisions"}],"predecessor-version":[{"id":4224,"href":"https:\/\/reveurstore.com\/cs\/wp-json\/wp\/v2\/pages\/10\/revisions\/4224"}],"wp:attachment":[{"href":"https:\/\/reveurstore.com\/cs\/wp-json\/wp\/v2\/media?parent=10"}],"curies":[{"name":"wp","href":"https:\/\/api.w.org\/{rel}","templated":true}]}}