{"id":2367,"date":"2024-12-31T14:20:00","date_gmt":"2024-12-31T14:20:00","guid":{"rendered":"https:\/\/reveurstore.com\/?page_id=2367"},"modified":"2024-12-31T17:33:56","modified_gmt":"2024-12-31T17:33:56","slug":"wishlist","status":"publish","type":"page","link":"https:\/\/reveurstore.com\/cs\/wishlist\/","title":{"rendered":"Seznam p\u0159\u00e1n\u00ed"},"content":{"rendered":"<div data-elementor-type=\"wp-page\" data-elementor-id=\"2367\" class=\"elementor elementor-2367\">\n\t\t\t\t<div class=\"elementor-element elementor-element-5166228 e-flex e-con-boxed e-con e-parent\" data-id=\"5166228\" data-element_type=\"container\" data-e-type=\"container\">\n\t\t\t\t\t<div class=\"e-con-inner\">\n\t\t\t\t<div class=\"elementor-element elementor-element-1aff4fd1 elementor-widget elementor-widget-shortcode\" data-id=\"1aff4fd1\" data-element_type=\"widget\" data-e-type=\"widget\" data-widget_type=\"shortcode.default\">\n\t\t\t\t<div class=\"elementor-widget-container\">\n\t\t\t\t\t\t\t<div class=\"elementor-shortcode\"><div class=\"tinv-wishlist woocommerce tinv-wishlist-clear\">\r\n\t<div class=\"tinv-header\">\r\n\t<h2><\/h2>\r\n\t<\/div>\r\n\t\t<p class=\"cart-empty woocommerce-info\">\r\n\t\t\t\t\tV\u00e1\u0161 seznam je moment\u00e1ln\u011b pr\u00e1zdn\u00fd.\t\t\t<\/p>\r\n\r\n\t\r\n\t<p class=\"return-to-shop\">\r\n\t\t<a class=\"button wc-backward\"\r\n\t\t   href=\"https:\/\/reveurstore.com\/cs\/shop-2\/\">N\u00e1vrat do obchodu<\/a>\r\n\t<\/p>\r\n<\/div>\r\n<\/div>\n\t\t\t\t\t\t<\/div>\n\t\t\t\t<\/div>\n\t\t\t\t\t<\/div>\n\t\t\t\t<\/div>\n\t\t\t\t<\/div>","protected":false},"excerpt":{"rendered":"","protected":false},"author":1,"featured_media":0,"parent":0,"menu_order":0,"comment_status":"closed","ping_status":"closed","template":"","meta":{"_uag_custom_page_level_css":"","site-sidebar-layout":"default","site-content-layout":"","ast-site-content-layout":"default","site-content-style":"default","site-sidebar-style":"default","ast-global-header-display":"","ast-banner-title-visibility":"","ast-main-header-display":"","ast-hfb-above-header-display":"","ast-hfb-below-header-display":"","ast-hfb-mobile-header-display":"","site-post-title":"","ast-breadcrumbs-content":"","ast-featured-img":"","footer-sml-layout":"","theme-transparent-header-meta":"","adv-header-id-meta":"","stick-header-meta":"","header-above-stick-meta":"","header-main-stick-meta":"","header-below-stick-meta":"","astra-migrate-meta-layouts":"default","ast-page-background-enabled":"default","ast-page-background-meta":{"desktop":{"background-color":"var(--ast-global-color-4)","background-image":"","background-repeat":"repeat","background-position":"center center","background-size":"auto","background-attachment":"scroll","background-type":"","background-media":"","overlay-type":"","overlay-color":"","overlay-opacity":"","overlay-gradient":""},"tablet":{"background-color":"","background-image":"","background-repeat":"repeat","background-position":"center center","background-size":"auto","background-attachment":"scroll","background-type":"","background-media":"","overlay-type":"","overlay-color":"","overlay-opacity":"","overlay-gradient":""},"mobile":{"background-color":"","background-image":"","background-repeat":"repeat","background-position":"center center","background-size":"auto","background-attachment":"scroll","background-type":"","background-media":"","overlay-type":"","overlay-color":"","overlay-opacity":"","overlay-gradient":""}},"ast-content-background-meta":{"desktop":{"background-color":"var(--ast-global-color-5)","background-image":"","background-repeat":"repeat","background-position":"center center","background-size":"auto","background-attachment":"scroll","background-type":"","background-media":"","overlay-type":"","overlay-color":"","overlay-opacity":"","overlay-gradient":""},"tablet":{"background-color":"var(--ast-global-color-5)","background-image":"","background-repeat":"repeat","background-position":"center center","background-size":"auto","background-attachment":"scroll","background-type":"","background-media":"","overlay-type":"","overlay-color":"","overlay-opacity":"","overlay-gradient":""},"mobile":{"background-color":"var(--ast-global-color-5)","background-image":"","background-repeat":"repeat","background-position":"center center","background-size":"auto","background-attachment":"scroll","background-type":"","background-media":"","overlay-type":"","overlay-color":"","overlay-opacity":"","overlay-gradient":""}},"footnotes":""},"class_list":["post-2367","page","type-page","status-publish","hentry"],"yoast_head":"<!-- This site is optimized with the Yoast SEO plugin v26.5 - https:\/\/yoast.com\/wordpress\/plugins\/seo\/ -->\n<title>Wishlist - Silver Jewelry | Elegant Accessories<\/title>\n<meta name=\"description\" content=\"Discover silver jewelry designed for elegance. Shop unique silver bracelets, rings, earrings, necklaces and more. Perfect gifts for every occasion. Free shipping on orders bigger than 95 euro.\" \/>\n<meta name=\"robots\" content=\"index, follow, max-snippet:-1, max-image-preview:large, max-video-preview:-1\" \/>\n<link rel=\"canonical\" href=\"https:\/\/reveurstore.com\/cs\/wishlist\/\" \/>\n<meta property=\"og:locale\" content=\"cs_CZ\" \/>\n<meta property=\"og:type\" content=\"article\" \/>\n<meta property=\"og:title\" content=\"Wishlist - Silver Jewelry | Elegant Accessories\" \/>\n<meta property=\"og:description\" content=\"Discover silver jewelry designed for elegance. Shop unique silver bracelets, rings, earrings, necklaces and more. Perfect gifts for every occasion. Free shipping on orders bigger than 95 euro.\" \/>\n<meta property=\"og:url\" content=\"https:\/\/reveurstore.com\/cs\/wishlist\/\" \/>\n<meta property=\"article:publisher\" content=\"https:\/\/www.facebook.com\/profile.php?id=61567260366294\" \/>\n<meta property=\"article:modified_time\" content=\"2024-12-31T17:33:56+00:00\" \/>\n<meta name=\"twitter:card\" content=\"summary_large_image\" \/>\n<script type=\"application\/ld+json\" class=\"yoast-schema-graph\">{\"@context\":\"https:\/\/schema.org\",\"@graph\":[{\"@type\":\"WebPage\",\"@id\":\"https:\/\/reveurstore.com\/wishlist\/\",\"url\":\"https:\/\/reveurstore.com\/wishlist\/\",\"name\":\"Wishlist - Silver Jewelry | Elegant Accessories\",\"isPartOf\":{\"@id\":\"https:\/\/reveurstore.com\/#website\"},\"datePublished\":\"2024-12-31T14:20:00+00:00\",\"dateModified\":\"2024-12-31T17:33:56+00:00\",\"description\":\"Discover silver jewelry designed for elegance. Shop unique silver bracelets, rings, earrings, necklaces and more. Perfect gifts for every occasion. Free shipping on orders bigger than 95 euro.\",\"breadcrumb\":{\"@id\":\"https:\/\/reveurstore.com\/wishlist\/#breadcrumb\"},\"inLanguage\":\"cs\",\"potentialAction\":[{\"@type\":\"ReadAction\",\"target\":[\"https:\/\/reveurstore.com\/wishlist\/\"]}]},{\"@type\":\"BreadcrumbList\",\"@id\":\"https:\/\/reveurstore.com\/wishlist\/#breadcrumb\",\"itemListElement\":[{\"@type\":\"ListItem\",\"position\":1,\"name\":\"Home\",\"item\":\"https:\/\/reveurstore.com\/\"},{\"@type\":\"ListItem\",\"position\":2,\"name\":\"Wishlist\"}]},{\"@type\":\"WebSite\",\"@id\":\"https:\/\/reveurstore.com\/#website\",\"url\":\"https:\/\/reveurstore.com\/\",\"name\":\"Reveurstore\",\"description\":\"\",\"publisher\":{\"@id\":\"https:\/\/reveurstore.com\/#\/schema\/person\/c8ba2d22bfffaf45b6141539c0afdbb0\"},\"potentialAction\":[{\"@type\":\"SearchAction\",\"target\":{\"@type\":\"EntryPoint\",\"urlTemplate\":\"https:\/\/reveurstore.com\/?s={search_term_string}\"},\"query-input\":{\"@type\":\"PropertyValueSpecification\",\"valueRequired\":true,\"valueName\":\"search_term_string\"}}],\"inLanguage\":\"cs\"},{\"@type\":[\"Person\",\"Organization\"],\"@id\":\"https:\/\/reveurstore.com\/#\/schema\/person\/c8ba2d22bfffaf45b6141539c0afdbb0\",\"name\":\"Alisa K\",\"image\":{\"@type\":\"ImageObject\",\"inLanguage\":\"cs\",\"@id\":\"https:\/\/reveurstore.com\/#\/schema\/person\/image\/\",\"url\":\"https:\/\/reveurstore.com\/wp-content\/uploads\/2024\/12\/cropped-462697602_1288532802510106_971032994706855632_n-1-e1735158106742-2.jpg\",\"contentUrl\":\"https:\/\/reveurstore.com\/wp-content\/uploads\/2024\/12\/cropped-462697602_1288532802510106_971032994706855632_n-1-e1735158106742-2.jpg\",\"width\":1500,\"height\":310,\"caption\":\"Alisa K\"},\"logo\":{\"@id\":\"https:\/\/reveurstore.com\/#\/schema\/person\/image\/\"},\"sameAs\":[\"http:\/\/reveurstore.com\",\"https:\/\/www.facebook.com\/profile.php?id=61567260366294\",\"https:\/\/www.instagram.com\/reveur_jewels\/\",\"https:\/\/www.pinterest.com\/reveur_jewels\/?invite_code=485f63a53eba4b16823725cc9560ccd1&sender=1095852659237439738\",\"www.youtube.com\/@ReveurJewels\"]}]}<\/script>\n<!-- \/ Yoast SEO plugin. -->","yoast_head_json":{"title":"Wishlist - Silver Jewelry | Elegant Accessories","description":"Objevte st\u0159\u00edbrn\u00e9 \u0161perky ur\u010den\u00e9 pro eleganci. Nakupujte jedine\u010dn\u00e9 st\u0159\u00edbrn\u00e9 n\u00e1ramky, prsteny, n\u00e1u\u0161nice, n\u00e1hrdeln\u00edky a dal\u0161\u00ed. Perfektn\u00ed d\u00e1rky pro ka\u017edou p\u0159\u00edle\u017eitost. Doprava zdarma u objedn\u00e1vek nad 95 eur.","robots":{"index":"index","follow":"follow","max-snippet":"max-snippet:-1","max-image-preview":"max-image-preview:large","max-video-preview":"max-video-preview:-1"},"canonical":"https:\/\/reveurstore.com\/cs\/wishlist\/","og_locale":"cs_CZ","og_type":"article","og_title":"Wishlist - Silver Jewelry | Elegant Accessories","og_description":"Discover silver jewelry designed for elegance. Shop unique silver bracelets, rings, earrings, necklaces and more. Perfect gifts for every occasion. Free shipping on orders bigger than 95 euro.","og_url":"https:\/\/reveurstore.com\/cs\/wishlist\/","article_publisher":"https:\/\/www.facebook.com\/profile.php?id=61567260366294","article_modified_time":"2024-12-31T17:33:56+00:00","twitter_card":"summary_large_image","schema":{"@context":"https:\/\/schema.org","@graph":[{"@type":"WebPage","@id":"https:\/\/reveurstore.com\/wishlist\/","url":"https:\/\/reveurstore.com\/wishlist\/","name":"Wishlist - Silver Jewelry | Elegant Accessories","isPartOf":{"@id":"https:\/\/reveurstore.com\/#website"},"datePublished":"2024-12-31T14:20:00+00:00","dateModified":"2024-12-31T17:33:56+00:00","description":"Objevte st\u0159\u00edbrn\u00e9 \u0161perky ur\u010den\u00e9 pro eleganci. Nakupujte jedine\u010dn\u00e9 st\u0159\u00edbrn\u00e9 n\u00e1ramky, prsteny, n\u00e1u\u0161nice, n\u00e1hrdeln\u00edky a dal\u0161\u00ed. Perfektn\u00ed d\u00e1rky pro ka\u017edou p\u0159\u00edle\u017eitost. Doprava zdarma u objedn\u00e1vek nad 95 eur.","breadcrumb":{"@id":"https:\/\/reveurstore.com\/wishlist\/#breadcrumb"},"inLanguage":"cs","potentialAction":[{"@type":"ReadAction","target":["https:\/\/reveurstore.com\/wishlist\/"]}]},{"@type":"BreadcrumbList","@id":"https:\/\/reveurstore.com\/wishlist\/#breadcrumb","itemListElement":[{"@type":"ListItem","position":1,"name":"Home","item":"https:\/\/reveurstore.com\/"},{"@type":"ListItem","position":2,"name":"Wishlist"}]},{"@type":"WebSite","@id":"https:\/\/reveurstore.com\/#website","url":"https:\/\/reveurstore.com\/","name":"Reveurstore","description":"","publisher":{"@id":"https:\/\/reveurstore.com\/#\/schema\/person\/c8ba2d22bfffaf45b6141539c0afdbb0"},"potentialAction":[{"@type":"SearchAction","target":{"@type":"EntryPoint","urlTemplate":"https:\/\/reveurstore.com\/?s={search_term_string}"},"query-input":{"@type":"PropertyValueSpecification","valueRequired":true,"valueName":"search_term_string"}}],"inLanguage":"cs"},{"@type":["Person","Organization"],"@id":"https:\/\/reveurstore.com\/#\/schema\/person\/c8ba2d22bfffaf45b6141539c0afdbb0","name":"Alisa K.","image":{"@type":"ImageObject","inLanguage":"cs","@id":"https:\/\/reveurstore.com\/#\/schema\/person\/image\/","url":"https:\/\/reveurstore.com\/wp-content\/uploads\/2024\/12\/cropped-462697602_1288532802510106_971032994706855632_n-1-e1735158106742-2.jpg","contentUrl":"https:\/\/reveurstore.com\/wp-content\/uploads\/2024\/12\/cropped-462697602_1288532802510106_971032994706855632_n-1-e1735158106742-2.jpg","width":1500,"height":310,"caption":"Alisa K"},"logo":{"@id":"https:\/\/reveurstore.com\/#\/schema\/person\/image\/"},"sameAs":["http:\/\/reveurstore.com","https:\/\/www.facebook.com\/profile.php?id=61567260366294","https:\/\/www.instagram.com\/reveur_jewels\/","https:\/\/www.pinterest.com\/reveur_jewels\/?invite_code=485f63a53eba4b16823725cc9560ccd1&sender=1095852659237439738","www.youtube.com\/@ReveurJewels"]}]}},"uagb_featured_image_src":{"full":false,"thumbnail":false,"medium":false,"medium_large":false,"large":false,"1536x1536":false,"2048x2048":false,"trp-custom-language-flag":false,"tp-image-grid":false,"woocommerce_thumbnail":false,"woocommerce_single":false,"woocommerce_gallery_thumbnail":false},"uagb_author_info":{"display_name":"Alisa K","author_link":"https:\/\/reveurstore.com\/cs\/author\/reveur-jewelsgmail-com\/"},"uagb_comment_info":0,"uagb_excerpt":null,"_links":{"self":[{"href":"https:\/\/reveurstore.com\/cs\/wp-json\/wp\/v2\/pages\/2367","targetHints":{"allow":["GET"]}}],"collection":[{"href":"https:\/\/reveurstore.com\/cs\/wp-json\/wp\/v2\/pages"}],"about":[{"href":"https:\/\/reveurstore.com\/cs\/wp-json\/wp\/v2\/types\/page"}],"author":[{"embeddable":true,"href":"https:\/\/reveurstore.com\/cs\/wp-json\/wp\/v2\/users\/1"}],"replies":[{"embeddable":true,"href":"https:\/\/reveurstore.com\/cs\/wp-json\/wp\/v2\/comments?post=2367"}],"version-history":[{"count":4,"href":"https:\/\/reveurstore.com\/cs\/wp-json\/wp\/v2\/pages\/2367\/revisions"}],"predecessor-version":[{"id":2431,"href":"https:\/\/reveurstore.com\/cs\/wp-json\/wp\/v2\/pages\/2367\/revisions\/2431"}],"wp:attachment":[{"href":"https:\/\/reveurstore.com\/cs\/wp-json\/wp\/v2\/media?parent=2367"}],"curies":[{"name":"wp","href":"https:\/\/api.w.org\/{rel}","templated":true}]}}