{"id":2757,"date":"2025-03-15T18:31:05","date_gmt":"2025-03-15T18:31:05","guid":{"rendered":"https:\/\/reveurstore.com\/?page_id=2757"},"modified":"2025-11-22T21:54:54","modified_gmt":"2025-11-22T21:54:54","slug":"2757-2","status":"publish","type":"page","link":"https:\/\/reveurstore.com\/cs\/2757-2\/","title":{"rendered":"Soubory cookie"},"content":{"rendered":"<div data-elementor-type=\"wp-page\" data-elementor-id=\"2757\" class=\"elementor elementor-2757\">\n\t\t\t\t<div class=\"elementor-element elementor-element-55d71d91 e-flex e-con-boxed e-con e-parent\" data-id=\"55d71d91\" data-element_type=\"container\" data-e-type=\"container\">\n\t\t\t\t\t<div class=\"e-con-inner\">\n\t\t\t\t<div class=\"elementor-element elementor-element-17097c88 elementor-widget elementor-widget-text-editor\" data-id=\"17097c88\" data-element_type=\"widget\" data-e-type=\"widget\" data-widget_type=\"text-editor.default\">\n\t\t\t\t<div class=\"elementor-widget-container\">\n\t\t\t\t\t\t\t\t\t\n<p><strong>Pou\u017e\u00edv\u00e1n\u00ed soubor\u016f cookie<\/strong><\/p>\n\n<p>Tyto z\u00e1sady pou\u017e\u00edv\u00e1n\u00ed soubor\u016f cookie vysv\u011btluj\u00ed, jak Reveurstore.com pou\u017e\u00edv\u00e1 soubory cookie na webov\u00fdch str\u00e1nk\u00e1ch <a>reveurstore.com<\/a>. Pou\u017e\u00edv\u00e1n\u00edm na\u0161ich webov\u00fdch str\u00e1nek souhlas\u00edte s pou\u017e\u00edv\u00e1n\u00edm soubor\u016f cookie v souladu s t\u011bmito z\u00e1sadami.<\/p>\n\n<h3 class=\"wp-block-heading\">1. Co jsou soubory cookie?<\/h3>\n\n<p>Soubory cookie jsou mal\u00e9 textov\u00e9 soubory ukl\u00e1dan\u00e9 do va\u0161eho za\u0159\u00edzen\u00ed p\u0159i n\u00e1v\u0161t\u011bv\u011b webov\u00fdch str\u00e1nek. Pom\u00e1haj\u00ed zlep\u0161it funk\u010dnost webov\u00fdch str\u00e1nek, analyzovat jejich pou\u017e\u00edv\u00e1n\u00ed a vylep\u0161it u\u017eivatelsk\u00fd z\u00e1\u017eitek. N\u011bkter\u00e9 soubory cookie jsou nezbytn\u00e9 pro spr\u00e1vn\u00e9 fungov\u00e1n\u00ed webov\u00fdch str\u00e1nek, zat\u00edmco jin\u00e9 poskytuj\u00ed analytick\u00e9 a marketingov\u00e9 informace.<\/p>\n\n<h3 class=\"wp-block-heading\">2. Typy soubor\u016f cookie, kter\u00e9 pou\u017e\u00edv\u00e1me<\/h3>\n\n<p>Na na\u0161ich webov\u00fdch str\u00e1nk\u00e1ch pou\u017e\u00edv\u00e1me n\u00e1sleduj\u00edc\u00ed typy soubor\u016f cookie:<\/p>\n\n<ul class=\"wp-block-list\">\n<li><strong>Z\u00e1kladn\u00ed soubory cookie:<\/strong>Nezbytn\u00e9 pro z\u00e1kladn\u00ed funkce webov\u00fdch str\u00e1nek, jako je bezpe\u010dn\u00e9 p\u0159ihl\u00e1\u0161en\u00ed a spr\u00e1va n\u00e1kupn\u00edho ko\u0161\u00edku.<\/li>\n\n<li><strong>Analytick\u00e9 soubory cookie:<\/strong>Pom\u00e1haj\u00ed n\u00e1m pochopit, jak n\u00e1v\u0161t\u011bvn\u00edci interaguj\u00ed s na\u0161imi webov\u00fdmi str\u00e1nkami (nap\u0159. Google Analytics).<\/li>\n\n<li><strong>Marketingov\u00e9 soubory cookie:<\/strong>Pou\u017e\u00edvaj\u00ed se k personalizaci reklam a sledov\u00e1n\u00ed chov\u00e1n\u00ed u\u017eivatel\u016f na webov\u00fdch str\u00e1nk\u00e1ch.<\/li>\n\n<li><strong>Funk\u010dn\u00ed soubory cookie:<\/strong>Vylep\u0161ete u\u017eivatelsk\u00fd z\u00e1\u017eitek zapamatov\u00e1n\u00edm si preferenc\u00ed (nap\u0159. nastaven\u00ed jazyka).<\/li>\n\n<li><strong>Soubory cookie t\u0159et\u00edch stran:<\/strong>Nastaveno extern\u00edmi slu\u017ebami (nap\u0159. pluginy soci\u00e1ln\u00edch m\u00e9di\u00ed, platebn\u00ed br\u00e1ny).<\/li>\n<\/ul>\n\n<h3 class=\"wp-block-heading\">3. Jak spravovat soubory cookie<\/h3>\n\n<p>Soubory cookie m\u016f\u017eete ovl\u00e1dat nebo zak\u00e1zat v nastaven\u00ed prohl\u00ed\u017ee\u010de. Zak\u00e1z\u00e1n\u00ed nezbytn\u00fdch soubor\u016f cookie v\u0161ak m\u016f\u017ee ovlivnit funk\u010dnost na\u0161ich webov\u00fdch str\u00e1nek. Chcete-li spravovat soubory cookie, postupujte podle pokyn\u016f ve va\u0161em prohl\u00ed\u017ee\u010di.<\/p>\n\n<ul class=\"wp-block-list\"><\/ul>\n<h3 class=\"wp-block-heading\">4. Aktualizace t\u011bchto z\u00e1sad<\/h3>\n\n<p>Tyto Z\u00e1sady pou\u017e\u00edv\u00e1n\u00ed soubor\u016f cookie m\u016f\u017eeme \u010das od \u010dasu aktualizovat, aby odr\u00e1\u017eely zm\u011bny v na\u0161ich postupech nebo pr\u00e1vn\u00edch po\u017eadavc\u00edch. Ve\u0161ker\u00e9 aktualizace budou zve\u0159ejn\u011bny na t\u00e9to str\u00e1nce s upraven\u00fdm datem \u00fa\u010dinnosti.<\/p>\n\n<h3 class=\"wp-block-heading\">5. Kontaktujte n\u00e1s<\/h3>\n\n<p>M\u00e1te-li jak\u00e9koli dotazy ohledn\u011b na\u0161ich Z\u00e1sad pou\u017e\u00edv\u00e1n\u00ed soubor\u016f cookie, kontaktujte n\u00e1s pros\u00edm na adrese: reveur.jewels@gmail.com<\/p>\n\n<p>Pokra\u010dov\u00e1n\u00edm v pou\u017e\u00edv\u00e1n\u00ed na\u0161ich webov\u00fdch str\u00e1nek souhlas\u00edte s pou\u017e\u00edv\u00e1n\u00edm soubor\u016f cookie, jak je pops\u00e1no v t\u011bchto z\u00e1sad\u00e1ch.<\/p>\n\n<p>\u00a0<\/p>\n\t\t\t\t\t\t\t\t<\/div>\n\t\t\t\t<\/div>\n\t\t\t\t\t<\/div>\n\t\t\t\t<\/div>\n\t\t\t\t<\/div>","protected":false},"excerpt":{"rendered":"<p>Cookie Policy This Cookie Policy explains how Reveurstore.com uses cookies on the website reveurstore.com. By using our Website, you consent to the use of cookies in accordance with this policy. 1. What Are Cookies? Cookies are small text files stored on your device when you visit a website. They help improve website functionality, analyze usage, [&hellip;]<\/p>","protected":false},"author":1,"featured_media":0,"parent":0,"menu_order":0,"comment_status":"closed","ping_status":"closed","template":"","meta":{"_uag_custom_page_level_css":"","site-sidebar-layout":"default","site-content-layout":"","ast-site-content-layout":"default","site-content-style":"default","site-sidebar-style":"default","ast-global-header-display":"","ast-banner-title-visibility":"","ast-main-header-display":"","ast-hfb-above-header-display":"","ast-hfb-below-header-display":"","ast-hfb-mobile-header-display":"","site-post-title":"","ast-breadcrumbs-content":"","ast-featured-img":"","footer-sml-layout":"","theme-transparent-header-meta":"","adv-header-id-meta":"","stick-header-meta":"","header-above-stick-meta":"","header-main-stick-meta":"","header-below-stick-meta":"","astra-migrate-meta-layouts":"default","ast-page-background-enabled":"default","ast-page-background-meta":{"desktop":{"background-color":"var(--ast-global-color-4)","background-image":"","background-repeat":"repeat","background-position":"center center","background-size":"auto","background-attachment":"scroll","background-type":"","background-media":"","overlay-type":"","overlay-color":"","overlay-opacity":"","overlay-gradient":""},"tablet":{"background-color":"","background-image":"","background-repeat":"repeat","background-position":"center center","background-size":"auto","background-attachment":"scroll","background-type":"","background-media":"","overlay-type":"","overlay-color":"","overlay-opacity":"","overlay-gradient":""},"mobile":{"background-color":"","background-image":"","background-repeat":"repeat","background-position":"center center","background-size":"auto","background-attachment":"scroll","background-type":"","background-media":"","overlay-type":"","overlay-color":"","overlay-opacity":"","overlay-gradient":""}},"ast-content-background-meta":{"desktop":{"background-color":"var(--ast-global-color-5)","background-image":"","background-repeat":"repeat","background-position":"center center","background-size":"auto","background-attachment":"scroll","background-type":"","background-media":"","overlay-type":"","overlay-color":"","overlay-opacity":"","overlay-gradient":""},"tablet":{"background-color":"var(--ast-global-color-5)","background-image":"","background-repeat":"repeat","background-position":"center center","background-size":"auto","background-attachment":"scroll","background-type":"","background-media":"","overlay-type":"","overlay-color":"","overlay-opacity":"","overlay-gradient":""},"mobile":{"background-color":"var(--ast-global-color-5)","background-image":"","background-repeat":"repeat","background-position":"center center","background-size":"auto","background-attachment":"scroll","background-type":"","background-media":"","overlay-type":"","overlay-color":"","overlay-opacity":"","overlay-gradient":""}},"footnotes":""},"class_list":["post-2757","page","type-page","status-publish","hentry"],"yoast_head":"<!-- This site is optimized with the Yoast SEO plugin v26.5 - https:\/\/yoast.com\/wordpress\/plugins\/seo\/ -->\n<title>Cookies - Silver Jewelry | Elegant Accessories<\/title>\n<meta name=\"description\" content=\"Discover silver jewelry designed for elegance. Shop unique silver bracelets, rings, earrings, necklaces and more. Perfect gifts for every occasion. Free shipping on orders bigger than 95 euro.\" \/>\n<meta name=\"robots\" content=\"index, follow, max-snippet:-1, max-image-preview:large, max-video-preview:-1\" \/>\n<link rel=\"canonical\" href=\"https:\/\/reveurstore.com\/cs\/2757-2\/\" \/>\n<meta property=\"og:locale\" content=\"cs_CZ\" \/>\n<meta property=\"og:type\" content=\"article\" \/>\n<meta property=\"og:title\" content=\"Cookies - Silver Jewelry | Elegant Accessories\" \/>\n<meta property=\"og:description\" content=\"Discover silver jewelry designed for elegance. Shop unique silver bracelets, rings, earrings, necklaces and more. Perfect gifts for every occasion. Free shipping on orders bigger than 95 euro.\" \/>\n<meta property=\"og:url\" content=\"https:\/\/reveurstore.com\/cs\/2757-2\/\" \/>\n<meta property=\"article:publisher\" content=\"https:\/\/www.facebook.com\/profile.php?id=61567260366294\" \/>\n<meta property=\"article:modified_time\" content=\"2025-11-22T21:54:54+00:00\" \/>\n<meta name=\"twitter:card\" content=\"summary_large_image\" \/>\n<meta name=\"twitter:label1\" content=\"Odhadovan\u00e1 doba \u010dten\u00ed\" \/>\n\t<meta name=\"twitter:data1\" content=\"2 minuty\" \/>\n<script type=\"application\/ld+json\" class=\"yoast-schema-graph\">{\"@context\":\"https:\/\/schema.org\",\"@graph\":[{\"@type\":\"WebPage\",\"@id\":\"https:\/\/reveurstore.com\/2757-2\/\",\"url\":\"https:\/\/reveurstore.com\/2757-2\/\",\"name\":\"Cookies - Silver Jewelry | Elegant Accessories\",\"isPartOf\":{\"@id\":\"https:\/\/reveurstore.com\/#website\"},\"datePublished\":\"2025-03-15T18:31:05+00:00\",\"dateModified\":\"2025-11-22T21:54:54+00:00\",\"description\":\"Discover silver jewelry designed for elegance. Shop unique silver bracelets, rings, earrings, necklaces and more. Perfect gifts for every occasion. Free shipping on orders bigger than 95 euro.\",\"breadcrumb\":{\"@id\":\"https:\/\/reveurstore.com\/2757-2\/#breadcrumb\"},\"inLanguage\":\"cs\",\"potentialAction\":[{\"@type\":\"ReadAction\",\"target\":[\"https:\/\/reveurstore.com\/2757-2\/\"]}]},{\"@type\":\"BreadcrumbList\",\"@id\":\"https:\/\/reveurstore.com\/2757-2\/#breadcrumb\",\"itemListElement\":[{\"@type\":\"ListItem\",\"position\":1,\"name\":\"Home\",\"item\":\"https:\/\/reveurstore.com\/\"},{\"@type\":\"ListItem\",\"position\":2,\"name\":\"Cookies\"}]},{\"@type\":\"WebSite\",\"@id\":\"https:\/\/reveurstore.com\/#website\",\"url\":\"https:\/\/reveurstore.com\/\",\"name\":\"Reveurstore\",\"description\":\"\",\"publisher\":{\"@id\":\"https:\/\/reveurstore.com\/#\/schema\/person\/c8ba2d22bfffaf45b6141539c0afdbb0\"},\"potentialAction\":[{\"@type\":\"SearchAction\",\"target\":{\"@type\":\"EntryPoint\",\"urlTemplate\":\"https:\/\/reveurstore.com\/?s={search_term_string}\"},\"query-input\":{\"@type\":\"PropertyValueSpecification\",\"valueRequired\":true,\"valueName\":\"search_term_string\"}}],\"inLanguage\":\"cs\"},{\"@type\":[\"Person\",\"Organization\"],\"@id\":\"https:\/\/reveurstore.com\/#\/schema\/person\/c8ba2d22bfffaf45b6141539c0afdbb0\",\"name\":\"Alisa K\",\"image\":{\"@type\":\"ImageObject\",\"inLanguage\":\"cs\",\"@id\":\"https:\/\/reveurstore.com\/#\/schema\/person\/image\/\",\"url\":\"https:\/\/reveurstore.com\/wp-content\/uploads\/2024\/12\/cropped-462697602_1288532802510106_971032994706855632_n-1-e1735158106742-2.jpg\",\"contentUrl\":\"https:\/\/reveurstore.com\/wp-content\/uploads\/2024\/12\/cropped-462697602_1288532802510106_971032994706855632_n-1-e1735158106742-2.jpg\",\"width\":1500,\"height\":310,\"caption\":\"Alisa K\"},\"logo\":{\"@id\":\"https:\/\/reveurstore.com\/#\/schema\/person\/image\/\"},\"sameAs\":[\"http:\/\/reveurstore.com\",\"https:\/\/www.facebook.com\/profile.php?id=61567260366294\",\"https:\/\/www.instagram.com\/reveur_jewels\/\",\"https:\/\/www.pinterest.com\/reveur_jewels\/?invite_code=485f63a53eba4b16823725cc9560ccd1&sender=1095852659237439738\",\"www.youtube.com\/@ReveurJewels\"]}]}<\/script>\n<!-- \/ Yoast SEO plugin. -->","yoast_head_json":{"title":"Cookies - Silver Jewelry | Elegant Accessories","description":"Objevte st\u0159\u00edbrn\u00e9 \u0161perky ur\u010den\u00e9 pro eleganci. Nakupujte jedine\u010dn\u00e9 st\u0159\u00edbrn\u00e9 n\u00e1ramky, prsteny, n\u00e1u\u0161nice, n\u00e1hrdeln\u00edky a dal\u0161\u00ed. Perfektn\u00ed d\u00e1rky pro ka\u017edou p\u0159\u00edle\u017eitost. Doprava zdarma u objedn\u00e1vek nad 95 eur.","robots":{"index":"index","follow":"follow","max-snippet":"max-snippet:-1","max-image-preview":"max-image-preview:large","max-video-preview":"max-video-preview:-1"},"canonical":"https:\/\/reveurstore.com\/cs\/2757-2\/","og_locale":"cs_CZ","og_type":"article","og_title":"Cookies - Silver Jewelry | Elegant Accessories","og_description":"Discover silver jewelry designed for elegance. Shop unique silver bracelets, rings, earrings, necklaces and more. Perfect gifts for every occasion. Free shipping on orders bigger than 95 euro.","og_url":"https:\/\/reveurstore.com\/cs\/2757-2\/","article_publisher":"https:\/\/www.facebook.com\/profile.php?id=61567260366294","article_modified_time":"2025-11-22T21:54:54+00:00","twitter_card":"summary_large_image","twitter_misc":{"Odhadovan\u00e1 doba \u010dten\u00ed":"2 minuty"},"schema":{"@context":"https:\/\/schema.org","@graph":[{"@type":"WebPage","@id":"https:\/\/reveurstore.com\/2757-2\/","url":"https:\/\/reveurstore.com\/2757-2\/","name":"Cookies - Silver Jewelry | Elegant Accessories","isPartOf":{"@id":"https:\/\/reveurstore.com\/#website"},"datePublished":"2025-03-15T18:31:05+00:00","dateModified":"2025-11-22T21:54:54+00:00","description":"Objevte st\u0159\u00edbrn\u00e9 \u0161perky ur\u010den\u00e9 pro eleganci. Nakupujte jedine\u010dn\u00e9 st\u0159\u00edbrn\u00e9 n\u00e1ramky, prsteny, n\u00e1u\u0161nice, n\u00e1hrdeln\u00edky a dal\u0161\u00ed. Perfektn\u00ed d\u00e1rky pro ka\u017edou p\u0159\u00edle\u017eitost. Doprava zdarma u objedn\u00e1vek nad 95 eur.","breadcrumb":{"@id":"https:\/\/reveurstore.com\/2757-2\/#breadcrumb"},"inLanguage":"cs","potentialAction":[{"@type":"ReadAction","target":["https:\/\/reveurstore.com\/2757-2\/"]}]},{"@type":"BreadcrumbList","@id":"https:\/\/reveurstore.com\/2757-2\/#breadcrumb","itemListElement":[{"@type":"ListItem","position":1,"name":"Home","item":"https:\/\/reveurstore.com\/"},{"@type":"ListItem","position":2,"name":"Cookies"}]},{"@type":"WebSite","@id":"https:\/\/reveurstore.com\/#website","url":"https:\/\/reveurstore.com\/","name":"Reveurstore","description":"","publisher":{"@id":"https:\/\/reveurstore.com\/#\/schema\/person\/c8ba2d22bfffaf45b6141539c0afdbb0"},"potentialAction":[{"@type":"SearchAction","target":{"@type":"EntryPoint","urlTemplate":"https:\/\/reveurstore.com\/?s={search_term_string}"},"query-input":{"@type":"PropertyValueSpecification","valueRequired":true,"valueName":"search_term_string"}}],"inLanguage":"cs"},{"@type":["Person","Organization"],"@id":"https:\/\/reveurstore.com\/#\/schema\/person\/c8ba2d22bfffaf45b6141539c0afdbb0","name":"Alisa K.","image":{"@type":"ImageObject","inLanguage":"cs","@id":"https:\/\/reveurstore.com\/#\/schema\/person\/image\/","url":"https:\/\/reveurstore.com\/wp-content\/uploads\/2024\/12\/cropped-462697602_1288532802510106_971032994706855632_n-1-e1735158106742-2.jpg","contentUrl":"https:\/\/reveurstore.com\/wp-content\/uploads\/2024\/12\/cropped-462697602_1288532802510106_971032994706855632_n-1-e1735158106742-2.jpg","width":1500,"height":310,"caption":"Alisa K"},"logo":{"@id":"https:\/\/reveurstore.com\/#\/schema\/person\/image\/"},"sameAs":["http:\/\/reveurstore.com","https:\/\/www.facebook.com\/profile.php?id=61567260366294","https:\/\/www.instagram.com\/reveur_jewels\/","https:\/\/www.pinterest.com\/reveur_jewels\/?invite_code=485f63a53eba4b16823725cc9560ccd1&sender=1095852659237439738","www.youtube.com\/@ReveurJewels"]}]}},"uagb_featured_image_src":{"full":false,"thumbnail":false,"medium":false,"medium_large":false,"large":false,"1536x1536":false,"2048x2048":false,"trp-custom-language-flag":false,"tp-image-grid":false,"woocommerce_thumbnail":false,"woocommerce_single":false,"woocommerce_gallery_thumbnail":false},"uagb_author_info":{"display_name":"Alisa K","author_link":"https:\/\/reveurstore.com\/cs\/author\/reveur-jewelsgmail-com\/"},"uagb_comment_info":0,"uagb_excerpt":"Cookie Policy This Cookie Policy explains how Reveurstore.com uses cookies on the website reveurstore.com. By using our Website, you consent to the use of cookies in accordance with this policy. 1. What Are Cookies? Cookies are small text files stored on your device when you visit a website. They help improve website functionality, analyze usage,&hellip;","_links":{"self":[{"href":"https:\/\/reveurstore.com\/cs\/wp-json\/wp\/v2\/pages\/2757","targetHints":{"allow":["GET"]}}],"collection":[{"href":"https:\/\/reveurstore.com\/cs\/wp-json\/wp\/v2\/pages"}],"about":[{"href":"https:\/\/reveurstore.com\/cs\/wp-json\/wp\/v2\/types\/page"}],"author":[{"embeddable":true,"href":"https:\/\/reveurstore.com\/cs\/wp-json\/wp\/v2\/users\/1"}],"replies":[{"embeddable":true,"href":"https:\/\/reveurstore.com\/cs\/wp-json\/wp\/v2\/comments?post=2757"}],"version-history":[{"count":14,"href":"https:\/\/reveurstore.com\/cs\/wp-json\/wp\/v2\/pages\/2757\/revisions"}],"predecessor-version":[{"id":4212,"href":"https:\/\/reveurstore.com\/cs\/wp-json\/wp\/v2\/pages\/2757\/revisions\/4212"}],"wp:attachment":[{"href":"https:\/\/reveurstore.com\/cs\/wp-json\/wp\/v2\/media?parent=2757"}],"curies":[{"name":"wp","href":"https:\/\/api.w.org\/{rel}","templated":true}]}}