{"id":3,"date":"2024-12-21T19:07:17","date_gmt":"2024-12-21T19:07:17","guid":{"rendered":"http:\/\/reveurstore.com\/?page_id=3"},"modified":"2025-11-22T15:43:39","modified_gmt":"2025-11-22T15:43:39","slug":"privacy-policy","status":"publish","type":"page","link":"https:\/\/reveurstore.com\/cs\/privacy-policy\/","title":{"rendered":"Ochrana osobn\u00edch \u00fadaj\u016f"},"content":{"rendered":"<div data-elementor-type=\"wp-page\" data-elementor-id=\"3\" class=\"elementor elementor-3\">\n\t\t\t\t<div class=\"elementor-element elementor-element-627b05f4 e-flex e-con-boxed e-con e-parent\" data-id=\"627b05f4\" data-element_type=\"container\" data-e-type=\"container\">\n\t\t\t\t\t<div class=\"e-con-inner\">\n\t\t\t\t<div class=\"elementor-element elementor-element-40ca6e62 elementor-widget elementor-widget-text-editor\" data-id=\"40ca6e62\" data-element_type=\"widget\" data-e-type=\"widget\" data-widget_type=\"text-editor.default\">\n\t\t\t\t<div class=\"elementor-widget-container\">\n\t\t\t\t\t\t\t\t\t<p>Va\u0161e soukrom\u00ed je pro n\u00e1s d\u016fle\u017eit\u00e9. Tyto z\u00e1sady ochrany osobn\u00edch \u00fadaj\u016f vysv\u011btluj\u00ed, jak\u00e9 informace shroma\u017e\u010fujeme, jak je zpracov\u00e1v\u00e1me a jak je chr\u00e1n\u00edme.<\/p><p><strong>Spr\u00e1vce \u00fadaj\u016f<\/strong><\/p><p>Spr\u00e1vcem \u00fadaj\u016f je Alisa Kulov\u00e1 (I\u010cO 21373272), s\u00eddlo Holeckova 180\/111, Praha, email: reveur.jewels@gmail.com, telefon: +420 739822718<\/p><p><strong>Jak\u00e9 \u00fadaje shroma\u017e\u010fujeme<\/strong><\/p><p><strong>Kontaktn\u00ed formul\u00e1\u0159:<\/strong> Jm\u00e9no, e-mailov\u00e1 adresa, telefonn\u00ed \u010d\u00edslo a p\u0159\u00edpadn\u011b dal\u0161\u00ed \u00fadaje, kter\u00e9 uvedete ve zpr\u00e1v\u011b.<\/p><p><strong>Bulletin:<\/strong> e-mailov\u00e1 adresa<\/p><p><strong>\u00da\u010del zpracov\u00e1n\u00ed osobn\u00edch \u00fadaj\u016f<\/strong><\/p><ul><li>Abychom v\u00e1m mohli poskytnout odpov\u011bdi na va\u0161e dotazy prost\u0159ednictv\u00edm kontaktn\u00edho formul\u00e1\u0159e.<\/li><li>Zas\u00edl\u00e1n\u00ed informativn\u00edch e-mail\u016f a newsletter\u016f na z\u00e1klad\u011b va\u0161eho souhlasu.<\/li><\/ul><p><strong>Pr\u00e1vn\u00ed z\u00e1klad pro zpracov\u00e1n\u00ed<\/strong><\/p><p>Va\u0161e osobn\u00ed \u00fadaje zpracov\u00e1v\u00e1me pouze na z\u00e1klad\u011b:<\/p><ul><li>Souhlas se zpracov\u00e1n\u00edm osobn\u00edch \u00fadaj\u016f (pro \u00fa\u010dely newsletteru).<\/li><li>Opr\u00e1vn\u011bn\u00fd z\u00e1jem (pro zpracov\u00e1n\u00ed dotaz\u016f z kontaktn\u00edho formul\u00e1\u0159e).<\/li><\/ul><p><strong>Doba uchov\u00e1v\u00e1n\u00ed \u00fadaj\u016f<\/strong><\/p><ul><li>\u00dadaje z kontaktn\u00edho formul\u00e1\u0159e uchov\u00e1v\u00e1me po dobu nezbytn\u011b nutnou ke zpracov\u00e1n\u00ed va\u0161\u00ed popt\u00e1vky.<\/li><li>Va\u0161i e-mailovou adresu m\u016f\u017eeme n\u00e1sledn\u011b pou\u017e\u00edt k zas\u00edl\u00e1n\u00ed novinek a informac\u00ed o na\u0161ich aktivit\u00e1ch, pokud jste ji poskytli prost\u0159ednictv\u00edm kontaktn\u00edho formul\u00e1\u0159e. Pokud si nep\u0159ejete tyto informace dost\u00e1vat, m\u016f\u017eete se kdykoli odhl\u00e1sit pomoc\u00ed odkazu uveden\u00e9ho v ka\u017ed\u00e9m e-mailu.<\/li><\/ul><p><strong>Pr\u00e1vn\u00ed z\u00e1klad pro zpracov\u00e1n\u00ed osobn\u00edch \u00fadaj\u016f<\/strong><\/p><p>\u00dadaje zpracov\u00e1v\u00e1me na z\u00e1klad\u011b opr\u00e1vn\u011bn\u00e9ho z\u00e1jmu (za \u00fa\u010delem vy\u0159izov\u00e1n\u00ed dotaz\u016f a zas\u00edl\u00e1n\u00ed relevantn\u00edch informac\u00ed o na\u0161ich aktivit\u00e1ch).<\/p><p><strong>Va\u0161e pr\u00e1va<\/strong><br \/>M\u00e1te pr\u00e1vo:<\/p><ul><li>Pro p\u0159\u00edstup k va\u0161im osobn\u00edm \u00fadaj\u016fm.<\/li><li>Opravit nebo smazat va\u0161e osobn\u00ed \u00fadaje.<\/li><li>Omezit zpracov\u00e1n\u00ed.<\/li><li>Chcete-li se odhl\u00e1sit z odb\u011bru newsletteru, klikn\u011bte na odkaz \u201cOdhl\u00e1sit se\u201d v jak\u00e9mkoli e-mailu, kter\u00fd v\u00e1m bude zasl\u00e1n.<\/li><\/ul><p><strong>P\u0159ed\u00e1v\u00e1n\u00ed \u00fadaj\u016f t\u0159et\u00edm stran\u00e1m<\/strong><\/p><p>Va\u0161e osobn\u00ed \u00fadaje nep\u0159ed\u00e1v\u00e1me t\u0159et\u00edm stran\u00e1m, s v\u00fdjimkou p\u0159\u00edpad\u016f, kdy to vy\u017eaduje z\u00e1kon.<\/p><p><strong>Zabezpe\u010den\u00ed dat<\/strong><\/p><p>Osobn\u00ed \u00fadaje jsou chr\u00e1n\u011bny technick\u00fdmi a organiza\u010dn\u00edmi opat\u0159en\u00edmi p\u0159ed neopr\u00e1vn\u011bn\u00fdm p\u0159\u00edstupem, ztr\u00e1tou nebo zneu\u017eit\u00edm.<\/p><p><strong>Soubory cookie<\/strong><\/p><p>Va\u0161e webov\u00e9 str\u00e1nky mohou pou\u017e\u00edvat soubory cookie ke zlep\u0161en\u00ed u\u017eivatelsk\u00e9ho prost\u0159ed\u00ed. V\u00edce informac\u00ed naleznete na na\u0161ich <a href=\"https:\/\/reveurstore.com\/cs\/2757-2\/\"><strong>Pou\u017e\u00edv\u00e1n\u00ed soubor\u016f cookie<\/strong><\/a>.<\/p>\t\t\t\t\t\t\t\t<\/div>\n\t\t\t\t<\/div>\n\t\t\t\t\t<\/div>\n\t\t\t\t<\/div>\n\t\t\t\t<\/div>","protected":false},"excerpt":{"rendered":"<p>Your privacy is important to us. This privacy policy explains what information we collect, how we process it and how we protect it. Data Controller The data controller is Alisa Kulova (ID 21373272), registered office Holeckova 180\/111, Prague, email: reveur.jewels@gmail.com, telephone: +420 739822718 What data we collect Contact form: Name, email address, telephone number and, [&hellip;]<\/p>","protected":false},"author":1,"featured_media":0,"parent":0,"menu_order":0,"comment_status":"closed","ping_status":"open","template":"","meta":{"_uag_custom_page_level_css":"","site-sidebar-layout":"default","site-content-layout":"","ast-site-content-layout":"default","site-content-style":"default","site-sidebar-style":"default","ast-global-header-display":"","ast-banner-title-visibility":"","ast-main-header-display":"","ast-hfb-above-header-display":"","ast-hfb-below-header-display":"","ast-hfb-mobile-header-display":"","site-post-title":"","ast-breadcrumbs-content":"","ast-featured-img":"","footer-sml-layout":"","theme-transparent-header-meta":"","adv-header-id-meta":"","stick-header-meta":"","header-above-stick-meta":"","header-main-stick-meta":"","header-below-stick-meta":"","astra-migrate-meta-layouts":"default","ast-page-background-enabled":"default","ast-page-background-meta":{"desktop":{"background-color":"var(--ast-global-color-4)","background-image":"","background-repeat":"repeat","background-position":"center center","background-size":"auto","background-attachment":"scroll","background-type":"","background-media":"","overlay-type":"","overlay-color":"","overlay-opacity":"","overlay-gradient":""},"tablet":{"background-color":"","background-image":"","background-repeat":"repeat","background-position":"center center","background-size":"auto","background-attachment":"scroll","background-type":"","background-media":"","overlay-type":"","overlay-color":"","overlay-opacity":"","overlay-gradient":""},"mobile":{"background-color":"","background-image":"","background-repeat":"repeat","background-position":"center center","background-size":"auto","background-attachment":"scroll","background-type":"","background-media":"","overlay-type":"","overlay-color":"","overlay-opacity":"","overlay-gradient":""}},"ast-content-background-meta":{"desktop":{"background-color":"var(--ast-global-color-5)","background-image":"","background-repeat":"repeat","background-position":"center center","background-size":"auto","background-attachment":"scroll","background-type":"","background-media":"","overlay-type":"","overlay-color":"","overlay-opacity":"","overlay-gradient":""},"tablet":{"background-color":"var(--ast-global-color-5)","background-image":"","background-repeat":"repeat","background-position":"center center","background-size":"auto","background-attachment":"scroll","background-type":"","background-media":"","overlay-type":"","overlay-color":"","overlay-opacity":"","overlay-gradient":""},"mobile":{"background-color":"var(--ast-global-color-5)","background-image":"","background-repeat":"repeat","background-position":"center center","background-size":"auto","background-attachment":"scroll","background-type":"","background-media":"","overlay-type":"","overlay-color":"","overlay-opacity":"","overlay-gradient":""}},"footnotes":""},"class_list":["post-3","page","type-page","status-publish","hentry"],"yoast_head":"<!-- This site is optimized with the Yoast SEO plugin v26.5 - https:\/\/yoast.com\/wordpress\/plugins\/seo\/ -->\n<title>Privacy Policy - Silver Jewelry | Elegant Accessories<\/title>\n<meta name=\"description\" content=\"Discover silver jewelry designed for elegance. Shop unique silver bracelets, rings, earrings, necklaces and more. Perfect gifts for every occasion. Free shipping on orders bigger than 95 euro.\" \/>\n<meta name=\"robots\" content=\"index, follow, max-snippet:-1, max-image-preview:large, max-video-preview:-1\" \/>\n<link rel=\"canonical\" href=\"https:\/\/reveurstore.com\/cs\/privacy-policy\/\" \/>\n<meta property=\"og:locale\" content=\"cs_CZ\" \/>\n<meta property=\"og:type\" content=\"article\" \/>\n<meta property=\"og:title\" content=\"Privacy Policy - Silver Jewelry | Elegant Accessories\" \/>\n<meta property=\"og:description\" content=\"Discover silver jewelry designed for elegance. Shop unique silver bracelets, rings, earrings, necklaces and more. Perfect gifts for every occasion. Free shipping on orders bigger than 95 euro.\" \/>\n<meta property=\"og:url\" content=\"https:\/\/reveurstore.com\/cs\/privacy-policy\/\" \/>\n<meta property=\"article:publisher\" content=\"https:\/\/www.facebook.com\/profile.php?id=61567260366294\" \/>\n<meta property=\"article:modified_time\" content=\"2025-11-22T15:43:39+00:00\" \/>\n<meta name=\"twitter:card\" content=\"summary_large_image\" \/>\n<meta name=\"twitter:label1\" content=\"Odhadovan\u00e1 doba \u010dten\u00ed\" \/>\n\t<meta name=\"twitter:data1\" content=\"2 minuty\" \/>\n<script type=\"application\/ld+json\" class=\"yoast-schema-graph\">{\"@context\":\"https:\/\/schema.org\",\"@graph\":[{\"@type\":\"WebPage\",\"@id\":\"https:\/\/reveurstore.com\/privacy-policy\/\",\"url\":\"https:\/\/reveurstore.com\/privacy-policy\/\",\"name\":\"Privacy Policy - Silver Jewelry | Elegant Accessories\",\"isPartOf\":{\"@id\":\"https:\/\/reveurstore.com\/#website\"},\"datePublished\":\"2024-12-21T19:07:17+00:00\",\"dateModified\":\"2025-11-22T15:43:39+00:00\",\"description\":\"Discover silver jewelry designed for elegance. Shop unique silver bracelets, rings, earrings, necklaces and more. Perfect gifts for every occasion. Free shipping on orders bigger than 95 euro.\",\"breadcrumb\":{\"@id\":\"https:\/\/reveurstore.com\/privacy-policy\/#breadcrumb\"},\"inLanguage\":\"cs\",\"potentialAction\":[{\"@type\":\"ReadAction\",\"target\":[\"https:\/\/reveurstore.com\/privacy-policy\/\"]}]},{\"@type\":\"BreadcrumbList\",\"@id\":\"https:\/\/reveurstore.com\/privacy-policy\/#breadcrumb\",\"itemListElement\":[{\"@type\":\"ListItem\",\"position\":1,\"name\":\"Home\",\"item\":\"https:\/\/reveurstore.com\/\"},{\"@type\":\"ListItem\",\"position\":2,\"name\":\"Privacy Policy\"}]},{\"@type\":\"WebSite\",\"@id\":\"https:\/\/reveurstore.com\/#website\",\"url\":\"https:\/\/reveurstore.com\/\",\"name\":\"Reveurstore\",\"description\":\"\",\"publisher\":{\"@id\":\"https:\/\/reveurstore.com\/#\/schema\/person\/c8ba2d22bfffaf45b6141539c0afdbb0\"},\"potentialAction\":[{\"@type\":\"SearchAction\",\"target\":{\"@type\":\"EntryPoint\",\"urlTemplate\":\"https:\/\/reveurstore.com\/?s={search_term_string}\"},\"query-input\":{\"@type\":\"PropertyValueSpecification\",\"valueRequired\":true,\"valueName\":\"search_term_string\"}}],\"inLanguage\":\"cs\"},{\"@type\":[\"Person\",\"Organization\"],\"@id\":\"https:\/\/reveurstore.com\/#\/schema\/person\/c8ba2d22bfffaf45b6141539c0afdbb0\",\"name\":\"Alisa K\",\"image\":{\"@type\":\"ImageObject\",\"inLanguage\":\"cs\",\"@id\":\"https:\/\/reveurstore.com\/#\/schema\/person\/image\/\",\"url\":\"https:\/\/reveurstore.com\/wp-content\/uploads\/2024\/12\/cropped-462697602_1288532802510106_971032994706855632_n-1-e1735158106742-2.jpg\",\"contentUrl\":\"https:\/\/reveurstore.com\/wp-content\/uploads\/2024\/12\/cropped-462697602_1288532802510106_971032994706855632_n-1-e1735158106742-2.jpg\",\"width\":1500,\"height\":310,\"caption\":\"Alisa K\"},\"logo\":{\"@id\":\"https:\/\/reveurstore.com\/#\/schema\/person\/image\/\"},\"sameAs\":[\"http:\/\/reveurstore.com\",\"https:\/\/www.facebook.com\/profile.php?id=61567260366294\",\"https:\/\/www.instagram.com\/reveur_jewels\/\",\"https:\/\/www.pinterest.com\/reveur_jewels\/?invite_code=485f63a53eba4b16823725cc9560ccd1&sender=1095852659237439738\",\"www.youtube.com\/@ReveurJewels\"]}]}<\/script>\n<!-- \/ Yoast SEO plugin. -->","yoast_head_json":{"title":"Privacy Policy - Silver Jewelry | Elegant Accessories","description":"Objevte st\u0159\u00edbrn\u00e9 \u0161perky ur\u010den\u00e9 pro eleganci. Nakupujte jedine\u010dn\u00e9 st\u0159\u00edbrn\u00e9 n\u00e1ramky, prsteny, n\u00e1u\u0161nice, n\u00e1hrdeln\u00edky a dal\u0161\u00ed. Perfektn\u00ed d\u00e1rky pro ka\u017edou p\u0159\u00edle\u017eitost. Doprava zdarma u objedn\u00e1vek nad 95 eur.","robots":{"index":"index","follow":"follow","max-snippet":"max-snippet:-1","max-image-preview":"max-image-preview:large","max-video-preview":"max-video-preview:-1"},"canonical":"https:\/\/reveurstore.com\/cs\/privacy-policy\/","og_locale":"cs_CZ","og_type":"article","og_title":"Privacy Policy - Silver Jewelry | Elegant Accessories","og_description":"Discover silver jewelry designed for elegance. Shop unique silver bracelets, rings, earrings, necklaces and more. Perfect gifts for every occasion. Free shipping on orders bigger than 95 euro.","og_url":"https:\/\/reveurstore.com\/cs\/privacy-policy\/","article_publisher":"https:\/\/www.facebook.com\/profile.php?id=61567260366294","article_modified_time":"2025-11-22T15:43:39+00:00","twitter_card":"summary_large_image","twitter_misc":{"Odhadovan\u00e1 doba \u010dten\u00ed":"2 minuty"},"schema":{"@context":"https:\/\/schema.org","@graph":[{"@type":"WebPage","@id":"https:\/\/reveurstore.com\/privacy-policy\/","url":"https:\/\/reveurstore.com\/privacy-policy\/","name":"Privacy Policy - Silver Jewelry | Elegant Accessories","isPartOf":{"@id":"https:\/\/reveurstore.com\/#website"},"datePublished":"2024-12-21T19:07:17+00:00","dateModified":"2025-11-22T15:43:39+00:00","description":"Objevte st\u0159\u00edbrn\u00e9 \u0161perky ur\u010den\u00e9 pro eleganci. Nakupujte jedine\u010dn\u00e9 st\u0159\u00edbrn\u00e9 n\u00e1ramky, prsteny, n\u00e1u\u0161nice, n\u00e1hrdeln\u00edky a dal\u0161\u00ed. Perfektn\u00ed d\u00e1rky pro ka\u017edou p\u0159\u00edle\u017eitost. Doprava zdarma u objedn\u00e1vek nad 95 eur.","breadcrumb":{"@id":"https:\/\/reveurstore.com\/privacy-policy\/#breadcrumb"},"inLanguage":"cs","potentialAction":[{"@type":"ReadAction","target":["https:\/\/reveurstore.com\/privacy-policy\/"]}]},{"@type":"BreadcrumbList","@id":"https:\/\/reveurstore.com\/privacy-policy\/#breadcrumb","itemListElement":[{"@type":"ListItem","position":1,"name":"Home","item":"https:\/\/reveurstore.com\/"},{"@type":"ListItem","position":2,"name":"Privacy Policy"}]},{"@type":"WebSite","@id":"https:\/\/reveurstore.com\/#website","url":"https:\/\/reveurstore.com\/","name":"Reveurstore","description":"","publisher":{"@id":"https:\/\/reveurstore.com\/#\/schema\/person\/c8ba2d22bfffaf45b6141539c0afdbb0"},"potentialAction":[{"@type":"SearchAction","target":{"@type":"EntryPoint","urlTemplate":"https:\/\/reveurstore.com\/?s={search_term_string}"},"query-input":{"@type":"PropertyValueSpecification","valueRequired":true,"valueName":"search_term_string"}}],"inLanguage":"cs"},{"@type":["Person","Organization"],"@id":"https:\/\/reveurstore.com\/#\/schema\/person\/c8ba2d22bfffaf45b6141539c0afdbb0","name":"Alisa K.","image":{"@type":"ImageObject","inLanguage":"cs","@id":"https:\/\/reveurstore.com\/#\/schema\/person\/image\/","url":"https:\/\/reveurstore.com\/wp-content\/uploads\/2024\/12\/cropped-462697602_1288532802510106_971032994706855632_n-1-e1735158106742-2.jpg","contentUrl":"https:\/\/reveurstore.com\/wp-content\/uploads\/2024\/12\/cropped-462697602_1288532802510106_971032994706855632_n-1-e1735158106742-2.jpg","width":1500,"height":310,"caption":"Alisa K"},"logo":{"@id":"https:\/\/reveurstore.com\/#\/schema\/person\/image\/"},"sameAs":["http:\/\/reveurstore.com","https:\/\/www.facebook.com\/profile.php?id=61567260366294","https:\/\/www.instagram.com\/reveur_jewels\/","https:\/\/www.pinterest.com\/reveur_jewels\/?invite_code=485f63a53eba4b16823725cc9560ccd1&sender=1095852659237439738","www.youtube.com\/@ReveurJewels"]}]}},"uagb_featured_image_src":{"full":false,"thumbnail":false,"medium":false,"medium_large":false,"large":false,"1536x1536":false,"2048x2048":false,"trp-custom-language-flag":false,"tp-image-grid":false,"woocommerce_thumbnail":false,"woocommerce_single":false,"woocommerce_gallery_thumbnail":false},"uagb_author_info":{"display_name":"Alisa K","author_link":"https:\/\/reveurstore.com\/cs\/author\/reveur-jewelsgmail-com\/"},"uagb_comment_info":0,"uagb_excerpt":"Your privacy is important to us. This privacy policy explains what information we collect, how we process it and how we protect it. Data Controller The data controller is Alisa Kulova (ID 21373272), registered office Holeckova 180\/111, Prague, email: reveur.jewels@gmail.com, telephone: +420 739822718 What data we collect Contact form: Name, email address, telephone number and,&hellip;","_links":{"self":[{"href":"https:\/\/reveurstore.com\/cs\/wp-json\/wp\/v2\/pages\/3","targetHints":{"allow":["GET"]}}],"collection":[{"href":"https:\/\/reveurstore.com\/cs\/wp-json\/wp\/v2\/pages"}],"about":[{"href":"https:\/\/reveurstore.com\/cs\/wp-json\/wp\/v2\/types\/page"}],"author":[{"embeddable":true,"href":"https:\/\/reveurstore.com\/cs\/wp-json\/wp\/v2\/users\/1"}],"replies":[{"embeddable":true,"href":"https:\/\/reveurstore.com\/cs\/wp-json\/wp\/v2\/comments?post=3"}],"version-history":[{"count":16,"href":"https:\/\/reveurstore.com\/cs\/wp-json\/wp\/v2\/pages\/3\/revisions"}],"predecessor-version":[{"id":4162,"href":"https:\/\/reveurstore.com\/cs\/wp-json\/wp\/v2\/pages\/3\/revisions\/4162"}],"wp:attachment":[{"href":"https:\/\/reveurstore.com\/cs\/wp-json\/wp\/v2\/media?parent=3"}],"curies":[{"name":"wp","href":"https:\/\/api.w.org\/{rel}","templated":true}]}}