{"id":3400,"date":"2025-10-12T13:58:37","date_gmt":"2025-10-12T13:58:37","guid":{"rendered":"https:\/\/reveurstore.com\/?page_id=3400"},"modified":"2025-10-20T18:59:51","modified_gmt":"2025-10-20T18:59:51","slug":"about-us","status":"publish","type":"page","link":"https:\/\/reveurstore.com\/cs\/about-us\/","title":{"rendered":"O n\u00e1s"},"content":{"rendered":"<div data-elementor-type=\"wp-page\" data-elementor-id=\"3400\" class=\"elementor elementor-3400\">\n\t\t\t\t<div class=\"elementor-element elementor-element-6dcef60 e-flex e-con-boxed e-con e-parent\" data-id=\"6dcef60\" data-element_type=\"container\" data-e-type=\"container\" data-settings=\"{&quot;background_background&quot;:&quot;classic&quot;}\">\n\t\t\t\t\t<div class=\"e-con-inner\">\n\t\t\t\t<div class=\"elementor-element elementor-element-37b7764 elementor-widget elementor-widget-heading\" data-id=\"37b7764\" data-element_type=\"widget\" data-e-type=\"widget\" data-widget_type=\"heading.default\">\n\t\t\t\t<div class=\"elementor-widget-container\">\n\t\t\t\t\t<h3 class=\"elementor-heading-title elementor-size-default\"><a href=\"https:\/\/reveurstore.com\/cs\/about-us\/\">O n\u00e1s<\/a><\/h3>\t\t\t\t<\/div>\n\t\t\t\t<\/div>\n\t\t\t\t\t<\/div>\n\t\t\t\t<\/div>\n\t\t<div class=\"elementor-element elementor-element-f836634 e-flex e-con-boxed e-con e-parent\" data-id=\"f836634\" data-element_type=\"container\" data-e-type=\"container\" data-settings=\"{&quot;background_background&quot;:&quot;classic&quot;}\">\n\t\t\t\t\t<div class=\"e-con-inner\">\n\t\t<div class=\"elementor-element elementor-element-f8810da e-con-full e-flex e-con e-child\" data-id=\"f8810da\" data-element_type=\"container\" data-e-type=\"container\">\n\t\t\t\t<div class=\"elementor-element elementor-element-f76d847 elementor-widget__width-initial elementor-widget elementor-widget-image\" data-id=\"f76d847\" data-element_type=\"widget\" data-e-type=\"widget\" data-widget_type=\"image.default\">\n\t\t\t\t<div class=\"elementor-widget-container\">\n\t\t\t\t\t\t\t\t\t\t\t\t\t\t\t<img fetchpriority=\"high\" decoding=\"async\" width=\"768\" height=\"960\" src=\"https:\/\/reveurstore.com\/wp-content\/uploads\/2025\/10\/DSC04582-2-768x960.jpg\" class=\"attachment-medium_large size-medium_large wp-image-3394\" alt=\"\" srcset=\"https:\/\/reveurstore.com\/wp-content\/uploads\/2025\/10\/DSC04582-2-768x960.jpg 768w, https:\/\/reveurstore.com\/wp-content\/uploads\/2025\/10\/DSC04582-2-scaled-600x750.jpg 600w, https:\/\/reveurstore.com\/wp-content\/uploads\/2025\/10\/DSC04582-2-240x300.jpg 240w, https:\/\/reveurstore.com\/wp-content\/uploads\/2025\/10\/DSC04582-2-819x1024.jpg 819w, https:\/\/reveurstore.com\/wp-content\/uploads\/2025\/10\/DSC04582-2-1229x1536.jpg 1229w, https:\/\/reveurstore.com\/wp-content\/uploads\/2025\/10\/DSC04582-2-1638x2048.jpg 1638w, https:\/\/reveurstore.com\/wp-content\/uploads\/2025\/10\/DSC04582-2-scaled.jpg 2048w\" sizes=\"(max-width: 768px) 100vw, 768px\" \/>\t\t\t\t\t\t\t\t\t\t\t\t\t\t\t<\/div>\n\t\t\t\t<\/div>\n\t\t\t\t<\/div>\n\t\t<div class=\"elementor-element elementor-element-310ac26 e-con-full e-flex e-con e-child\" data-id=\"310ac26\" data-element_type=\"container\" data-e-type=\"container\">\n\t\t\t\t<div class=\"elementor-element elementor-element-a68627b elementor-widget elementor-widget-text-editor\" data-id=\"a68627b\" data-element_type=\"widget\" data-e-type=\"widget\" data-widget_type=\"text-editor.default\">\n\t\t\t\t<div class=\"elementor-widget-container\">\n\t\t\t\t\t\t\t\t\t<p><strong>Reveur<\/strong> \u2014 p\u0159elo\u017eeno z francouz\u0161tiny jako <em>&quot;sn\u00edlek.&quot;<\/em><\/p><p>N\u00e1zev odr\u00e1\u017e\u00ed podstatu na\u0161\u00ed zna\u010dky \u2013 oslavu t\u011bch, kte\u0159\u00ed se odva\u017euj\u00ed sn\u00edt, \u017e\u00edt svobodn\u011b a vyjad\u0159ovat svou individualitu s jistotou a gr\u00e1ci\u00ed.<\/p><p>Zakladatelka zna\u010dky Alisa p\u0159edstavuje Reveur jako nez\u00e1vislou, p\u0159\u00edmo\u010darou a svobodomyslnou d\u00edvku, kter\u00e1 se sna\u017e\u00ed vyj\u00e1d\u0159it svou jedine\u010dnost a pravou kr\u00e1su prost\u0159ednictv\u00edm dopl\u0148k\u016f Reveur.<\/p><p>V\u00e1\u017e\u00edme si ka\u017ed\u00e9ho na\u0161eho z\u00e1kazn\u00edka a v\u011bnujeme zvl\u00e1\u0161tn\u00ed pozornost balen\u00ed, kter\u00e9 je ide\u00e1ln\u00ed jako d\u00e1rek pro v\u00e1s nebo va\u0161e bl\u00edzk\u00e9.<\/p><p>Pou\u017e\u00edv\u00e1me pouze vysoce kvalitn\u00ed materi\u00e1ly, kter\u00e9 v\u00e1m budou p\u0159in\u00e1\u0161et radost po dlouhou dobu, a na\u0161e n\u00e1vrhy jsou skute\u010dn\u011b v\u00fdjime\u010dn\u00e9 \u2013 zd\u016fraz\u0148uj\u00ed kr\u00e1su a individualitu ka\u017ed\u00e9 \u017eeny, kter\u00e1 nos\u00ed dopln\u011bk Reveur.<\/p>\t\t\t\t\t\t\t\t<\/div>\n\t\t\t\t<\/div>\n\t\t\t\t<\/div>\n\t\t\t\t\t<\/div>\n\t\t\t\t<\/div>\n\t\t\t\t<\/div>","protected":false},"excerpt":{"rendered":"<p>About us Reveur \u2014 translated from French as \u201cdreamer.\u201d The name reflects the essence of our brand \u2014 a celebration of those who dare to dream, to live freely, and to express their individuality with confidence and grace. The founder of the brand, Alisa, presents Reveur as an independent, straightforward, and free-spirited girl who strives [&hellip;]<\/p>","protected":false},"author":1,"featured_media":0,"parent":0,"menu_order":0,"comment_status":"closed","ping_status":"closed","template":"","meta":{"_uag_custom_page_level_css":"","site-sidebar-layout":"no-sidebar","site-content-layout":"page-builder","ast-site-content-layout":"full-width-container","site-content-style":"default","site-sidebar-style":"default","ast-global-header-display":"","ast-banner-title-visibility":"","ast-main-header-display":"","ast-hfb-above-header-display":"","ast-hfb-below-header-display":"","ast-hfb-mobile-header-display":"","site-post-title":"disabled","ast-breadcrumbs-content":"","ast-featured-img":"disabled","footer-sml-layout":"","theme-transparent-header-meta":"","adv-header-id-meta":"","stick-header-meta":"","header-above-stick-meta":"","header-main-stick-meta":"","header-below-stick-meta":"","astra-migrate-meta-layouts":"default","ast-page-background-enabled":"default","ast-page-background-meta":{"desktop":{"background-color":"var(--ast-global-color-4)","background-image":"","background-repeat":"repeat","background-position":"center center","background-size":"auto","background-attachment":"scroll","background-type":"","background-media":"","overlay-type":"","overlay-color":"","overlay-opacity":"","overlay-gradient":""},"tablet":{"background-color":"","background-image":"","background-repeat":"repeat","background-position":"center center","background-size":"auto","background-attachment":"scroll","background-type":"","background-media":"","overlay-type":"","overlay-color":"","overlay-opacity":"","overlay-gradient":""},"mobile":{"background-color":"","background-image":"","background-repeat":"repeat","background-position":"center center","background-size":"auto","background-attachment":"scroll","background-type":"","background-media":"","overlay-type":"","overlay-color":"","overlay-opacity":"","overlay-gradient":""}},"ast-content-background-meta":{"desktop":{"background-color":"var(--ast-global-color-5)","background-image":"","background-repeat":"repeat","background-position":"center center","background-size":"auto","background-attachment":"scroll","background-type":"","background-media":"","overlay-type":"","overlay-color":"","overlay-opacity":"","overlay-gradient":""},"tablet":{"background-color":"var(--ast-global-color-5)","background-image":"","background-repeat":"repeat","background-position":"center center","background-size":"auto","background-attachment":"scroll","background-type":"","background-media":"","overlay-type":"","overlay-color":"","overlay-opacity":"","overlay-gradient":""},"mobile":{"background-color":"var(--ast-global-color-5)","background-image":"","background-repeat":"repeat","background-position":"center center","background-size":"auto","background-attachment":"scroll","background-type":"","background-media":"","overlay-type":"","overlay-color":"","overlay-opacity":"","overlay-gradient":""}},"footnotes":""},"class_list":["post-3400","page","type-page","status-publish","hentry"],"yoast_head":"<!-- This site is optimized with the Yoast SEO plugin v26.5 - https:\/\/yoast.com\/wordpress\/plugins\/seo\/ -->\n<title>About us - Silver Jewelry | Elegant Accessories<\/title>\n<meta name=\"description\" content=\"Discover silver jewelry designed for elegance. Shop unique silver bracelets, rings, earrings, necklaces and more. Perfect gifts for every occasion. Free shipping on orders bigger than 95 euro.\" \/>\n<meta name=\"robots\" content=\"index, follow, max-snippet:-1, max-image-preview:large, max-video-preview:-1\" \/>\n<link rel=\"canonical\" href=\"https:\/\/reveurstore.com\/cs\/about-us\/\" \/>\n<meta property=\"og:locale\" content=\"cs_CZ\" \/>\n<meta property=\"og:type\" content=\"article\" \/>\n<meta property=\"og:title\" content=\"About us - Silver Jewelry | Elegant Accessories\" \/>\n<meta property=\"og:description\" content=\"Discover silver jewelry designed for elegance. Shop unique silver bracelets, rings, earrings, necklaces and more. Perfect gifts for every occasion. Free shipping on orders bigger than 95 euro.\" \/>\n<meta property=\"og:url\" content=\"https:\/\/reveurstore.com\/cs\/about-us\/\" \/>\n<meta property=\"article:publisher\" content=\"https:\/\/www.facebook.com\/profile.php?id=61567260366294\" \/>\n<meta property=\"article:modified_time\" content=\"2025-10-20T18:59:51+00:00\" \/>\n<meta property=\"og:image\" content=\"https:\/\/reveurstore.com\/wp-content\/uploads\/2025\/10\/DSC04582-2-scaled.jpg\" \/>\n\t<meta property=\"og:image:width\" content=\"2048\" \/>\n\t<meta property=\"og:image:height\" content=\"2560\" \/>\n\t<meta property=\"og:image:type\" content=\"image\/jpeg\" \/>\n<meta name=\"twitter:card\" content=\"summary_large_image\" \/>\n<meta name=\"twitter:label1\" content=\"Odhadovan\u00e1 doba \u010dten\u00ed\" \/>\n\t<meta name=\"twitter:data1\" content=\"1 minuta\" \/>\n<script type=\"application\/ld+json\" class=\"yoast-schema-graph\">{\"@context\":\"https:\/\/schema.org\",\"@graph\":[{\"@type\":\"WebPage\",\"@id\":\"https:\/\/reveurstore.com\/about-us\/\",\"url\":\"https:\/\/reveurstore.com\/about-us\/\",\"name\":\"About us - Silver Jewelry | Elegant Accessories\",\"isPartOf\":{\"@id\":\"https:\/\/reveurstore.com\/#website\"},\"primaryImageOfPage\":{\"@id\":\"https:\/\/reveurstore.com\/about-us\/#primaryimage\"},\"image\":{\"@id\":\"https:\/\/reveurstore.com\/about-us\/#primaryimage\"},\"thumbnailUrl\":\"https:\/\/reveurstore.com\/wp-content\/uploads\/2025\/10\/DSC04582-2-768x960.jpg\",\"datePublished\":\"2025-10-12T13:58:37+00:00\",\"dateModified\":\"2025-10-20T18:59:51+00:00\",\"description\":\"Discover silver jewelry designed for elegance. Shop unique silver bracelets, rings, earrings, necklaces and more. Perfect gifts for every occasion. Free shipping on orders bigger than 95 euro.\",\"breadcrumb\":{\"@id\":\"https:\/\/reveurstore.com\/about-us\/#breadcrumb\"},\"inLanguage\":\"cs\",\"potentialAction\":[{\"@type\":\"ReadAction\",\"target\":[\"https:\/\/reveurstore.com\/about-us\/\"]}]},{\"@type\":\"ImageObject\",\"inLanguage\":\"cs\",\"@id\":\"https:\/\/reveurstore.com\/about-us\/#primaryimage\",\"url\":\"https:\/\/reveurstore.com\/wp-content\/uploads\/2025\/10\/DSC04582-2-768x960.jpg\",\"contentUrl\":\"https:\/\/reveurstore.com\/wp-content\/uploads\/2025\/10\/DSC04582-2-768x960.jpg\"},{\"@type\":\"BreadcrumbList\",\"@id\":\"https:\/\/reveurstore.com\/about-us\/#breadcrumb\",\"itemListElement\":[{\"@type\":\"ListItem\",\"position\":1,\"name\":\"Home\",\"item\":\"https:\/\/reveurstore.com\/\"},{\"@type\":\"ListItem\",\"position\":2,\"name\":\"About us\"}]},{\"@type\":\"WebSite\",\"@id\":\"https:\/\/reveurstore.com\/#website\",\"url\":\"https:\/\/reveurstore.com\/\",\"name\":\"Reveurstore\",\"description\":\"\",\"publisher\":{\"@id\":\"https:\/\/reveurstore.com\/#\/schema\/person\/c8ba2d22bfffaf45b6141539c0afdbb0\"},\"potentialAction\":[{\"@type\":\"SearchAction\",\"target\":{\"@type\":\"EntryPoint\",\"urlTemplate\":\"https:\/\/reveurstore.com\/?s={search_term_string}\"},\"query-input\":{\"@type\":\"PropertyValueSpecification\",\"valueRequired\":true,\"valueName\":\"search_term_string\"}}],\"inLanguage\":\"cs\"},{\"@type\":[\"Person\",\"Organization\"],\"@id\":\"https:\/\/reveurstore.com\/#\/schema\/person\/c8ba2d22bfffaf45b6141539c0afdbb0\",\"name\":\"Alisa K\",\"image\":{\"@type\":\"ImageObject\",\"inLanguage\":\"cs\",\"@id\":\"https:\/\/reveurstore.com\/#\/schema\/person\/image\/\",\"url\":\"https:\/\/reveurstore.com\/wp-content\/uploads\/2024\/12\/cropped-462697602_1288532802510106_971032994706855632_n-1-e1735158106742-2.jpg\",\"contentUrl\":\"https:\/\/reveurstore.com\/wp-content\/uploads\/2024\/12\/cropped-462697602_1288532802510106_971032994706855632_n-1-e1735158106742-2.jpg\",\"width\":1500,\"height\":310,\"caption\":\"Alisa K\"},\"logo\":{\"@id\":\"https:\/\/reveurstore.com\/#\/schema\/person\/image\/\"},\"sameAs\":[\"http:\/\/reveurstore.com\",\"https:\/\/www.facebook.com\/profile.php?id=61567260366294\",\"https:\/\/www.instagram.com\/reveur_jewels\/\",\"https:\/\/www.pinterest.com\/reveur_jewels\/?invite_code=485f63a53eba4b16823725cc9560ccd1&sender=1095852659237439738\",\"www.youtube.com\/@ReveurJewels\"]}]}<\/script>\n<!-- \/ Yoast SEO plugin. -->","yoast_head_json":{"title":"About us - Silver Jewelry | Elegant Accessories","description":"Objevte st\u0159\u00edbrn\u00e9 \u0161perky ur\u010den\u00e9 pro eleganci. Nakupujte jedine\u010dn\u00e9 st\u0159\u00edbrn\u00e9 n\u00e1ramky, prsteny, n\u00e1u\u0161nice, n\u00e1hrdeln\u00edky a dal\u0161\u00ed. Perfektn\u00ed d\u00e1rky pro ka\u017edou p\u0159\u00edle\u017eitost. Doprava zdarma u objedn\u00e1vek nad 95 eur.","robots":{"index":"index","follow":"follow","max-snippet":"max-snippet:-1","max-image-preview":"max-image-preview:large","max-video-preview":"max-video-preview:-1"},"canonical":"https:\/\/reveurstore.com\/cs\/about-us\/","og_locale":"cs_CZ","og_type":"article","og_title":"About us - Silver Jewelry | Elegant Accessories","og_description":"Discover silver jewelry designed for elegance. Shop unique silver bracelets, rings, earrings, necklaces and more. Perfect gifts for every occasion. Free shipping on orders bigger than 95 euro.","og_url":"https:\/\/reveurstore.com\/cs\/about-us\/","article_publisher":"https:\/\/www.facebook.com\/profile.php?id=61567260366294","article_modified_time":"2025-10-20T18:59:51+00:00","og_image":[{"width":2048,"height":2560,"url":"https:\/\/reveurstore.com\/wp-content\/uploads\/2025\/10\/DSC04582-2-scaled.jpg","type":"image\/jpeg"}],"twitter_card":"summary_large_image","twitter_misc":{"Odhadovan\u00e1 doba \u010dten\u00ed":"1 minuta"},"schema":{"@context":"https:\/\/schema.org","@graph":[{"@type":"WebPage","@id":"https:\/\/reveurstore.com\/about-us\/","url":"https:\/\/reveurstore.com\/about-us\/","name":"About us - Silver Jewelry | Elegant Accessories","isPartOf":{"@id":"https:\/\/reveurstore.com\/#website"},"primaryImageOfPage":{"@id":"https:\/\/reveurstore.com\/about-us\/#primaryimage"},"image":{"@id":"https:\/\/reveurstore.com\/about-us\/#primaryimage"},"thumbnailUrl":"https:\/\/reveurstore.com\/wp-content\/uploads\/2025\/10\/DSC04582-2-768x960.jpg","datePublished":"2025-10-12T13:58:37+00:00","dateModified":"2025-10-20T18:59:51+00:00","description":"Objevte st\u0159\u00edbrn\u00e9 \u0161perky ur\u010den\u00e9 pro eleganci. Nakupujte jedine\u010dn\u00e9 st\u0159\u00edbrn\u00e9 n\u00e1ramky, prsteny, n\u00e1u\u0161nice, n\u00e1hrdeln\u00edky a dal\u0161\u00ed. Perfektn\u00ed d\u00e1rky pro ka\u017edou p\u0159\u00edle\u017eitost. Doprava zdarma u objedn\u00e1vek nad 95 eur.","breadcrumb":{"@id":"https:\/\/reveurstore.com\/about-us\/#breadcrumb"},"inLanguage":"cs","potentialAction":[{"@type":"ReadAction","target":["https:\/\/reveurstore.com\/about-us\/"]}]},{"@type":"ImageObject","inLanguage":"cs","@id":"https:\/\/reveurstore.com\/about-us\/#primaryimage","url":"https:\/\/reveurstore.com\/wp-content\/uploads\/2025\/10\/DSC04582-2-768x960.jpg","contentUrl":"https:\/\/reveurstore.com\/wp-content\/uploads\/2025\/10\/DSC04582-2-768x960.jpg"},{"@type":"BreadcrumbList","@id":"https:\/\/reveurstore.com\/about-us\/#breadcrumb","itemListElement":[{"@type":"ListItem","position":1,"name":"Home","item":"https:\/\/reveurstore.com\/"},{"@type":"ListItem","position":2,"name":"About us"}]},{"@type":"WebSite","@id":"https:\/\/reveurstore.com\/#website","url":"https:\/\/reveurstore.com\/","name":"Reveurstore","description":"","publisher":{"@id":"https:\/\/reveurstore.com\/#\/schema\/person\/c8ba2d22bfffaf45b6141539c0afdbb0"},"potentialAction":[{"@type":"SearchAction","target":{"@type":"EntryPoint","urlTemplate":"https:\/\/reveurstore.com\/?s={search_term_string}"},"query-input":{"@type":"PropertyValueSpecification","valueRequired":true,"valueName":"search_term_string"}}],"inLanguage":"cs"},{"@type":["Person","Organization"],"@id":"https:\/\/reveurstore.com\/#\/schema\/person\/c8ba2d22bfffaf45b6141539c0afdbb0","name":"Alisa K.","image":{"@type":"ImageObject","inLanguage":"cs","@id":"https:\/\/reveurstore.com\/#\/schema\/person\/image\/","url":"https:\/\/reveurstore.com\/wp-content\/uploads\/2024\/12\/cropped-462697602_1288532802510106_971032994706855632_n-1-e1735158106742-2.jpg","contentUrl":"https:\/\/reveurstore.com\/wp-content\/uploads\/2024\/12\/cropped-462697602_1288532802510106_971032994706855632_n-1-e1735158106742-2.jpg","width":1500,"height":310,"caption":"Alisa K"},"logo":{"@id":"https:\/\/reveurstore.com\/#\/schema\/person\/image\/"},"sameAs":["http:\/\/reveurstore.com","https:\/\/www.facebook.com\/profile.php?id=61567260366294","https:\/\/www.instagram.com\/reveur_jewels\/","https:\/\/www.pinterest.com\/reveur_jewels\/?invite_code=485f63a53eba4b16823725cc9560ccd1&sender=1095852659237439738","www.youtube.com\/@ReveurJewels"]}]}},"uagb_featured_image_src":{"full":false,"thumbnail":false,"medium":false,"medium_large":false,"large":false,"1536x1536":false,"2048x2048":false,"trp-custom-language-flag":false,"tp-image-grid":false,"woocommerce_thumbnail":false,"woocommerce_single":false,"woocommerce_gallery_thumbnail":false},"uagb_author_info":{"display_name":"Alisa K","author_link":"https:\/\/reveurstore.com\/cs\/author\/reveur-jewelsgmail-com\/"},"uagb_comment_info":0,"uagb_excerpt":"About us Reveur \u2014 translated from French as \u201cdreamer.\u201d The name reflects the essence of our brand \u2014 a celebration of those who dare to dream, to live freely, and to express their individuality with confidence and grace. The founder of the brand, Alisa, presents Reveur as an independent, straightforward, and free-spirited girl who strives&hellip;","_links":{"self":[{"href":"https:\/\/reveurstore.com\/cs\/wp-json\/wp\/v2\/pages\/3400","targetHints":{"allow":["GET"]}}],"collection":[{"href":"https:\/\/reveurstore.com\/cs\/wp-json\/wp\/v2\/pages"}],"about":[{"href":"https:\/\/reveurstore.com\/cs\/wp-json\/wp\/v2\/types\/page"}],"author":[{"embeddable":true,"href":"https:\/\/reveurstore.com\/cs\/wp-json\/wp\/v2\/users\/1"}],"replies":[{"embeddable":true,"href":"https:\/\/reveurstore.com\/cs\/wp-json\/wp\/v2\/comments?post=3400"}],"version-history":[{"count":31,"href":"https:\/\/reveurstore.com\/cs\/wp-json\/wp\/v2\/pages\/3400\/revisions"}],"predecessor-version":[{"id":3637,"href":"https:\/\/reveurstore.com\/cs\/wp-json\/wp\/v2\/pages\/3400\/revisions\/3637"}],"wp:attachment":[{"href":"https:\/\/reveurstore.com\/cs\/wp-json\/wp\/v2\/media?parent=3400"}],"curies":[{"name":"wp","href":"https:\/\/api.w.org\/{rel}","templated":true}]}}