{"id":2675,"date":"2025-01-02T20:14:49","date_gmt":"2025-01-02T20:14:49","guid":{"rendered":"https:\/\/reveurstore.com\/?post_type=product&#038;p=2675"},"modified":"2026-03-03T18:51:25","modified_gmt":"2026-03-03T18:51:25","slug":"blossom-twist-silver-gold-ring","status":"publish","type":"product","link":"https:\/\/reveurstore.com\/cs\/produkt\/blossom-twist-silver-gold-ring\/","title":{"rendered":"St\u0159\u00edbrn\u00fd 925 prsten Sn\u011b\u017eenka, pozlacen\u00fd"},"content":{"rendered":"<p><strong>Materi\u00e1l<\/strong>: st\u0159\u00edbro 925, pozlacen\u00e9<\/p>\n<p><strong>Velikost<\/strong>: nastaviteln\u00e1<\/p>\n<p><strong>Hmotnost<\/strong>: 2,2 g.<\/p>","protected":false},"excerpt":{"rendered":"<p>Material: silver 925, gold plated Size: adjustable Weight: 2.2 g.<\/p>","protected":false},"featured_media":3238,"template":"","meta":{"_uag_custom_page_level_css":"","site-sidebar-layout":"default","site-content-layout":"","ast-site-content-layout":"default","site-content-style":"default","site-sidebar-style":"default","ast-global-header-display":"","ast-banner-title-visibility":"","ast-main-header-display":"","ast-hfb-above-header-display":"","ast-hfb-below-header-display":"","ast-hfb-mobile-header-display":"","site-post-title":"","ast-breadcrumbs-content":"","ast-featured-img":"","footer-sml-layout":"","theme-transparent-header-meta":"default","adv-header-id-meta":"","stick-header-meta":"","header-above-stick-meta":"","header-main-stick-meta":"","header-below-stick-meta":"","astra-migrate-meta-layouts":"set","ast-page-background-enabled":"default","ast-page-background-meta":{"desktop":{"background-color":"var(--ast-global-color-4)","background-image":"","background-repeat":"repeat","background-position":"center center","background-size":"auto","background-attachment":"scroll","background-type":"","background-media":"","overlay-type":"","overlay-color":"","overlay-opacity":"","overlay-gradient":""},"tablet":{"background-color":"","background-image":"","background-repeat":"repeat","background-position":"center center","background-size":"auto","background-attachment":"scroll","background-type":"","background-media":"","overlay-type":"","overlay-color":"","overlay-opacity":"","overlay-gradient":""},"mobile":{"background-color":"","background-image":"","background-repeat":"repeat","background-position":"center center","background-size":"auto","background-attachment":"scroll","background-type":"","background-media":"","overlay-type":"","overlay-color":"","overlay-opacity":"","overlay-gradient":""}},"ast-content-background-meta":{"desktop":{"background-color":"var(--ast-global-color-5)","background-image":"","background-repeat":"repeat","background-position":"center center","background-size":"auto","background-attachment":"scroll","background-type":"","background-media":"","overlay-type":"","overlay-color":"","overlay-opacity":"","overlay-gradient":""},"tablet":{"background-color":"var(--ast-global-color-5)","background-image":"","background-repeat":"repeat","background-position":"center center","background-size":"auto","background-attachment":"scroll","background-type":"","background-media":"","overlay-type":"","overlay-color":"","overlay-opacity":"","overlay-gradient":""},"mobile":{"background-color":"var(--ast-global-color-5)","background-image":"","background-repeat":"repeat","background-position":"center center","background-size":"auto","background-attachment":"scroll","background-type":"","background-media":"","overlay-type":"","overlay-color":"","overlay-opacity":"","overlay-gradient":""}}},"product_brand":[],"product_cat":[16,41],"product_tag":[],"class_list":{"0":"post-2675","1":"product","2":"type-product","3":"status-publish","4":"has-post-thumbnail","6":"product_cat-silver","7":"product_cat-rings","8":"desktop-align-left","9":"tablet-align-left","10":"mobile-align-left","12":"first","13":"outofstock","14":"sale","15":"shipping-taxable","16":"purchasable","17":"product-type-simple"},"yoast_head":"<!-- This site is optimized with the Yoast SEO plugin v26.5 - https:\/\/yoast.com\/wordpress\/plugins\/seo\/ -->\n<title>Silver 925 &amp; gold-plated Ring Snowdrop -<\/title>\n<meta name=\"robots\" content=\"index, follow, max-snippet:-1, max-image-preview:large, max-video-preview:-1\" \/>\n<link rel=\"canonical\" href=\"https:\/\/reveurstore.com\/cs\/produkt\/blossom-twist-silver-gold-ring\/\" \/>\n<meta property=\"og:locale\" content=\"cs_CZ\" \/>\n<meta property=\"og:type\" content=\"article\" \/>\n<meta property=\"og:title\" content=\"Silver 925 &amp; gold-plated Ring Snowdrop -\" \/>\n<meta property=\"og:description\" content=\"Material: silver 925, gold plated Size: adjustable Weight: 2.2 g.\" \/>\n<meta property=\"og:url\" content=\"https:\/\/reveurstore.com\/cs\/produkt\/blossom-twist-silver-gold-ring\/\" \/>\n<meta property=\"article:publisher\" content=\"https:\/\/www.facebook.com\/profile.php?id=61567260366294\" \/>\n<meta property=\"article:modified_time\" content=\"2026-03-03T18:51:25+00:00\" \/>\n<meta property=\"og:image\" content=\"https:\/\/reveurstore.com\/wp-content\/uploads\/2025\/01\/19CB296B-BDD9-40B2-8C40-743BF48AEABE.jpg\" \/>\n\t<meta property=\"og:image:width\" content=\"775\" \/>\n\t<meta property=\"og:image:height\" content=\"970\" \/>\n\t<meta property=\"og:image:type\" content=\"image\/jpeg\" \/>\n<meta name=\"twitter:card\" content=\"summary_large_image\" \/>\n<meta name=\"twitter:label1\" content=\"Odhadovan\u00e1 doba \u010dten\u00ed\" \/>\n\t<meta name=\"twitter:data1\" content=\"1 minuta\" \/>\n<script type=\"application\/ld+json\" class=\"yoast-schema-graph\">{\"@context\":\"https:\/\/schema.org\",\"@graph\":[{\"@type\":\"WebPage\",\"@id\":\"https:\/\/reveurstore.com\/product\/blossom-twist-silver-gold-ring\/\",\"url\":\"https:\/\/reveurstore.com\/product\/blossom-twist-silver-gold-ring\/\",\"name\":\"Silver 925 & gold-plated Ring Snowdrop -\",\"isPartOf\":{\"@id\":\"https:\/\/reveurstore.com\/#website\"},\"primaryImageOfPage\":{\"@id\":\"https:\/\/reveurstore.com\/product\/blossom-twist-silver-gold-ring\/#primaryimage\"},\"image\":{\"@id\":\"https:\/\/reveurstore.com\/product\/blossom-twist-silver-gold-ring\/#primaryimage\"},\"thumbnailUrl\":\"https:\/\/reveurstore.com\/wp-content\/uploads\/2025\/01\/19CB296B-BDD9-40B2-8C40-743BF48AEABE.jpg\",\"datePublished\":\"2025-01-02T20:14:49+00:00\",\"dateModified\":\"2026-03-03T18:51:25+00:00\",\"breadcrumb\":{\"@id\":\"https:\/\/reveurstore.com\/product\/blossom-twist-silver-gold-ring\/#breadcrumb\"},\"inLanguage\":\"cs\",\"potentialAction\":[{\"@type\":\"ReadAction\",\"target\":[\"https:\/\/reveurstore.com\/product\/blossom-twist-silver-gold-ring\/\"]}]},{\"@type\":\"ImageObject\",\"inLanguage\":\"cs\",\"@id\":\"https:\/\/reveurstore.com\/product\/blossom-twist-silver-gold-ring\/#primaryimage\",\"url\":\"https:\/\/reveurstore.com\/wp-content\/uploads\/2025\/01\/19CB296B-BDD9-40B2-8C40-743BF48AEABE.jpg\",\"contentUrl\":\"https:\/\/reveurstore.com\/wp-content\/uploads\/2025\/01\/19CB296B-BDD9-40B2-8C40-743BF48AEABE.jpg\",\"width\":775,\"height\":970},{\"@type\":\"BreadcrumbList\",\"@id\":\"https:\/\/reveurstore.com\/product\/blossom-twist-silver-gold-ring\/#breadcrumb\",\"itemListElement\":[{\"@type\":\"ListItem\",\"position\":1,\"name\":\"Home\",\"item\":\"https:\/\/reveurstore.com\/\"},{\"@type\":\"ListItem\",\"position\":2,\"name\":\"Shop\",\"item\":\"https:\/\/reveurstore.com\/shop-2\/\"},{\"@type\":\"ListItem\",\"position\":3,\"name\":\"Silver 925 &#038; gold-plated Ring Snowdrop\"}]},{\"@type\":\"WebSite\",\"@id\":\"https:\/\/reveurstore.com\/#website\",\"url\":\"https:\/\/reveurstore.com\/\",\"name\":\"Reveurstore\",\"description\":\"\",\"publisher\":{\"@id\":\"https:\/\/reveurstore.com\/#\/schema\/person\/c8ba2d22bfffaf45b6141539c0afdbb0\"},\"potentialAction\":[{\"@type\":\"SearchAction\",\"target\":{\"@type\":\"EntryPoint\",\"urlTemplate\":\"https:\/\/reveurstore.com\/?s={search_term_string}\"},\"query-input\":{\"@type\":\"PropertyValueSpecification\",\"valueRequired\":true,\"valueName\":\"search_term_string\"}}],\"inLanguage\":\"cs\"},{\"@type\":[\"Person\",\"Organization\"],\"@id\":\"https:\/\/reveurstore.com\/#\/schema\/person\/c8ba2d22bfffaf45b6141539c0afdbb0\",\"name\":\"Alisa K\",\"image\":{\"@type\":\"ImageObject\",\"inLanguage\":\"cs\",\"@id\":\"https:\/\/reveurstore.com\/#\/schema\/person\/image\/\",\"url\":\"https:\/\/reveurstore.com\/wp-content\/uploads\/2024\/12\/cropped-462697602_1288532802510106_971032994706855632_n-1-e1735158106742-2.jpg\",\"contentUrl\":\"https:\/\/reveurstore.com\/wp-content\/uploads\/2024\/12\/cropped-462697602_1288532802510106_971032994706855632_n-1-e1735158106742-2.jpg\",\"width\":1500,\"height\":310,\"caption\":\"Alisa K\"},\"logo\":{\"@id\":\"https:\/\/reveurstore.com\/#\/schema\/person\/image\/\"},\"sameAs\":[\"http:\/\/reveurstore.com\",\"https:\/\/www.facebook.com\/profile.php?id=61567260366294\",\"https:\/\/www.instagram.com\/reveur_jewels\/\",\"https:\/\/www.pinterest.com\/reveur_jewels\/?invite_code=485f63a53eba4b16823725cc9560ccd1&sender=1095852659237439738\",\"www.youtube.com\/@ReveurJewels\"]}]}<\/script>\n<!-- \/ Yoast SEO plugin. -->","yoast_head_json":{"title":"Silver 925 & gold-plated Ring Snowdrop -","robots":{"index":"index","follow":"follow","max-snippet":"max-snippet:-1","max-image-preview":"max-image-preview:large","max-video-preview":"max-video-preview:-1"},"canonical":"https:\/\/reveurstore.com\/cs\/produkt\/blossom-twist-silver-gold-ring\/","og_locale":"cs_CZ","og_type":"article","og_title":"Silver 925 & gold-plated Ring Snowdrop -","og_description":"Material: silver 925, gold plated Size: adjustable Weight: 2.2 g.","og_url":"https:\/\/reveurstore.com\/cs\/produkt\/blossom-twist-silver-gold-ring\/","article_publisher":"https:\/\/www.facebook.com\/profile.php?id=61567260366294","article_modified_time":"2026-03-03T18:51:25+00:00","og_image":[{"width":775,"height":970,"url":"https:\/\/reveurstore.com\/wp-content\/uploads\/2025\/01\/19CB296B-BDD9-40B2-8C40-743BF48AEABE.jpg","type":"image\/jpeg"}],"twitter_card":"summary_large_image","twitter_misc":{"Odhadovan\u00e1 doba \u010dten\u00ed":"1 minuta"},"schema":{"@context":"https:\/\/schema.org","@graph":[{"@type":"WebPage","@id":"https:\/\/reveurstore.com\/product\/blossom-twist-silver-gold-ring\/","url":"https:\/\/reveurstore.com\/product\/blossom-twist-silver-gold-ring\/","name":"Silver 925 & gold-plated Ring Snowdrop -","isPartOf":{"@id":"https:\/\/reveurstore.com\/#website"},"primaryImageOfPage":{"@id":"https:\/\/reveurstore.com\/product\/blossom-twist-silver-gold-ring\/#primaryimage"},"image":{"@id":"https:\/\/reveurstore.com\/product\/blossom-twist-silver-gold-ring\/#primaryimage"},"thumbnailUrl":"https:\/\/reveurstore.com\/wp-content\/uploads\/2025\/01\/19CB296B-BDD9-40B2-8C40-743BF48AEABE.jpg","datePublished":"2025-01-02T20:14:49+00:00","dateModified":"2026-03-03T18:51:25+00:00","breadcrumb":{"@id":"https:\/\/reveurstore.com\/product\/blossom-twist-silver-gold-ring\/#breadcrumb"},"inLanguage":"cs","potentialAction":[{"@type":"ReadAction","target":["https:\/\/reveurstore.com\/product\/blossom-twist-silver-gold-ring\/"]}]},{"@type":"ImageObject","inLanguage":"cs","@id":"https:\/\/reveurstore.com\/product\/blossom-twist-silver-gold-ring\/#primaryimage","url":"https:\/\/reveurstore.com\/wp-content\/uploads\/2025\/01\/19CB296B-BDD9-40B2-8C40-743BF48AEABE.jpg","contentUrl":"https:\/\/reveurstore.com\/wp-content\/uploads\/2025\/01\/19CB296B-BDD9-40B2-8C40-743BF48AEABE.jpg","width":775,"height":970},{"@type":"BreadcrumbList","@id":"https:\/\/reveurstore.com\/product\/blossom-twist-silver-gold-ring\/#breadcrumb","itemListElement":[{"@type":"ListItem","position":1,"name":"Home","item":"https:\/\/reveurstore.com\/"},{"@type":"ListItem","position":2,"name":"Shop","item":"https:\/\/reveurstore.com\/shop-2\/"},{"@type":"ListItem","position":3,"name":"Silver 925 &#038; gold-plated Ring Snowdrop"}]},{"@type":"WebSite","@id":"https:\/\/reveurstore.com\/#website","url":"https:\/\/reveurstore.com\/","name":"Reveurstore","description":"","publisher":{"@id":"https:\/\/reveurstore.com\/#\/schema\/person\/c8ba2d22bfffaf45b6141539c0afdbb0"},"potentialAction":[{"@type":"SearchAction","target":{"@type":"EntryPoint","urlTemplate":"https:\/\/reveurstore.com\/?s={search_term_string}"},"query-input":{"@type":"PropertyValueSpecification","valueRequired":true,"valueName":"search_term_string"}}],"inLanguage":"cs"},{"@type":["Person","Organization"],"@id":"https:\/\/reveurstore.com\/#\/schema\/person\/c8ba2d22bfffaf45b6141539c0afdbb0","name":"Alisa K.","image":{"@type":"ImageObject","inLanguage":"cs","@id":"https:\/\/reveurstore.com\/#\/schema\/person\/image\/","url":"https:\/\/reveurstore.com\/wp-content\/uploads\/2024\/12\/cropped-462697602_1288532802510106_971032994706855632_n-1-e1735158106742-2.jpg","contentUrl":"https:\/\/reveurstore.com\/wp-content\/uploads\/2024\/12\/cropped-462697602_1288532802510106_971032994706855632_n-1-e1735158106742-2.jpg","width":1500,"height":310,"caption":"Alisa K"},"logo":{"@id":"https:\/\/reveurstore.com\/#\/schema\/person\/image\/"},"sameAs":["http:\/\/reveurstore.com","https:\/\/www.facebook.com\/profile.php?id=61567260366294","https:\/\/www.instagram.com\/reveur_jewels\/","https:\/\/www.pinterest.com\/reveur_jewels\/?invite_code=485f63a53eba4b16823725cc9560ccd1&sender=1095852659237439738","www.youtube.com\/@ReveurJewels"]}]}},"uagb_featured_image_src":{"full":["https:\/\/reveurstore.com\/wp-content\/uploads\/2025\/01\/19CB296B-BDD9-40B2-8C40-743BF48AEABE.jpg",775,970,false],"thumbnail":["https:\/\/reveurstore.com\/wp-content\/uploads\/2025\/01\/19CB296B-BDD9-40B2-8C40-743BF48AEABE-150x150.jpg",150,150,true],"medium":["https:\/\/reveurstore.com\/wp-content\/uploads\/2025\/01\/19CB296B-BDD9-40B2-8C40-743BF48AEABE-240x300.jpg",240,300,true],"medium_large":["https:\/\/reveurstore.com\/wp-content\/uploads\/2025\/01\/19CB296B-BDD9-40B2-8C40-743BF48AEABE-768x961.jpg",768,961,true],"large":["https:\/\/reveurstore.com\/wp-content\/uploads\/2025\/01\/19CB296B-BDD9-40B2-8C40-743BF48AEABE.jpg",775,970,false],"1536x1536":["https:\/\/reveurstore.com\/wp-content\/uploads\/2025\/01\/19CB296B-BDD9-40B2-8C40-743BF48AEABE.jpg",775,970,false],"2048x2048":["https:\/\/reveurstore.com\/wp-content\/uploads\/2025\/01\/19CB296B-BDD9-40B2-8C40-743BF48AEABE.jpg",775,970,false],"trp-custom-language-flag":["https:\/\/reveurstore.com\/wp-content\/uploads\/2025\/01\/19CB296B-BDD9-40B2-8C40-743BF48AEABE.jpg",10,12,false],"tp-image-grid":["https:\/\/reveurstore.com\/wp-content\/uploads\/2025\/01\/19CB296B-BDD9-40B2-8C40-743BF48AEABE.jpg",559,700,false],"woocommerce_thumbnail":["https:\/\/reveurstore.com\/wp-content\/uploads\/2025\/01\/19CB296B-BDD9-40B2-8C40-743BF48AEABE-500x500.jpg",500,500,true],"woocommerce_single":["https:\/\/reveurstore.com\/wp-content\/uploads\/2025\/01\/19CB296B-BDD9-40B2-8C40-743BF48AEABE-600x751.jpg",600,751,true],"woocommerce_gallery_thumbnail":["https:\/\/reveurstore.com\/wp-content\/uploads\/2025\/01\/19CB296B-BDD9-40B2-8C40-743BF48AEABE-100x100.jpg",100,100,true]},"uagb_author_info":{"display_name":"Alisa K","author_link":"https:\/\/reveurstore.com\/cs\/author\/"},"uagb_comment_info":0,"uagb_excerpt":"Material: silver 925, gold plated Size: adjustable Weight: 2.2 g.","_links":{"self":[{"href":"https:\/\/reveurstore.com\/cs\/wp-json\/wp\/v2\/product\/2675","targetHints":{"allow":["GET"]}}],"collection":[{"href":"https:\/\/reveurstore.com\/cs\/wp-json\/wp\/v2\/product"}],"about":[{"href":"https:\/\/reveurstore.com\/cs\/wp-json\/wp\/v2\/types\/product"}],"wp:featuredmedia":[{"embeddable":true,"href":"https:\/\/reveurstore.com\/cs\/wp-json\/wp\/v2\/media\/3238"}],"wp:attachment":[{"href":"https:\/\/reveurstore.com\/cs\/wp-json\/wp\/v2\/media?parent=2675"}],"wp:term":[{"taxonomy":"product_brand","embeddable":true,"href":"https:\/\/reveurstore.com\/cs\/wp-json\/wp\/v2\/product_brand?post=2675"},{"taxonomy":"product_cat","embeddable":true,"href":"https:\/\/reveurstore.com\/cs\/wp-json\/wp\/v2\/product_cat?post=2675"},{"taxonomy":"product_tag","embeddable":true,"href":"https:\/\/reveurstore.com\/cs\/wp-json\/wp\/v2\/product_tag?post=2675"}],"curies":[{"name":"wp","href":"https:\/\/api.w.org\/{rel}","templated":true}]}}