{"id":2894,"date":"2025-03-29T19:34:46","date_gmt":"2025-03-29T19:34:46","guid":{"rendered":"https:\/\/reveurstore.com\/?post_type=product&#038;p=2894"},"modified":"2025-12-06T18:31:33","modified_gmt":"2025-12-06T18:31:33","slug":"elegant-silver-pearl-pendant-necklace","status":"publish","type":"product","link":"https:\/\/reveurstore.com\/cs\/produkt\/elegant-silver-pearl-pendant-necklace\/","title":{"rendered":"St\u0159\u00edbrn\u00fd 925 n\u00e1hrdeln\u00edk s perlou"},"content":{"rendered":"<p class=\"\" data-start=\"52\" data-end=\"465\"><strong data-start=\"115\" data-end=\"156\">Materi\u00e1l: <\/strong>st\u0159\u00edbro 925, perla<\/p>\n<p class=\"\" data-start=\"52\" data-end=\"465\"><strong>D\u00e9lka:<\/strong> 41+5 cm; <strong>hmotnost<\/strong>: 3,85 g.<\/p>\n<p data-start=\"52\" data-end=\"465\"><strong>Velikost p\u0159\u00edv\u011bsku:<\/strong> 1,36 x 0,78 cm<\/p>\n<p data-start=\"52\" data-end=\"465\"><strong>Velikost perly:<\/strong> 0,7 x 0,5 cm<\/p>","protected":false},"excerpt":{"rendered":"<p>Material: silver 925, pearl Length: 41+5 cm; weight: 3,85 g. Pendant size: 1.36 x 0,78 cm Pearl size: 0,7 x 0,5 cm<\/p>","protected":false},"featured_media":3628,"template":"","meta":{"_uag_custom_page_level_css":"","site-sidebar-layout":"default","site-content-layout":"","ast-site-content-layout":"default","site-content-style":"default","site-sidebar-style":"default","ast-global-header-display":"","ast-banner-title-visibility":"","ast-main-header-display":"","ast-hfb-above-header-display":"","ast-hfb-below-header-display":"","ast-hfb-mobile-header-display":"","site-post-title":"","ast-breadcrumbs-content":"","ast-featured-img":"","footer-sml-layout":"","theme-transparent-header-meta":"default","adv-header-id-meta":"","stick-header-meta":"","header-above-stick-meta":"","header-main-stick-meta":"","header-below-stick-meta":"","astra-migrate-meta-layouts":"set","ast-page-background-enabled":"default","ast-page-background-meta":{"desktop":{"background-color":"var(--ast-global-color-4)","background-image":"","background-repeat":"repeat","background-position":"center center","background-size":"auto","background-attachment":"scroll","background-type":"","background-media":"","overlay-type":"","overlay-color":"","overlay-opacity":"","overlay-gradient":""},"tablet":{"background-color":"","background-image":"","background-repeat":"repeat","background-position":"center center","background-size":"auto","background-attachment":"scroll","background-type":"","background-media":"","overlay-type":"","overlay-color":"","overlay-opacity":"","overlay-gradient":""},"mobile":{"background-color":"","background-image":"","background-repeat":"repeat","background-position":"center center","background-size":"auto","background-attachment":"scroll","background-type":"","background-media":"","overlay-type":"","overlay-color":"","overlay-opacity":"","overlay-gradient":""}},"ast-content-background-meta":{"desktop":{"background-color":"var(--ast-global-color-5)","background-image":"","background-repeat":"repeat","background-position":"center center","background-size":"auto","background-attachment":"scroll","background-type":"","background-media":"","overlay-type":"","overlay-color":"","overlay-opacity":"","overlay-gradient":""},"tablet":{"background-color":"var(--ast-global-color-5)","background-image":"","background-repeat":"repeat","background-position":"center center","background-size":"auto","background-attachment":"scroll","background-type":"","background-media":"","overlay-type":"","overlay-color":"","overlay-opacity":"","overlay-gradient":""},"mobile":{"background-color":"var(--ast-global-color-5)","background-image":"","background-repeat":"repeat","background-position":"center center","background-size":"auto","background-attachment":"scroll","background-type":"","background-media":"","overlay-type":"","overlay-color":"","overlay-opacity":"","overlay-gradient":""}}},"product_brand":[],"product_cat":[16,28],"product_tag":[],"class_list":{"0":"post-2894","1":"product","2":"type-product","3":"status-publish","4":"has-post-thumbnail","6":"product_cat-silver","7":"product_cat-necklaces","8":"desktop-align-left","9":"tablet-align-left","10":"mobile-align-left","12":"first","13":"instock","14":"sale","15":"shipping-taxable","16":"purchasable","17":"product-type-simple"},"yoast_head":"<!-- This site is optimized with the Yoast SEO plugin v26.5 - https:\/\/yoast.com\/wordpress\/plugins\/seo\/ -->\n<title>Silver 925 Necklace Pearl -<\/title>\n<meta name=\"description\" content=\"Elevate your style with the Silver Pearl Pendant Necklace\u2014a stunning silver design with a pearl, perfect for any occasion.\" \/>\n<meta name=\"robots\" content=\"index, follow, max-snippet:-1, max-image-preview:large, max-video-preview:-1\" \/>\n<link rel=\"canonical\" href=\"https:\/\/reveurstore.com\/cs\/produkt\/elegant-silver-pearl-pendant-necklace\/\" \/>\n<meta property=\"og:locale\" content=\"cs_CZ\" \/>\n<meta property=\"og:type\" content=\"article\" \/>\n<meta property=\"og:title\" content=\"Silver 925 Necklace Pearl -\" \/>\n<meta property=\"og:description\" content=\"Elevate your style with the Silver Pearl Pendant Necklace\u2014a stunning silver design with a pearl, perfect for any occasion.\" \/>\n<meta property=\"og:url\" content=\"https:\/\/reveurstore.com\/cs\/produkt\/elegant-silver-pearl-pendant-necklace\/\" \/>\n<meta property=\"article:publisher\" content=\"https:\/\/www.facebook.com\/profile.php?id=61567260366294\" \/>\n<meta property=\"article:modified_time\" content=\"2025-12-06T18:31:33+00:00\" \/>\n<meta property=\"og:image\" content=\"https:\/\/reveurstore.com\/wp-content\/uploads\/2025\/03\/7B577AB1-C49C-4F5A-84DB-AB5C803E4BA0-2.jpg\" \/>\n\t<meta property=\"og:image:width\" content=\"1209\" \/>\n\t<meta property=\"og:image:height\" content=\"1512\" \/>\n\t<meta property=\"og:image:type\" content=\"image\/jpeg\" \/>\n<meta name=\"twitter:card\" content=\"summary_large_image\" \/>\n<meta name=\"twitter:label1\" content=\"Odhadovan\u00e1 doba \u010dten\u00ed\" \/>\n\t<meta name=\"twitter:data1\" content=\"1 minuta\" \/>\n<script type=\"application\/ld+json\" class=\"yoast-schema-graph\">{\"@context\":\"https:\/\/schema.org\",\"@graph\":[{\"@type\":\"WebPage\",\"@id\":\"https:\/\/reveurstore.com\/product\/elegant-silver-pearl-pendant-necklace\/\",\"url\":\"https:\/\/reveurstore.com\/product\/elegant-silver-pearl-pendant-necklace\/\",\"name\":\"Silver 925 Necklace Pearl -\",\"isPartOf\":{\"@id\":\"https:\/\/reveurstore.com\/#website\"},\"primaryImageOfPage\":{\"@id\":\"https:\/\/reveurstore.com\/product\/elegant-silver-pearl-pendant-necklace\/#primaryimage\"},\"image\":{\"@id\":\"https:\/\/reveurstore.com\/product\/elegant-silver-pearl-pendant-necklace\/#primaryimage\"},\"thumbnailUrl\":\"https:\/\/reveurstore.com\/wp-content\/uploads\/2025\/03\/7B577AB1-C49C-4F5A-84DB-AB5C803E4BA0-2.jpg\",\"datePublished\":\"2025-03-29T19:34:46+00:00\",\"dateModified\":\"2025-12-06T18:31:33+00:00\",\"description\":\"Elevate your style with the Silver Pearl Pendant Necklace\u2014a stunning silver design with a pearl, perfect for any occasion.\",\"breadcrumb\":{\"@id\":\"https:\/\/reveurstore.com\/product\/elegant-silver-pearl-pendant-necklace\/#breadcrumb\"},\"inLanguage\":\"cs\",\"potentialAction\":[{\"@type\":\"ReadAction\",\"target\":[\"https:\/\/reveurstore.com\/product\/elegant-silver-pearl-pendant-necklace\/\"]}]},{\"@type\":\"ImageObject\",\"inLanguage\":\"cs\",\"@id\":\"https:\/\/reveurstore.com\/product\/elegant-silver-pearl-pendant-necklace\/#primaryimage\",\"url\":\"https:\/\/reveurstore.com\/wp-content\/uploads\/2025\/03\/7B577AB1-C49C-4F5A-84DB-AB5C803E4BA0-2.jpg\",\"contentUrl\":\"https:\/\/reveurstore.com\/wp-content\/uploads\/2025\/03\/7B577AB1-C49C-4F5A-84DB-AB5C803E4BA0-2.jpg\",\"width\":1209,\"height\":1512},{\"@type\":\"BreadcrumbList\",\"@id\":\"https:\/\/reveurstore.com\/product\/elegant-silver-pearl-pendant-necklace\/#breadcrumb\",\"itemListElement\":[{\"@type\":\"ListItem\",\"position\":1,\"name\":\"Home\",\"item\":\"https:\/\/reveurstore.com\/\"},{\"@type\":\"ListItem\",\"position\":2,\"name\":\"Shop\",\"item\":\"https:\/\/reveurstore.com\/shop-2\/\"},{\"@type\":\"ListItem\",\"position\":3,\"name\":\"Silver 925 Necklace Pearl\"}]},{\"@type\":\"WebSite\",\"@id\":\"https:\/\/reveurstore.com\/#website\",\"url\":\"https:\/\/reveurstore.com\/\",\"name\":\"Reveurstore\",\"description\":\"\",\"publisher\":{\"@id\":\"https:\/\/reveurstore.com\/#\/schema\/person\/c8ba2d22bfffaf45b6141539c0afdbb0\"},\"potentialAction\":[{\"@type\":\"SearchAction\",\"target\":{\"@type\":\"EntryPoint\",\"urlTemplate\":\"https:\/\/reveurstore.com\/?s={search_term_string}\"},\"query-input\":{\"@type\":\"PropertyValueSpecification\",\"valueRequired\":true,\"valueName\":\"search_term_string\"}}],\"inLanguage\":\"cs\"},{\"@type\":[\"Person\",\"Organization\"],\"@id\":\"https:\/\/reveurstore.com\/#\/schema\/person\/c8ba2d22bfffaf45b6141539c0afdbb0\",\"name\":\"Alisa K\",\"image\":{\"@type\":\"ImageObject\",\"inLanguage\":\"cs\",\"@id\":\"https:\/\/reveurstore.com\/#\/schema\/person\/image\/\",\"url\":\"https:\/\/reveurstore.com\/wp-content\/uploads\/2024\/12\/cropped-462697602_1288532802510106_971032994706855632_n-1-e1735158106742-2.jpg\",\"contentUrl\":\"https:\/\/reveurstore.com\/wp-content\/uploads\/2024\/12\/cropped-462697602_1288532802510106_971032994706855632_n-1-e1735158106742-2.jpg\",\"width\":1500,\"height\":310,\"caption\":\"Alisa K\"},\"logo\":{\"@id\":\"https:\/\/reveurstore.com\/#\/schema\/person\/image\/\"},\"sameAs\":[\"http:\/\/reveurstore.com\",\"https:\/\/www.facebook.com\/profile.php?id=61567260366294\",\"https:\/\/www.instagram.com\/reveur_jewels\/\",\"https:\/\/www.pinterest.com\/reveur_jewels\/?invite_code=485f63a53eba4b16823725cc9560ccd1&sender=1095852659237439738\",\"www.youtube.com\/@ReveurJewels\"]}]}<\/script>\n<!-- \/ Yoast SEO plugin. -->","yoast_head_json":{"title":"Silver 925 Necklace Pearl -","description":"Elevate your style with the Silver Pearl Pendant Necklace\u2014a stunning silver design with a pearl, perfect for any occasion.","robots":{"index":"index","follow":"follow","max-snippet":"max-snippet:-1","max-image-preview":"max-image-preview:large","max-video-preview":"max-video-preview:-1"},"canonical":"https:\/\/reveurstore.com\/cs\/produkt\/elegant-silver-pearl-pendant-necklace\/","og_locale":"cs_CZ","og_type":"article","og_title":"Silver 925 Necklace Pearl -","og_description":"Elevate your style with the Silver Pearl Pendant Necklace\u2014a stunning silver design with a pearl, perfect for any occasion.","og_url":"https:\/\/reveurstore.com\/cs\/produkt\/elegant-silver-pearl-pendant-necklace\/","article_publisher":"https:\/\/www.facebook.com\/profile.php?id=61567260366294","article_modified_time":"2025-12-06T18:31:33+00:00","og_image":[{"width":1209,"height":1512,"url":"https:\/\/reveurstore.com\/wp-content\/uploads\/2025\/03\/7B577AB1-C49C-4F5A-84DB-AB5C803E4BA0-2.jpg","type":"image\/jpeg"}],"twitter_card":"summary_large_image","twitter_misc":{"Odhadovan\u00e1 doba \u010dten\u00ed":"1 minuta"},"schema":{"@context":"https:\/\/schema.org","@graph":[{"@type":"WebPage","@id":"https:\/\/reveurstore.com\/product\/elegant-silver-pearl-pendant-necklace\/","url":"https:\/\/reveurstore.com\/product\/elegant-silver-pearl-pendant-necklace\/","name":"Silver 925 Necklace Pearl -","isPartOf":{"@id":"https:\/\/reveurstore.com\/#website"},"primaryImageOfPage":{"@id":"https:\/\/reveurstore.com\/product\/elegant-silver-pearl-pendant-necklace\/#primaryimage"},"image":{"@id":"https:\/\/reveurstore.com\/product\/elegant-silver-pearl-pendant-necklace\/#primaryimage"},"thumbnailUrl":"https:\/\/reveurstore.com\/wp-content\/uploads\/2025\/03\/7B577AB1-C49C-4F5A-84DB-AB5C803E4BA0-2.jpg","datePublished":"2025-03-29T19:34:46+00:00","dateModified":"2025-12-06T18:31:33+00:00","description":"Elevate your style with the Silver Pearl Pendant Necklace\u2014a stunning silver design with a pearl, perfect for any occasion.","breadcrumb":{"@id":"https:\/\/reveurstore.com\/product\/elegant-silver-pearl-pendant-necklace\/#breadcrumb"},"inLanguage":"cs","potentialAction":[{"@type":"ReadAction","target":["https:\/\/reveurstore.com\/product\/elegant-silver-pearl-pendant-necklace\/"]}]},{"@type":"ImageObject","inLanguage":"cs","@id":"https:\/\/reveurstore.com\/product\/elegant-silver-pearl-pendant-necklace\/#primaryimage","url":"https:\/\/reveurstore.com\/wp-content\/uploads\/2025\/03\/7B577AB1-C49C-4F5A-84DB-AB5C803E4BA0-2.jpg","contentUrl":"https:\/\/reveurstore.com\/wp-content\/uploads\/2025\/03\/7B577AB1-C49C-4F5A-84DB-AB5C803E4BA0-2.jpg","width":1209,"height":1512},{"@type":"BreadcrumbList","@id":"https:\/\/reveurstore.com\/product\/elegant-silver-pearl-pendant-necklace\/#breadcrumb","itemListElement":[{"@type":"ListItem","position":1,"name":"Home","item":"https:\/\/reveurstore.com\/"},{"@type":"ListItem","position":2,"name":"Shop","item":"https:\/\/reveurstore.com\/shop-2\/"},{"@type":"ListItem","position":3,"name":"Silver 925 Necklace Pearl"}]},{"@type":"WebSite","@id":"https:\/\/reveurstore.com\/#website","url":"https:\/\/reveurstore.com\/","name":"Reveurstore","description":"","publisher":{"@id":"https:\/\/reveurstore.com\/#\/schema\/person\/c8ba2d22bfffaf45b6141539c0afdbb0"},"potentialAction":[{"@type":"SearchAction","target":{"@type":"EntryPoint","urlTemplate":"https:\/\/reveurstore.com\/?s={search_term_string}"},"query-input":{"@type":"PropertyValueSpecification","valueRequired":true,"valueName":"search_term_string"}}],"inLanguage":"cs"},{"@type":["Person","Organization"],"@id":"https:\/\/reveurstore.com\/#\/schema\/person\/c8ba2d22bfffaf45b6141539c0afdbb0","name":"Alisa K.","image":{"@type":"ImageObject","inLanguage":"cs","@id":"https:\/\/reveurstore.com\/#\/schema\/person\/image\/","url":"https:\/\/reveurstore.com\/wp-content\/uploads\/2024\/12\/cropped-462697602_1288532802510106_971032994706855632_n-1-e1735158106742-2.jpg","contentUrl":"https:\/\/reveurstore.com\/wp-content\/uploads\/2024\/12\/cropped-462697602_1288532802510106_971032994706855632_n-1-e1735158106742-2.jpg","width":1500,"height":310,"caption":"Alisa K"},"logo":{"@id":"https:\/\/reveurstore.com\/#\/schema\/person\/image\/"},"sameAs":["http:\/\/reveurstore.com","https:\/\/www.facebook.com\/profile.php?id=61567260366294","https:\/\/www.instagram.com\/reveur_jewels\/","https:\/\/www.pinterest.com\/reveur_jewels\/?invite_code=485f63a53eba4b16823725cc9560ccd1&sender=1095852659237439738","www.youtube.com\/@ReveurJewels"]}]}},"uagb_featured_image_src":{"full":["https:\/\/reveurstore.com\/wp-content\/uploads\/2025\/03\/7B577AB1-C49C-4F5A-84DB-AB5C803E4BA0-2.jpg",1209,1512,false],"thumbnail":["https:\/\/reveurstore.com\/wp-content\/uploads\/2025\/03\/7B577AB1-C49C-4F5A-84DB-AB5C803E4BA0-2-150x150.jpg",150,150,true],"medium":["https:\/\/reveurstore.com\/wp-content\/uploads\/2025\/03\/7B577AB1-C49C-4F5A-84DB-AB5C803E4BA0-2-240x300.jpg",240,300,true],"medium_large":["https:\/\/reveurstore.com\/wp-content\/uploads\/2025\/03\/7B577AB1-C49C-4F5A-84DB-AB5C803E4BA0-2-768x960.jpg",768,960,true],"large":["https:\/\/reveurstore.com\/wp-content\/uploads\/2025\/03\/7B577AB1-C49C-4F5A-84DB-AB5C803E4BA0-2-819x1024.jpg",819,1024,true],"1536x1536":["https:\/\/reveurstore.com\/wp-content\/uploads\/2025\/03\/7B577AB1-C49C-4F5A-84DB-AB5C803E4BA0-2.jpg",1209,1512,false],"2048x2048":["https:\/\/reveurstore.com\/wp-content\/uploads\/2025\/03\/7B577AB1-C49C-4F5A-84DB-AB5C803E4BA0-2.jpg",1209,1512,false],"trp-custom-language-flag":["https:\/\/reveurstore.com\/wp-content\/uploads\/2025\/03\/7B577AB1-C49C-4F5A-84DB-AB5C803E4BA0-2-10x12.jpg",10,12,true],"tp-image-grid":["https:\/\/reveurstore.com\/wp-content\/uploads\/2025\/03\/7B577AB1-C49C-4F5A-84DB-AB5C803E4BA0-2.jpg",560,700,false],"woocommerce_thumbnail":["https:\/\/reveurstore.com\/wp-content\/uploads\/2025\/03\/7B577AB1-C49C-4F5A-84DB-AB5C803E4BA0-2-500x500.jpg",500,500,true],"woocommerce_single":["https:\/\/reveurstore.com\/wp-content\/uploads\/2025\/03\/7B577AB1-C49C-4F5A-84DB-AB5C803E4BA0-2-600x750.jpg",600,750,true],"woocommerce_gallery_thumbnail":["https:\/\/reveurstore.com\/wp-content\/uploads\/2025\/03\/7B577AB1-C49C-4F5A-84DB-AB5C803E4BA0-2-100x100.jpg",100,100,true]},"uagb_author_info":{"display_name":"Alisa K","author_link":"https:\/\/reveurstore.com\/cs\/author\/"},"uagb_comment_info":0,"uagb_excerpt":"Material: silver 925, pearl Length: 41+5 cm; weight: 3,85 g. Pendant size: 1.36 x 0,78 cm Pearl size: 0,7 x 0,5 cm","_links":{"self":[{"href":"https:\/\/reveurstore.com\/cs\/wp-json\/wp\/v2\/product\/2894","targetHints":{"allow":["GET"]}}],"collection":[{"href":"https:\/\/reveurstore.com\/cs\/wp-json\/wp\/v2\/product"}],"about":[{"href":"https:\/\/reveurstore.com\/cs\/wp-json\/wp\/v2\/types\/product"}],"wp:featuredmedia":[{"embeddable":true,"href":"https:\/\/reveurstore.com\/cs\/wp-json\/wp\/v2\/media\/3628"}],"wp:attachment":[{"href":"https:\/\/reveurstore.com\/cs\/wp-json\/wp\/v2\/media?parent=2894"}],"wp:term":[{"taxonomy":"product_brand","embeddable":true,"href":"https:\/\/reveurstore.com\/cs\/wp-json\/wp\/v2\/product_brand?post=2894"},{"taxonomy":"product_cat","embeddable":true,"href":"https:\/\/reveurstore.com\/cs\/wp-json\/wp\/v2\/product_cat?post=2894"},{"taxonomy":"product_tag","embeddable":true,"href":"https:\/\/reveurstore.com\/cs\/wp-json\/wp\/v2\/product_tag?post=2894"}],"curies":[{"name":"wp","href":"https:\/\/api.w.org\/{rel}","templated":true}]}}