{"id":2957,"date":"2025-04-12T19:36:26","date_gmt":"2025-04-12T19:36:26","guid":{"rendered":"https:\/\/reveurstore.com\/?post_type=product&#038;p=2957"},"modified":"2025-12-05T22:00:58","modified_gmt":"2025-12-05T22:00:58","slug":"silver-earrings-birds-with-chain-gold-plated","status":"publish","type":"product","link":"https:\/\/reveurstore.com\/cs\/produkt\/silver-earrings-birds-with-chain-gold-plated\/","title":{"rendered":"St\u0159\u00edbrn\u00e9 925 n\u00e1u\u0161nice s \u0159et\u00edzkem a pozlacen\u00fdmi motivy pt\u00e1\u010dk\u016f"},"content":{"rendered":"<p class=\"\" data-start=\"201\" data-end=\"824\"><strong>Materi\u00e1l<\/strong>: st\u0159\u00edbro 925, pozlacen\u00e9<\/p>\n<p data-start=\"201\" data-end=\"824\"><strong>Velikost<\/strong>: 6 cm<\/p>\n<p data-start=\"201\" data-end=\"824\"><strong>D\u00e9lka<\/strong> sestupn\u00e9ho \u0159et\u00edzku: 3,1 cm<\/p>\n<p data-start=\"201\" data-end=\"824\"><strong>Hmotnost<\/strong>: 4 g.<\/p>\n<p data-start=\"201\" data-end=\"824\">","protected":false},"excerpt":{"rendered":"<p>Materi\u00e1l: st\u0159\u00edbro 925, pozlacen\u00e9 Velikost: 6 cm D\u00e9lka sestupn\u00e9ho \u0159et\u00edzku: 3,1 cm Hmotnost: 4 g.<\/p>","protected":false},"featured_media":3216,"template":"","meta":{"_uag_custom_page_level_css":"","site-sidebar-layout":"default","site-content-layout":"","ast-site-content-layout":"default","site-content-style":"default","site-sidebar-style":"default","ast-global-header-display":"","ast-banner-title-visibility":"","ast-main-header-display":"","ast-hfb-above-header-display":"","ast-hfb-below-header-display":"","ast-hfb-mobile-header-display":"","site-post-title":"","ast-breadcrumbs-content":"","ast-featured-img":"","footer-sml-layout":"","theme-transparent-header-meta":"default","adv-header-id-meta":"","stick-header-meta":"","header-above-stick-meta":"","header-main-stick-meta":"","header-below-stick-meta":"","astra-migrate-meta-layouts":"set","ast-page-background-enabled":"default","ast-page-background-meta":{"desktop":{"background-color":"var(--ast-global-color-4)","background-image":"","background-repeat":"repeat","background-position":"center center","background-size":"auto","background-attachment":"scroll","background-type":"","background-media":"","overlay-type":"","overlay-color":"","overlay-opacity":"","overlay-gradient":""},"tablet":{"background-color":"","background-image":"","background-repeat":"repeat","background-position":"center center","background-size":"auto","background-attachment":"scroll","background-type":"","background-media":"","overlay-type":"","overlay-color":"","overlay-opacity":"","overlay-gradient":""},"mobile":{"background-color":"","background-image":"","background-repeat":"repeat","background-position":"center center","background-size":"auto","background-attachment":"scroll","background-type":"","background-media":"","overlay-type":"","overlay-color":"","overlay-opacity":"","overlay-gradient":""}},"ast-content-background-meta":{"desktop":{"background-color":"var(--ast-global-color-5)","background-image":"","background-repeat":"repeat","background-position":"center center","background-size":"auto","background-attachment":"scroll","background-type":"","background-media":"","overlay-type":"","overlay-color":"","overlay-opacity":"","overlay-gradient":""},"tablet":{"background-color":"var(--ast-global-color-5)","background-image":"","background-repeat":"repeat","background-position":"center center","background-size":"auto","background-attachment":"scroll","background-type":"","background-media":"","overlay-type":"","overlay-color":"","overlay-opacity":"","overlay-gradient":""},"mobile":{"background-color":"var(--ast-global-color-5)","background-image":"","background-repeat":"repeat","background-position":"center center","background-size":"auto","background-attachment":"scroll","background-type":"","background-media":"","overlay-type":"","overlay-color":"","overlay-opacity":"","overlay-gradient":""}}},"product_brand":[],"product_cat":[16,24],"product_tag":[],"class_list":{"0":"post-2957","1":"product","2":"type-product","3":"status-publish","4":"has-post-thumbnail","6":"product_cat-silver","7":"product_cat-earrings","8":"desktop-align-left","9":"tablet-align-left","10":"mobile-align-left","12":"first","13":"instock","14":"sale","15":"shipping-taxable","16":"purchasable","17":"product-type-simple"},"yoast_head":"<!-- This site is optimized with the Yoast SEO plugin v26.5 - https:\/\/yoast.com\/wordpress\/plugins\/seo\/ -->\n<title>Silver 925 &amp; gold-plated Earrings with chain Birds -<\/title>\n<meta name=\"description\" content=\"Elegant silver bird earrings with gold plated accents and chains. Lightweight, stylish, and full of motion.\" \/>\n<meta name=\"robots\" content=\"index, follow, max-snippet:-1, max-image-preview:large, max-video-preview:-1\" \/>\n<link rel=\"canonical\" href=\"https:\/\/reveurstore.com\/cs\/produkt\/silver-earrings-birds-with-chain-gold-plated\/\" \/>\n<meta property=\"og:locale\" content=\"cs_CZ\" \/>\n<meta property=\"og:type\" content=\"article\" \/>\n<meta property=\"og:title\" content=\"Silver 925 &amp; gold-plated Earrings with chain Birds -\" \/>\n<meta property=\"og:description\" content=\"Elegant silver bird earrings with gold plated accents and chains. Lightweight, stylish, and full of motion.\" \/>\n<meta property=\"og:url\" content=\"https:\/\/reveurstore.com\/cs\/produkt\/silver-earrings-birds-with-chain-gold-plated\/\" \/>\n<meta property=\"article:publisher\" content=\"https:\/\/www.facebook.com\/profile.php?id=61567260366294\" \/>\n<meta property=\"article:modified_time\" content=\"2025-12-05T22:00:58+00:00\" \/>\n<meta property=\"og:image\" content=\"https:\/\/reveurstore.com\/wp-content\/uploads\/2025\/04\/B4575169-91BC-4A32-918C-8A9EDAA9FCF6-5.jpg\" \/>\n\t<meta property=\"og:image:width\" content=\"959\" \/>\n\t<meta property=\"og:image:height\" content=\"1199\" \/>\n\t<meta property=\"og:image:type\" content=\"image\/jpeg\" \/>\n<meta name=\"twitter:card\" content=\"summary_large_image\" \/>\n<meta name=\"twitter:label1\" content=\"Odhadovan\u00e1 doba \u010dten\u00ed\" \/>\n\t<meta name=\"twitter:data1\" content=\"1 minuta\" \/>\n<script type=\"application\/ld+json\" class=\"yoast-schema-graph\">{\"@context\":\"https:\/\/schema.org\",\"@graph\":[{\"@type\":\"WebPage\",\"@id\":\"https:\/\/reveurstore.com\/product\/silver-earrings-birds-with-chain-gold-plated\/\",\"url\":\"https:\/\/reveurstore.com\/product\/silver-earrings-birds-with-chain-gold-plated\/\",\"name\":\"Silver 925 & gold-plated Earrings with chain Birds -\",\"isPartOf\":{\"@id\":\"https:\/\/reveurstore.com\/#website\"},\"primaryImageOfPage\":{\"@id\":\"https:\/\/reveurstore.com\/product\/silver-earrings-birds-with-chain-gold-plated\/#primaryimage\"},\"image\":{\"@id\":\"https:\/\/reveurstore.com\/product\/silver-earrings-birds-with-chain-gold-plated\/#primaryimage\"},\"thumbnailUrl\":\"https:\/\/reveurstore.com\/wp-content\/uploads\/2025\/04\/B4575169-91BC-4A32-918C-8A9EDAA9FCF6-5.jpg\",\"datePublished\":\"2025-04-12T19:36:26+00:00\",\"dateModified\":\"2025-12-05T22:00:58+00:00\",\"description\":\"Elegant silver bird earrings with gold plated accents and chains. Lightweight, stylish, and full of motion.\",\"breadcrumb\":{\"@id\":\"https:\/\/reveurstore.com\/product\/silver-earrings-birds-with-chain-gold-plated\/#breadcrumb\"},\"inLanguage\":\"cs\",\"potentialAction\":[{\"@type\":\"ReadAction\",\"target\":[\"https:\/\/reveurstore.com\/product\/silver-earrings-birds-with-chain-gold-plated\/\"]}]},{\"@type\":\"ImageObject\",\"inLanguage\":\"cs\",\"@id\":\"https:\/\/reveurstore.com\/product\/silver-earrings-birds-with-chain-gold-plated\/#primaryimage\",\"url\":\"https:\/\/reveurstore.com\/wp-content\/uploads\/2025\/04\/B4575169-91BC-4A32-918C-8A9EDAA9FCF6-5.jpg\",\"contentUrl\":\"https:\/\/reveurstore.com\/wp-content\/uploads\/2025\/04\/B4575169-91BC-4A32-918C-8A9EDAA9FCF6-5.jpg\",\"width\":959,\"height\":1199},{\"@type\":\"BreadcrumbList\",\"@id\":\"https:\/\/reveurstore.com\/product\/silver-earrings-birds-with-chain-gold-plated\/#breadcrumb\",\"itemListElement\":[{\"@type\":\"ListItem\",\"position\":1,\"name\":\"Home\",\"item\":\"https:\/\/reveurstore.com\/\"},{\"@type\":\"ListItem\",\"position\":2,\"name\":\"Shop\",\"item\":\"https:\/\/reveurstore.com\/shop-2\/\"},{\"@type\":\"ListItem\",\"position\":3,\"name\":\"Silver 925 &#038; gold-plated Earrings with chain Birds\"}]},{\"@type\":\"WebSite\",\"@id\":\"https:\/\/reveurstore.com\/#website\",\"url\":\"https:\/\/reveurstore.com\/\",\"name\":\"Reveurstore\",\"description\":\"\",\"publisher\":{\"@id\":\"https:\/\/reveurstore.com\/#\/schema\/person\/c8ba2d22bfffaf45b6141539c0afdbb0\"},\"potentialAction\":[{\"@type\":\"SearchAction\",\"target\":{\"@type\":\"EntryPoint\",\"urlTemplate\":\"https:\/\/reveurstore.com\/?s={search_term_string}\"},\"query-input\":{\"@type\":\"PropertyValueSpecification\",\"valueRequired\":true,\"valueName\":\"search_term_string\"}}],\"inLanguage\":\"cs\"},{\"@type\":[\"Person\",\"Organization\"],\"@id\":\"https:\/\/reveurstore.com\/#\/schema\/person\/c8ba2d22bfffaf45b6141539c0afdbb0\",\"name\":\"Alisa K\",\"image\":{\"@type\":\"ImageObject\",\"inLanguage\":\"cs\",\"@id\":\"https:\/\/reveurstore.com\/#\/schema\/person\/image\/\",\"url\":\"https:\/\/reveurstore.com\/wp-content\/uploads\/2024\/12\/cropped-462697602_1288532802510106_971032994706855632_n-1-e1735158106742-2.jpg\",\"contentUrl\":\"https:\/\/reveurstore.com\/wp-content\/uploads\/2024\/12\/cropped-462697602_1288532802510106_971032994706855632_n-1-e1735158106742-2.jpg\",\"width\":1500,\"height\":310,\"caption\":\"Alisa K\"},\"logo\":{\"@id\":\"https:\/\/reveurstore.com\/#\/schema\/person\/image\/\"},\"sameAs\":[\"http:\/\/reveurstore.com\",\"https:\/\/www.facebook.com\/profile.php?id=61567260366294\",\"https:\/\/www.instagram.com\/reveur_jewels\/\",\"https:\/\/www.pinterest.com\/reveur_jewels\/?invite_code=485f63a53eba4b16823725cc9560ccd1&sender=1095852659237439738\",\"www.youtube.com\/@ReveurJewels\"]}]}<\/script>\n<!-- \/ Yoast SEO plugin. -->","yoast_head_json":{"title":"Silver 925 & gold-plated Earrings with chain Birds -","description":"Elegant silver bird earrings with gold plated accents and chains. Lightweight, stylish, and full of motion.","robots":{"index":"index","follow":"follow","max-snippet":"max-snippet:-1","max-image-preview":"max-image-preview:large","max-video-preview":"max-video-preview:-1"},"canonical":"https:\/\/reveurstore.com\/cs\/produkt\/silver-earrings-birds-with-chain-gold-plated\/","og_locale":"cs_CZ","og_type":"article","og_title":"Silver 925 & gold-plated Earrings with chain Birds -","og_description":"Elegant silver bird earrings with gold plated accents and chains. Lightweight, stylish, and full of motion.","og_url":"https:\/\/reveurstore.com\/cs\/produkt\/silver-earrings-birds-with-chain-gold-plated\/","article_publisher":"https:\/\/www.facebook.com\/profile.php?id=61567260366294","article_modified_time":"2025-12-05T22:00:58+00:00","og_image":[{"width":959,"height":1199,"url":"https:\/\/reveurstore.com\/wp-content\/uploads\/2025\/04\/B4575169-91BC-4A32-918C-8A9EDAA9FCF6-5.jpg","type":"image\/jpeg"}],"twitter_card":"summary_large_image","twitter_misc":{"Odhadovan\u00e1 doba \u010dten\u00ed":"1 minuta"},"schema":{"@context":"https:\/\/schema.org","@graph":[{"@type":"WebPage","@id":"https:\/\/reveurstore.com\/product\/silver-earrings-birds-with-chain-gold-plated\/","url":"https:\/\/reveurstore.com\/product\/silver-earrings-birds-with-chain-gold-plated\/","name":"Silver 925 & gold-plated Earrings with chain Birds -","isPartOf":{"@id":"https:\/\/reveurstore.com\/#website"},"primaryImageOfPage":{"@id":"https:\/\/reveurstore.com\/product\/silver-earrings-birds-with-chain-gold-plated\/#primaryimage"},"image":{"@id":"https:\/\/reveurstore.com\/product\/silver-earrings-birds-with-chain-gold-plated\/#primaryimage"},"thumbnailUrl":"https:\/\/reveurstore.com\/wp-content\/uploads\/2025\/04\/B4575169-91BC-4A32-918C-8A9EDAA9FCF6-5.jpg","datePublished":"2025-04-12T19:36:26+00:00","dateModified":"2025-12-05T22:00:58+00:00","description":"Elegant silver bird earrings with gold plated accents and chains. Lightweight, stylish, and full of motion.","breadcrumb":{"@id":"https:\/\/reveurstore.com\/product\/silver-earrings-birds-with-chain-gold-plated\/#breadcrumb"},"inLanguage":"cs","potentialAction":[{"@type":"ReadAction","target":["https:\/\/reveurstore.com\/product\/silver-earrings-birds-with-chain-gold-plated\/"]}]},{"@type":"ImageObject","inLanguage":"cs","@id":"https:\/\/reveurstore.com\/product\/silver-earrings-birds-with-chain-gold-plated\/#primaryimage","url":"https:\/\/reveurstore.com\/wp-content\/uploads\/2025\/04\/B4575169-91BC-4A32-918C-8A9EDAA9FCF6-5.jpg","contentUrl":"https:\/\/reveurstore.com\/wp-content\/uploads\/2025\/04\/B4575169-91BC-4A32-918C-8A9EDAA9FCF6-5.jpg","width":959,"height":1199},{"@type":"BreadcrumbList","@id":"https:\/\/reveurstore.com\/product\/silver-earrings-birds-with-chain-gold-plated\/#breadcrumb","itemListElement":[{"@type":"ListItem","position":1,"name":"Home","item":"https:\/\/reveurstore.com\/"},{"@type":"ListItem","position":2,"name":"Shop","item":"https:\/\/reveurstore.com\/shop-2\/"},{"@type":"ListItem","position":3,"name":"Silver 925 &#038; gold-plated Earrings with chain Birds"}]},{"@type":"WebSite","@id":"https:\/\/reveurstore.com\/#website","url":"https:\/\/reveurstore.com\/","name":"Reveurstore","description":"","publisher":{"@id":"https:\/\/reveurstore.com\/#\/schema\/person\/c8ba2d22bfffaf45b6141539c0afdbb0"},"potentialAction":[{"@type":"SearchAction","target":{"@type":"EntryPoint","urlTemplate":"https:\/\/reveurstore.com\/?s={search_term_string}"},"query-input":{"@type":"PropertyValueSpecification","valueRequired":true,"valueName":"search_term_string"}}],"inLanguage":"cs"},{"@type":["Person","Organization"],"@id":"https:\/\/reveurstore.com\/#\/schema\/person\/c8ba2d22bfffaf45b6141539c0afdbb0","name":"Alisa K.","image":{"@type":"ImageObject","inLanguage":"cs","@id":"https:\/\/reveurstore.com\/#\/schema\/person\/image\/","url":"https:\/\/reveurstore.com\/wp-content\/uploads\/2024\/12\/cropped-462697602_1288532802510106_971032994706855632_n-1-e1735158106742-2.jpg","contentUrl":"https:\/\/reveurstore.com\/wp-content\/uploads\/2024\/12\/cropped-462697602_1288532802510106_971032994706855632_n-1-e1735158106742-2.jpg","width":1500,"height":310,"caption":"Alisa K"},"logo":{"@id":"https:\/\/reveurstore.com\/#\/schema\/person\/image\/"},"sameAs":["http:\/\/reveurstore.com","https:\/\/www.facebook.com\/profile.php?id=61567260366294","https:\/\/www.instagram.com\/reveur_jewels\/","https:\/\/www.pinterest.com\/reveur_jewels\/?invite_code=485f63a53eba4b16823725cc9560ccd1&sender=1095852659237439738","www.youtube.com\/@ReveurJewels"]}]}},"uagb_featured_image_src":{"full":["https:\/\/reveurstore.com\/wp-content\/uploads\/2025\/04\/B4575169-91BC-4A32-918C-8A9EDAA9FCF6-5.jpg",959,1199,false],"thumbnail":["https:\/\/reveurstore.com\/wp-content\/uploads\/2025\/04\/B4575169-91BC-4A32-918C-8A9EDAA9FCF6-5-150x150.jpg",150,150,true],"medium":["https:\/\/reveurstore.com\/wp-content\/uploads\/2025\/04\/B4575169-91BC-4A32-918C-8A9EDAA9FCF6-5-240x300.jpg",240,300,true],"medium_large":["https:\/\/reveurstore.com\/wp-content\/uploads\/2025\/04\/B4575169-91BC-4A32-918C-8A9EDAA9FCF6-5-768x960.jpg",768,960,true],"large":["https:\/\/reveurstore.com\/wp-content\/uploads\/2025\/04\/B4575169-91BC-4A32-918C-8A9EDAA9FCF6-5-819x1024.jpg",819,1024,true],"1536x1536":["https:\/\/reveurstore.com\/wp-content\/uploads\/2025\/04\/B4575169-91BC-4A32-918C-8A9EDAA9FCF6-5.jpg",959,1199,false],"2048x2048":["https:\/\/reveurstore.com\/wp-content\/uploads\/2025\/04\/B4575169-91BC-4A32-918C-8A9EDAA9FCF6-5.jpg",959,1199,false],"trp-custom-language-flag":["https:\/\/reveurstore.com\/wp-content\/uploads\/2025\/04\/B4575169-91BC-4A32-918C-8A9EDAA9FCF6-5.jpg",10,12,false],"tp-image-grid":["https:\/\/reveurstore.com\/wp-content\/uploads\/2025\/04\/B4575169-91BC-4A32-918C-8A9EDAA9FCF6-5.jpg",560,700,false],"woocommerce_thumbnail":["https:\/\/reveurstore.com\/wp-content\/uploads\/2025\/04\/B4575169-91BC-4A32-918C-8A9EDAA9FCF6-5-500x500.jpg",500,500,true],"woocommerce_single":["https:\/\/reveurstore.com\/wp-content\/uploads\/2025\/04\/B4575169-91BC-4A32-918C-8A9EDAA9FCF6-5-600x750.jpg",600,750,true],"woocommerce_gallery_thumbnail":["https:\/\/reveurstore.com\/wp-content\/uploads\/2025\/04\/B4575169-91BC-4A32-918C-8A9EDAA9FCF6-5-100x100.jpg",100,100,true]},"uagb_author_info":{"display_name":"Alisa K","author_link":"https:\/\/reveurstore.com\/cs\/author\/"},"uagb_comment_info":0,"uagb_excerpt":"Material: 925 silver, gold-plated Size: 6 cm Length of the descending chain: 3.1 cm Weight: 4 g.","_links":{"self":[{"href":"https:\/\/reveurstore.com\/cs\/wp-json\/wp\/v2\/product\/2957","targetHints":{"allow":["GET"]}}],"collection":[{"href":"https:\/\/reveurstore.com\/cs\/wp-json\/wp\/v2\/product"}],"about":[{"href":"https:\/\/reveurstore.com\/cs\/wp-json\/wp\/v2\/types\/product"}],"wp:featuredmedia":[{"embeddable":true,"href":"https:\/\/reveurstore.com\/cs\/wp-json\/wp\/v2\/media\/3216"}],"wp:attachment":[{"href":"https:\/\/reveurstore.com\/cs\/wp-json\/wp\/v2\/media?parent=2957"}],"wp:term":[{"taxonomy":"product_brand","embeddable":true,"href":"https:\/\/reveurstore.com\/cs\/wp-json\/wp\/v2\/product_brand?post=2957"},{"taxonomy":"product_cat","embeddable":true,"href":"https:\/\/reveurstore.com\/cs\/wp-json\/wp\/v2\/product_cat?post=2957"},{"taxonomy":"product_tag","embeddable":true,"href":"https:\/\/reveurstore.com\/cs\/wp-json\/wp\/v2\/product_tag?post=2957"}],"curies":[{"name":"wp","href":"https:\/\/api.w.org\/{rel}","templated":true}]}}