{"id":3064,"date":"2025-05-17T20:49:50","date_gmt":"2025-05-17T20:49:50","guid":{"rendered":"https:\/\/reveurstore.com\/?post_type=product&#038;p=3064"},"modified":"2025-12-06T15:49:04","modified_gmt":"2025-12-06T15:49:04","slug":"set-necklace-bracelet-earrings-ring-flower-gold-plated","status":"publish","type":"product","link":"https:\/\/reveurstore.com\/cs\/produkt\/set-necklace-bracelet-earrings-ring-flower-gold-plated\/","title":{"rendered":"St\u0159\u00edbrn\u00fd set 925, pozlacen\u00fd"},"content":{"rendered":"<p class=\"p1\"><span class=\"s1\"><strong>Materi\u00e1l:<\/strong> <\/span><span class=\"s1\">St\u0159\u00edbro 925,<\/span><span class=\"s1\">pozlacen\u00fd<\/span><\/p>\n<p class=\"p1\"><strong><span class=\"s1\">Rozm\u011bry:<\/span><\/strong><\/p>\n<ul>\n<li>\n<p class=\"p1\"><span class=\"s1\">N\u00e1hrdeln\u00edk:<\/span><span class=\"s2\"> 40 cm + prodlou\u017een\u00ed 5,5 cm<\/span><\/p>\n<\/li>\n<li>\n<p class=\"p1\"><span class=\"s1\">N\u00e1ramek:<\/span><span class=\"s2\"> 15,5 cm + prodlou\u017een\u00ed 3,5 cm<\/span><\/p>\n<\/li>\n<li>\n<p class=\"p1\"><span class=\"s1\">N\u00e1u\u0161nice:<\/span><span class=\"s2\"> Pr\u016fm\u011br 8 mm<\/span><\/p>\n<\/li>\n<li>\n<p class=\"p1\"><span class=\"s1\">Prsten:<\/span><span class=\"s2\"> Nastaviteln\u00e1 velikost<\/span><\/p>\n<\/li>\n<\/ul>\n<p class=\"p1\"><strong><span class=\"s1\">Hmotnost:<\/span><\/strong><\/p>\n<ul>\n<li>\n<p class=\"p1\"><span class=\"s1\">Prsten:<\/span><span class=\"s2\"> 0,78 g<\/span><\/p>\n<\/li>\n<li>\n<p class=\"p1\"><span class=\"s1\">N\u00e1hrdeln\u00edk:<\/span><span class=\"s2\"> 1,9 g<\/span><\/p>\n<\/li>\n<li>\n<p class=\"p1\"><span class=\"s1\">N\u00e1u\u0161nice (p\u00e1r):<\/span><span class=\"s2\"> 1,5 g<\/span><\/p>\n<\/li>\n<li>\n<p class=\"p1\"><span class=\"s1\">N\u00e1ramek:<\/span><span class=\"s2\"> 1,4 g<\/span><\/p>\n<\/li>\n<\/ul>\n<p>&nbsp;<\/p>","protected":false},"excerpt":{"rendered":"<p>Materi\u00e1l: St\u0159\u00edbro 925, pozlacen\u00e9 Rozm\u011bry: N\u00e1hrdeln\u00edk: 40 cm + prodlou\u017een\u00ed 5,5 cm N\u00e1ramek: 15,5 cm + prodlou\u017een\u00ed 3,5 cm N\u00e1u\u0161nice: pr\u016fm\u011br 8 mm Prsten: Nastaviteln\u00e1 velikost Hmotnost: Prsten: 0,78 g N\u00e1hrdeln\u00edk: 1,9 g N\u00e1u\u0161nice (p\u00e1r): 1,5 g N\u00e1ramek: 1,4 g &nbsp;<\/p>","protected":false},"featured_media":3940,"template":"","meta":{"_uag_custom_page_level_css":"","site-sidebar-layout":"default","site-content-layout":"","ast-site-content-layout":"default","site-content-style":"default","site-sidebar-style":"default","ast-global-header-display":"","ast-banner-title-visibility":"","ast-main-header-display":"","ast-hfb-above-header-display":"","ast-hfb-below-header-display":"","ast-hfb-mobile-header-display":"","site-post-title":"","ast-breadcrumbs-content":"","ast-featured-img":"","footer-sml-layout":"","theme-transparent-header-meta":"default","adv-header-id-meta":"","stick-header-meta":"","header-above-stick-meta":"","header-main-stick-meta":"","header-below-stick-meta":"","astra-migrate-meta-layouts":"set","ast-page-background-enabled":"default","ast-page-background-meta":{"desktop":{"background-color":"var(--ast-global-color-4)","background-image":"","background-repeat":"repeat","background-position":"center center","background-size":"auto","background-attachment":"scroll","background-type":"","background-media":"","overlay-type":"","overlay-color":"","overlay-opacity":"","overlay-gradient":""},"tablet":{"background-color":"","background-image":"","background-repeat":"repeat","background-position":"center center","background-size":"auto","background-attachment":"scroll","background-type":"","background-media":"","overlay-type":"","overlay-color":"","overlay-opacity":"","overlay-gradient":""},"mobile":{"background-color":"","background-image":"","background-repeat":"repeat","background-position":"center center","background-size":"auto","background-attachment":"scroll","background-type":"","background-media":"","overlay-type":"","overlay-color":"","overlay-opacity":"","overlay-gradient":""}},"ast-content-background-meta":{"desktop":{"background-color":"var(--ast-global-color-5)","background-image":"","background-repeat":"repeat","background-position":"center center","background-size":"auto","background-attachment":"scroll","background-type":"","background-media":"","overlay-type":"","overlay-color":"","overlay-opacity":"","overlay-gradient":""},"tablet":{"background-color":"var(--ast-global-color-5)","background-image":"","background-repeat":"repeat","background-position":"center center","background-size":"auto","background-attachment":"scroll","background-type":"","background-media":"","overlay-type":"","overlay-color":"","overlay-opacity":"","overlay-gradient":""},"mobile":{"background-color":"var(--ast-global-color-5)","background-image":"","background-repeat":"repeat","background-position":"center center","background-size":"auto","background-attachment":"scroll","background-type":"","background-media":"","overlay-type":"","overlay-color":"","overlay-opacity":"","overlay-gradient":""}}},"product_brand":[],"product_cat":[16,30],"product_tag":[],"class_list":{"0":"post-3064","1":"product","2":"type-product","3":"status-publish","4":"has-post-thumbnail","6":"product_cat-silver","7":"product_cat-sets","8":"desktop-align-left","9":"tablet-align-left","10":"mobile-align-left","12":"first","13":"instock","14":"sale","15":"shipping-taxable","16":"purchasable","17":"product-type-simple"},"yoast_head":"<!-- This site is optimized with the Yoast SEO plugin v26.5 - https:\/\/yoast.com\/wordpress\/plugins\/seo\/ -->\n<title>Silver 925 &amp; gold-plated Set Flower -<\/title>\n<meta name=\"description\" content=\"925 silver jewelry set with flower motifs and gold-plated centers. Includes necklace, bracelet, earrings, and an adjustable ring.\" \/>\n<meta name=\"robots\" content=\"index, follow, max-snippet:-1, max-image-preview:large, max-video-preview:-1\" \/>\n<link rel=\"canonical\" href=\"https:\/\/reveurstore.com\/cs\/produkt\/set-necklace-bracelet-earrings-ring-flower-gold-plated\/\" \/>\n<meta property=\"og:locale\" content=\"cs_CZ\" \/>\n<meta property=\"og:type\" content=\"article\" \/>\n<meta property=\"og:title\" content=\"Silver 925 &amp; gold-plated Set Flower -\" \/>\n<meta property=\"og:description\" content=\"925 silver jewelry set with flower motifs and gold-plated centers. Includes necklace, bracelet, earrings, and an adjustable ring.\" \/>\n<meta property=\"og:url\" content=\"https:\/\/reveurstore.com\/cs\/produkt\/set-necklace-bracelet-earrings-ring-flower-gold-plated\/\" \/>\n<meta property=\"article:publisher\" content=\"https:\/\/www.facebook.com\/profile.php?id=61567260366294\" \/>\n<meta property=\"article:modified_time\" content=\"2025-12-06T15:49:04+00:00\" \/>\n<meta property=\"og:image\" content=\"https:\/\/reveurstore.com\/wp-content\/uploads\/2025\/05\/\u041d\u043e\u0432\u044b\u0439-\u043f\u0440\u043e\u0435\u043a\u0442.jpg\" \/>\n\t<meta property=\"og:image:width\" content=\"1080\" \/>\n\t<meta property=\"og:image:height\" content=\"1350\" \/>\n\t<meta property=\"og:image:type\" content=\"image\/jpeg\" \/>\n<meta name=\"twitter:card\" content=\"summary_large_image\" \/>\n<meta name=\"twitter:label1\" content=\"Odhadovan\u00e1 doba \u010dten\u00ed\" \/>\n\t<meta name=\"twitter:data1\" content=\"1 minuta\" \/>\n<script type=\"application\/ld+json\" class=\"yoast-schema-graph\">{\"@context\":\"https:\/\/schema.org\",\"@graph\":[{\"@type\":\"WebPage\",\"@id\":\"https:\/\/reveurstore.com\/product\/set-necklace-bracelet-earrings-ring-flower-gold-plated\/\",\"url\":\"https:\/\/reveurstore.com\/product\/set-necklace-bracelet-earrings-ring-flower-gold-plated\/\",\"name\":\"Silver 925 & gold-plated Set Flower -\",\"isPartOf\":{\"@id\":\"https:\/\/reveurstore.com\/#website\"},\"primaryImageOfPage\":{\"@id\":\"https:\/\/reveurstore.com\/product\/set-necklace-bracelet-earrings-ring-flower-gold-plated\/#primaryimage\"},\"image\":{\"@id\":\"https:\/\/reveurstore.com\/product\/set-necklace-bracelet-earrings-ring-flower-gold-plated\/#primaryimage\"},\"thumbnailUrl\":\"https:\/\/reveurstore.com\/wp-content\/uploads\/2025\/05\/\u041d\u043e\u0432\u044b\u0439-\u043f\u0440\u043e\u0435\u043a\u0442.jpg\",\"datePublished\":\"2025-05-17T20:49:50+00:00\",\"dateModified\":\"2025-12-06T15:49:04+00:00\",\"description\":\"925 silver jewelry set with flower motifs and gold-plated centers. Includes necklace, bracelet, earrings, and an adjustable ring.\",\"breadcrumb\":{\"@id\":\"https:\/\/reveurstore.com\/product\/set-necklace-bracelet-earrings-ring-flower-gold-plated\/#breadcrumb\"},\"inLanguage\":\"cs\",\"potentialAction\":[{\"@type\":\"ReadAction\",\"target\":[\"https:\/\/reveurstore.com\/product\/set-necklace-bracelet-earrings-ring-flower-gold-plated\/\"]}]},{\"@type\":\"ImageObject\",\"inLanguage\":\"cs\",\"@id\":\"https:\/\/reveurstore.com\/product\/set-necklace-bracelet-earrings-ring-flower-gold-plated\/#primaryimage\",\"url\":\"https:\/\/reveurstore.com\/wp-content\/uploads\/2025\/05\/\u041d\u043e\u0432\u044b\u0439-\u043f\u0440\u043e\u0435\u043a\u0442.jpg\",\"contentUrl\":\"https:\/\/reveurstore.com\/wp-content\/uploads\/2025\/05\/\u041d\u043e\u0432\u044b\u0439-\u043f\u0440\u043e\u0435\u043a\u0442.jpg\",\"width\":1080,\"height\":1350},{\"@type\":\"BreadcrumbList\",\"@id\":\"https:\/\/reveurstore.com\/product\/set-necklace-bracelet-earrings-ring-flower-gold-plated\/#breadcrumb\",\"itemListElement\":[{\"@type\":\"ListItem\",\"position\":1,\"name\":\"Home\",\"item\":\"https:\/\/reveurstore.com\/\"},{\"@type\":\"ListItem\",\"position\":2,\"name\":\"Shop\",\"item\":\"https:\/\/reveurstore.com\/shop-2\/\"},{\"@type\":\"ListItem\",\"position\":3,\"name\":\"Silver 925 &#038; gold-plated Set Flower\"}]},{\"@type\":\"WebSite\",\"@id\":\"https:\/\/reveurstore.com\/#website\",\"url\":\"https:\/\/reveurstore.com\/\",\"name\":\"Reveurstore\",\"description\":\"\",\"publisher\":{\"@id\":\"https:\/\/reveurstore.com\/#\/schema\/person\/c8ba2d22bfffaf45b6141539c0afdbb0\"},\"potentialAction\":[{\"@type\":\"SearchAction\",\"target\":{\"@type\":\"EntryPoint\",\"urlTemplate\":\"https:\/\/reveurstore.com\/?s={search_term_string}\"},\"query-input\":{\"@type\":\"PropertyValueSpecification\",\"valueRequired\":true,\"valueName\":\"search_term_string\"}}],\"inLanguage\":\"cs\"},{\"@type\":[\"Person\",\"Organization\"],\"@id\":\"https:\/\/reveurstore.com\/#\/schema\/person\/c8ba2d22bfffaf45b6141539c0afdbb0\",\"name\":\"Alisa K\",\"image\":{\"@type\":\"ImageObject\",\"inLanguage\":\"cs\",\"@id\":\"https:\/\/reveurstore.com\/#\/schema\/person\/image\/\",\"url\":\"https:\/\/reveurstore.com\/wp-content\/uploads\/2024\/12\/cropped-462697602_1288532802510106_971032994706855632_n-1-e1735158106742-2.jpg\",\"contentUrl\":\"https:\/\/reveurstore.com\/wp-content\/uploads\/2024\/12\/cropped-462697602_1288532802510106_971032994706855632_n-1-e1735158106742-2.jpg\",\"width\":1500,\"height\":310,\"caption\":\"Alisa K\"},\"logo\":{\"@id\":\"https:\/\/reveurstore.com\/#\/schema\/person\/image\/\"},\"sameAs\":[\"http:\/\/reveurstore.com\",\"https:\/\/www.facebook.com\/profile.php?id=61567260366294\",\"https:\/\/www.instagram.com\/reveur_jewels\/\",\"https:\/\/www.pinterest.com\/reveur_jewels\/?invite_code=485f63a53eba4b16823725cc9560ccd1&sender=1095852659237439738\",\"www.youtube.com\/@ReveurJewels\"]}]}<\/script>\n<!-- \/ Yoast SEO plugin. -->","yoast_head_json":{"title":"Silver 925 & gold-plated Set Flower -","description":"925 silver jewelry set with flower motifs and gold-plated centers. Includes necklace, bracelet, earrings, and an adjustable ring.","robots":{"index":"index","follow":"follow","max-snippet":"max-snippet:-1","max-image-preview":"max-image-preview:large","max-video-preview":"max-video-preview:-1"},"canonical":"https:\/\/reveurstore.com\/cs\/produkt\/set-necklace-bracelet-earrings-ring-flower-gold-plated\/","og_locale":"cs_CZ","og_type":"article","og_title":"Silver 925 & gold-plated Set Flower -","og_description":"925 silver jewelry set with flower motifs and gold-plated centers. Includes necklace, bracelet, earrings, and an adjustable ring.","og_url":"https:\/\/reveurstore.com\/cs\/produkt\/set-necklace-bracelet-earrings-ring-flower-gold-plated\/","article_publisher":"https:\/\/www.facebook.com\/profile.php?id=61567260366294","article_modified_time":"2025-12-06T15:49:04+00:00","og_image":[{"width":1080,"height":1350,"url":"https:\/\/reveurstore.com\/wp-content\/uploads\/2025\/05\/\u041d\u043e\u0432\u044b\u0439-\u043f\u0440\u043e\u0435\u043a\u0442.jpg","type":"image\/jpeg"}],"twitter_card":"summary_large_image","twitter_misc":{"Odhadovan\u00e1 doba \u010dten\u00ed":"1 minuta"},"schema":{"@context":"https:\/\/schema.org","@graph":[{"@type":"WebPage","@id":"https:\/\/reveurstore.com\/product\/set-necklace-bracelet-earrings-ring-flower-gold-plated\/","url":"https:\/\/reveurstore.com\/product\/set-necklace-bracelet-earrings-ring-flower-gold-plated\/","name":"Silver 925 & gold-plated Set Flower -","isPartOf":{"@id":"https:\/\/reveurstore.com\/#website"},"primaryImageOfPage":{"@id":"https:\/\/reveurstore.com\/product\/set-necklace-bracelet-earrings-ring-flower-gold-plated\/#primaryimage"},"image":{"@id":"https:\/\/reveurstore.com\/product\/set-necklace-bracelet-earrings-ring-flower-gold-plated\/#primaryimage"},"thumbnailUrl":"https:\/\/reveurstore.com\/wp-content\/uploads\/2025\/05\/\u041d\u043e\u0432\u044b\u0439-\u043f\u0440\u043e\u0435\u043a\u0442.jpg","datePublished":"2025-05-17T20:49:50+00:00","dateModified":"2025-12-06T15:49:04+00:00","description":"925 silver jewelry set with flower motifs and gold-plated centers. Includes necklace, bracelet, earrings, and an adjustable ring.","breadcrumb":{"@id":"https:\/\/reveurstore.com\/product\/set-necklace-bracelet-earrings-ring-flower-gold-plated\/#breadcrumb"},"inLanguage":"cs","potentialAction":[{"@type":"ReadAction","target":["https:\/\/reveurstore.com\/product\/set-necklace-bracelet-earrings-ring-flower-gold-plated\/"]}]},{"@type":"ImageObject","inLanguage":"cs","@id":"https:\/\/reveurstore.com\/product\/set-necklace-bracelet-earrings-ring-flower-gold-plated\/#primaryimage","url":"https:\/\/reveurstore.com\/wp-content\/uploads\/2025\/05\/\u041d\u043e\u0432\u044b\u0439-\u043f\u0440\u043e\u0435\u043a\u0442.jpg","contentUrl":"https:\/\/reveurstore.com\/wp-content\/uploads\/2025\/05\/\u041d\u043e\u0432\u044b\u0439-\u043f\u0440\u043e\u0435\u043a\u0442.jpg","width":1080,"height":1350},{"@type":"BreadcrumbList","@id":"https:\/\/reveurstore.com\/product\/set-necklace-bracelet-earrings-ring-flower-gold-plated\/#breadcrumb","itemListElement":[{"@type":"ListItem","position":1,"name":"Home","item":"https:\/\/reveurstore.com\/"},{"@type":"ListItem","position":2,"name":"Shop","item":"https:\/\/reveurstore.com\/shop-2\/"},{"@type":"ListItem","position":3,"name":"Silver 925 &#038; gold-plated Set Flower"}]},{"@type":"WebSite","@id":"https:\/\/reveurstore.com\/#website","url":"https:\/\/reveurstore.com\/","name":"Reveurstore","description":"","publisher":{"@id":"https:\/\/reveurstore.com\/#\/schema\/person\/c8ba2d22bfffaf45b6141539c0afdbb0"},"potentialAction":[{"@type":"SearchAction","target":{"@type":"EntryPoint","urlTemplate":"https:\/\/reveurstore.com\/?s={search_term_string}"},"query-input":{"@type":"PropertyValueSpecification","valueRequired":true,"valueName":"search_term_string"}}],"inLanguage":"cs"},{"@type":["Person","Organization"],"@id":"https:\/\/reveurstore.com\/#\/schema\/person\/c8ba2d22bfffaf45b6141539c0afdbb0","name":"Alisa K.","image":{"@type":"ImageObject","inLanguage":"cs","@id":"https:\/\/reveurstore.com\/#\/schema\/person\/image\/","url":"https:\/\/reveurstore.com\/wp-content\/uploads\/2024\/12\/cropped-462697602_1288532802510106_971032994706855632_n-1-e1735158106742-2.jpg","contentUrl":"https:\/\/reveurstore.com\/wp-content\/uploads\/2024\/12\/cropped-462697602_1288532802510106_971032994706855632_n-1-e1735158106742-2.jpg","width":1500,"height":310,"caption":"Alisa K"},"logo":{"@id":"https:\/\/reveurstore.com\/#\/schema\/person\/image\/"},"sameAs":["http:\/\/reveurstore.com","https:\/\/www.facebook.com\/profile.php?id=61567260366294","https:\/\/www.instagram.com\/reveur_jewels\/","https:\/\/www.pinterest.com\/reveur_jewels\/?invite_code=485f63a53eba4b16823725cc9560ccd1&sender=1095852659237439738","www.youtube.com\/@ReveurJewels"]}]}},"uagb_featured_image_src":{"full":["https:\/\/reveurstore.com\/wp-content\/uploads\/2025\/05\/\u041d\u043e\u0432\u044b\u0439-\u043f\u0440\u043e\u0435\u043a\u0442.jpg",1080,1350,false],"thumbnail":["https:\/\/reveurstore.com\/wp-content\/uploads\/2025\/05\/\u041d\u043e\u0432\u044b\u0439-\u043f\u0440\u043e\u0435\u043a\u0442-150x150.jpg",150,150,true],"medium":["https:\/\/reveurstore.com\/wp-content\/uploads\/2025\/05\/\u041d\u043e\u0432\u044b\u0439-\u043f\u0440\u043e\u0435\u043a\u0442-240x300.jpg",240,300,true],"medium_large":["https:\/\/reveurstore.com\/wp-content\/uploads\/2025\/05\/\u041d\u043e\u0432\u044b\u0439-\u043f\u0440\u043e\u0435\u043a\u0442-768x960.jpg",768,960,true],"large":["https:\/\/reveurstore.com\/wp-content\/uploads\/2025\/05\/\u041d\u043e\u0432\u044b\u0439-\u043f\u0440\u043e\u0435\u043a\u0442-819x1024.jpg",819,1024,true],"1536x1536":["https:\/\/reveurstore.com\/wp-content\/uploads\/2025\/05\/\u041d\u043e\u0432\u044b\u0439-\u043f\u0440\u043e\u0435\u043a\u0442.jpg",1080,1350,false],"2048x2048":["https:\/\/reveurstore.com\/wp-content\/uploads\/2025\/05\/\u041d\u043e\u0432\u044b\u0439-\u043f\u0440\u043e\u0435\u043a\u0442.jpg",1080,1350,false],"trp-custom-language-flag":["https:\/\/reveurstore.com\/wp-content\/uploads\/2025\/05\/\u041d\u043e\u0432\u044b\u0439-\u043f\u0440\u043e\u0435\u043a\u0442-10x12.jpg",10,12,true],"tp-image-grid":["https:\/\/reveurstore.com\/wp-content\/uploads\/2025\/05\/\u041d\u043e\u0432\u044b\u0439-\u043f\u0440\u043e\u0435\u043a\u0442-700x700.jpg",700,700,true],"woocommerce_thumbnail":["https:\/\/reveurstore.com\/wp-content\/uploads\/2025\/05\/\u041d\u043e\u0432\u044b\u0439-\u043f\u0440\u043e\u0435\u043a\u0442-500x500.jpg",500,500,true],"woocommerce_single":["https:\/\/reveurstore.com\/wp-content\/uploads\/2025\/05\/\u041d\u043e\u0432\u044b\u0439-\u043f\u0440\u043e\u0435\u043a\u0442-600x750.jpg",600,750,true],"woocommerce_gallery_thumbnail":["https:\/\/reveurstore.com\/wp-content\/uploads\/2025\/05\/\u041d\u043e\u0432\u044b\u0439-\u043f\u0440\u043e\u0435\u043a\u0442-100x100.jpg",100,100,true]},"uagb_author_info":{"display_name":"Alisa K","author_link":"https:\/\/reveurstore.com\/cs\/author\/"},"uagb_comment_info":2,"uagb_excerpt":"Material: 925 sterling silver, gold-plated Measurements: Necklace: 40 cm + 5.5 cm extension Bracelet: 15.5 cm + 3.5 cm extension Earrings: 8 mm diameter Ring: Adjustable size Weight: Ring: 0.78 g Necklace: 1.9 g Earrings (pair): 1.5 g Bracelet: 1.4 g &nbsp;","_links":{"self":[{"href":"https:\/\/reveurstore.com\/cs\/wp-json\/wp\/v2\/product\/3064","targetHints":{"allow":["GET"]}}],"collection":[{"href":"https:\/\/reveurstore.com\/cs\/wp-json\/wp\/v2\/product"}],"about":[{"href":"https:\/\/reveurstore.com\/cs\/wp-json\/wp\/v2\/types\/product"}],"wp:featuredmedia":[{"embeddable":true,"href":"https:\/\/reveurstore.com\/cs\/wp-json\/wp\/v2\/media\/3940"}],"wp:attachment":[{"href":"https:\/\/reveurstore.com\/cs\/wp-json\/wp\/v2\/media?parent=3064"}],"wp:term":[{"taxonomy":"product_brand","embeddable":true,"href":"https:\/\/reveurstore.com\/cs\/wp-json\/wp\/v2\/product_brand?post=3064"},{"taxonomy":"product_cat","embeddable":true,"href":"https:\/\/reveurstore.com\/cs\/wp-json\/wp\/v2\/product_cat?post=3064"},{"taxonomy":"product_tag","embeddable":true,"href":"https:\/\/reveurstore.com\/cs\/wp-json\/wp\/v2\/product_tag?post=3064"}],"curies":[{"name":"wp","href":"https:\/\/api.w.org\/{rel}","templated":true}]}}