{"id":3286,"date":"2025-06-22T13:58:51","date_gmt":"2025-06-22T13:58:51","guid":{"rendered":"https:\/\/reveurstore.com\/?post_type=product&#038;p=3286"},"modified":"2025-12-05T22:00:04","modified_gmt":"2025-12-05T22:00:04","slug":"cuff-bow","status":"publish","type":"product","link":"https:\/\/reveurstore.com\/cs\/produkt\/cuff-bow\/","title":{"rendered":"St\u0159\u00edbrn\u00e1 925 u\u0161n\u00ed kafa Ma\u0161le"},"content":{"rendered":"<p>Tato st\u0159\u00edbrn\u00e1 n\u00e1u\u0161nice s ma\u0161l\u00ed dod\u00e1 va\u0161\u00ed kolekci u\u0161n\u00edch dopl\u0148k\u016f jedine\u010dn\u00fd a sofistikovan\u00fd n\u00e1dech. Design kafy s kr\u00e1sn\u011b zpracovanou ma\u0161l\u00ed spojuje modern\u00ed eleganci s hrav\u00fdm a rafinovan\u00fdm n\u00e1dechem. Nastaviteln\u00fd design man\u017eety zaji\u0161\u0165uje pohodln\u00e9 no\u0161en\u00ed, elegantn\u011b obep\u00edn\u00e1 ucho a vytv\u00e1\u0159\u00ed bezpe\u010dn\u00fd a z\u00e1rove\u0148 stylov\u00fd vzhled.<\/p>\n<p><strong>Materi\u00e1l<\/strong>: st\u0159\u00edbro 925<\/p>\n<p><strong>Hmotnost<\/strong>: 1,1 g<\/p>\n<p><strong>Velikost<\/strong>: 9 mm<\/p>","protected":false},"excerpt":{"rendered":"<p>This stunning silver bow earring cuff brings a unique and sophisticated touch to your ear accessory collection. The cuff design, featuring a beautifully crafted bow detail, blends modern elegance with a playful, refined touch. The adjustable cuff design ensures a comfortable fit, wrapping elegantly around the ear for a secure yet stylish look. Material: Silver [&hellip;]<\/p>","protected":false},"featured_media":3311,"template":"","meta":{"_uag_custom_page_level_css":"","site-sidebar-layout":"default","site-content-layout":"","ast-site-content-layout":"default","site-content-style":"default","site-sidebar-style":"default","ast-global-header-display":"","ast-banner-title-visibility":"","ast-main-header-display":"","ast-hfb-above-header-display":"","ast-hfb-below-header-display":"","ast-hfb-mobile-header-display":"","site-post-title":"","ast-breadcrumbs-content":"","ast-featured-img":"","footer-sml-layout":"","theme-transparent-header-meta":"default","adv-header-id-meta":"","stick-header-meta":"","header-above-stick-meta":"","header-main-stick-meta":"","header-below-stick-meta":"","astra-migrate-meta-layouts":"set","ast-page-background-enabled":"default","ast-page-background-meta":{"desktop":{"background-color":"var(--ast-global-color-4)","background-image":"","background-repeat":"repeat","background-position":"center center","background-size":"auto","background-attachment":"scroll","background-type":"","background-media":"","overlay-type":"","overlay-color":"","overlay-opacity":"","overlay-gradient":""},"tablet":{"background-color":"","background-image":"","background-repeat":"repeat","background-position":"center center","background-size":"auto","background-attachment":"scroll","background-type":"","background-media":"","overlay-type":"","overlay-color":"","overlay-opacity":"","overlay-gradient":""},"mobile":{"background-color":"","background-image":"","background-repeat":"repeat","background-position":"center center","background-size":"auto","background-attachment":"scroll","background-type":"","background-media":"","overlay-type":"","overlay-color":"","overlay-opacity":"","overlay-gradient":""}},"ast-content-background-meta":{"desktop":{"background-color":"var(--ast-global-color-5)","background-image":"","background-repeat":"repeat","background-position":"center center","background-size":"auto","background-attachment":"scroll","background-type":"","background-media":"","overlay-type":"","overlay-color":"","overlay-opacity":"","overlay-gradient":""},"tablet":{"background-color":"var(--ast-global-color-5)","background-image":"","background-repeat":"repeat","background-position":"center center","background-size":"auto","background-attachment":"scroll","background-type":"","background-media":"","overlay-type":"","overlay-color":"","overlay-opacity":"","overlay-gradient":""},"mobile":{"background-color":"var(--ast-global-color-5)","background-image":"","background-repeat":"repeat","background-position":"center center","background-size":"auto","background-attachment":"scroll","background-type":"","background-media":"","overlay-type":"","overlay-color":"","overlay-opacity":"","overlay-gradient":""}}},"product_brand":[],"product_cat":[16,24],"product_tag":[],"class_list":{"0":"post-3286","1":"product","2":"type-product","3":"status-publish","4":"has-post-thumbnail","6":"product_cat-silver","7":"product_cat-earrings","8":"desktop-align-left","9":"tablet-align-left","10":"mobile-align-left","12":"first","13":"instock","14":"sale","15":"shipping-taxable","16":"purchasable","17":"product-type-simple"},"yoast_head":"<!-- This site is optimized with the Yoast SEO plugin v26.5 - https:\/\/yoast.com\/wordpress\/plugins\/seo\/ -->\n<title>Silver 925 Cuff Bow -<\/title>\n<meta name=\"description\" content=\"Delicate silver bow ear cuff \u2013 no piercing needed. A stylish and feminine touch for your everyday or special occasion look. Shop now!\" \/>\n<meta name=\"robots\" content=\"index, follow, max-snippet:-1, max-image-preview:large, max-video-preview:-1\" \/>\n<link rel=\"canonical\" href=\"https:\/\/reveurstore.com\/cs\/produkt\/cuff-bow\/\" \/>\n<meta property=\"og:locale\" content=\"cs_CZ\" \/>\n<meta property=\"og:type\" content=\"article\" \/>\n<meta property=\"og:title\" content=\"Silver 925 Cuff Bow -\" \/>\n<meta property=\"og:description\" content=\"Delicate silver bow ear cuff \u2013 no piercing needed. A stylish and feminine touch for your everyday or special occasion look. Shop now!\" \/>\n<meta property=\"og:url\" content=\"https:\/\/reveurstore.com\/cs\/produkt\/cuff-bow\/\" \/>\n<meta property=\"article:publisher\" content=\"https:\/\/www.facebook.com\/profile.php?id=61567260366294\" \/>\n<meta property=\"article:modified_time\" content=\"2025-12-05T22:00:04+00:00\" \/>\n<meta property=\"og:image\" content=\"https:\/\/reveurstore.com\/wp-content\/uploads\/2025\/06\/FullSizeRender-2-10-scaled.jpg\" \/>\n\t<meta property=\"og:image:width\" content=\"2048\" \/>\n\t<meta property=\"og:image:height\" content=\"2560\" \/>\n\t<meta property=\"og:image:type\" content=\"image\/jpeg\" \/>\n<meta name=\"twitter:card\" content=\"summary_large_image\" \/>\n<meta name=\"twitter:label1\" content=\"Odhadovan\u00e1 doba \u010dten\u00ed\" \/>\n\t<meta name=\"twitter:data1\" content=\"1 minuta\" \/>\n<script type=\"application\/ld+json\" class=\"yoast-schema-graph\">{\"@context\":\"https:\/\/schema.org\",\"@graph\":[{\"@type\":\"WebPage\",\"@id\":\"https:\/\/reveurstore.com\/product\/cuff-bow\/\",\"url\":\"https:\/\/reveurstore.com\/product\/cuff-bow\/\",\"name\":\"Silver 925 Cuff Bow -\",\"isPartOf\":{\"@id\":\"https:\/\/reveurstore.com\/#website\"},\"primaryImageOfPage\":{\"@id\":\"https:\/\/reveurstore.com\/product\/cuff-bow\/#primaryimage\"},\"image\":{\"@id\":\"https:\/\/reveurstore.com\/product\/cuff-bow\/#primaryimage\"},\"thumbnailUrl\":\"https:\/\/reveurstore.com\/wp-content\/uploads\/2025\/06\/FullSizeRender-2-10-scaled.jpg\",\"datePublished\":\"2025-06-22T13:58:51+00:00\",\"dateModified\":\"2025-12-05T22:00:04+00:00\",\"description\":\"Delicate silver bow ear cuff \u2013 no piercing needed. A stylish and feminine touch for your everyday or special occasion look. Shop now!\",\"breadcrumb\":{\"@id\":\"https:\/\/reveurstore.com\/product\/cuff-bow\/#breadcrumb\"},\"inLanguage\":\"cs\",\"potentialAction\":[{\"@type\":\"ReadAction\",\"target\":[\"https:\/\/reveurstore.com\/product\/cuff-bow\/\"]}]},{\"@type\":\"ImageObject\",\"inLanguage\":\"cs\",\"@id\":\"https:\/\/reveurstore.com\/product\/cuff-bow\/#primaryimage\",\"url\":\"https:\/\/reveurstore.com\/wp-content\/uploads\/2025\/06\/FullSizeRender-2-10-scaled.jpg\",\"contentUrl\":\"https:\/\/reveurstore.com\/wp-content\/uploads\/2025\/06\/FullSizeRender-2-10-scaled.jpg\",\"width\":2048,\"height\":2560},{\"@type\":\"BreadcrumbList\",\"@id\":\"https:\/\/reveurstore.com\/product\/cuff-bow\/#breadcrumb\",\"itemListElement\":[{\"@type\":\"ListItem\",\"position\":1,\"name\":\"Home\",\"item\":\"https:\/\/reveurstore.com\/\"},{\"@type\":\"ListItem\",\"position\":2,\"name\":\"Shop\",\"item\":\"https:\/\/reveurstore.com\/shop-2\/\"},{\"@type\":\"ListItem\",\"position\":3,\"name\":\"Silver 925 Cuff Bow\"}]},{\"@type\":\"WebSite\",\"@id\":\"https:\/\/reveurstore.com\/#website\",\"url\":\"https:\/\/reveurstore.com\/\",\"name\":\"Reveurstore\",\"description\":\"\",\"publisher\":{\"@id\":\"https:\/\/reveurstore.com\/#\/schema\/person\/c8ba2d22bfffaf45b6141539c0afdbb0\"},\"potentialAction\":[{\"@type\":\"SearchAction\",\"target\":{\"@type\":\"EntryPoint\",\"urlTemplate\":\"https:\/\/reveurstore.com\/?s={search_term_string}\"},\"query-input\":{\"@type\":\"PropertyValueSpecification\",\"valueRequired\":true,\"valueName\":\"search_term_string\"}}],\"inLanguage\":\"cs\"},{\"@type\":[\"Person\",\"Organization\"],\"@id\":\"https:\/\/reveurstore.com\/#\/schema\/person\/c8ba2d22bfffaf45b6141539c0afdbb0\",\"name\":\"Alisa K\",\"image\":{\"@type\":\"ImageObject\",\"inLanguage\":\"cs\",\"@id\":\"https:\/\/reveurstore.com\/#\/schema\/person\/image\/\",\"url\":\"https:\/\/reveurstore.com\/wp-content\/uploads\/2024\/12\/cropped-462697602_1288532802510106_971032994706855632_n-1-e1735158106742-2.jpg\",\"contentUrl\":\"https:\/\/reveurstore.com\/wp-content\/uploads\/2024\/12\/cropped-462697602_1288532802510106_971032994706855632_n-1-e1735158106742-2.jpg\",\"width\":1500,\"height\":310,\"caption\":\"Alisa K\"},\"logo\":{\"@id\":\"https:\/\/reveurstore.com\/#\/schema\/person\/image\/\"},\"sameAs\":[\"http:\/\/reveurstore.com\",\"https:\/\/www.facebook.com\/profile.php?id=61567260366294\",\"https:\/\/www.instagram.com\/reveur_jewels\/\",\"https:\/\/www.pinterest.com\/reveur_jewels\/?invite_code=485f63a53eba4b16823725cc9560ccd1&sender=1095852659237439738\",\"www.youtube.com\/@ReveurJewels\"]}]}<\/script>\n<!-- \/ Yoast SEO plugin. -->","yoast_head_json":{"title":"Silver 925 Cuff Bow -","description":"Delicate silver bow ear cuff \u2013 no piercing needed. A stylish and feminine touch for your everyday or special occasion look. Shop now!","robots":{"index":"index","follow":"follow","max-snippet":"max-snippet:-1","max-image-preview":"max-image-preview:large","max-video-preview":"max-video-preview:-1"},"canonical":"https:\/\/reveurstore.com\/cs\/produkt\/cuff-bow\/","og_locale":"cs_CZ","og_type":"article","og_title":"Silver 925 Cuff Bow -","og_description":"Delicate silver bow ear cuff \u2013 no piercing needed. A stylish and feminine touch for your everyday or special occasion look. Shop now!","og_url":"https:\/\/reveurstore.com\/cs\/produkt\/cuff-bow\/","article_publisher":"https:\/\/www.facebook.com\/profile.php?id=61567260366294","article_modified_time":"2025-12-05T22:00:04+00:00","og_image":[{"width":2048,"height":2560,"url":"https:\/\/reveurstore.com\/wp-content\/uploads\/2025\/06\/FullSizeRender-2-10-scaled.jpg","type":"image\/jpeg"}],"twitter_card":"summary_large_image","twitter_misc":{"Odhadovan\u00e1 doba \u010dten\u00ed":"1 minuta"},"schema":{"@context":"https:\/\/schema.org","@graph":[{"@type":"WebPage","@id":"https:\/\/reveurstore.com\/product\/cuff-bow\/","url":"https:\/\/reveurstore.com\/product\/cuff-bow\/","name":"Silver 925 Cuff Bow -","isPartOf":{"@id":"https:\/\/reveurstore.com\/#website"},"primaryImageOfPage":{"@id":"https:\/\/reveurstore.com\/product\/cuff-bow\/#primaryimage"},"image":{"@id":"https:\/\/reveurstore.com\/product\/cuff-bow\/#primaryimage"},"thumbnailUrl":"https:\/\/reveurstore.com\/wp-content\/uploads\/2025\/06\/FullSizeRender-2-10-scaled.jpg","datePublished":"2025-06-22T13:58:51+00:00","dateModified":"2025-12-05T22:00:04+00:00","description":"Delicate silver bow ear cuff \u2013 no piercing needed. A stylish and feminine touch for your everyday or special occasion look. Shop now!","breadcrumb":{"@id":"https:\/\/reveurstore.com\/product\/cuff-bow\/#breadcrumb"},"inLanguage":"cs","potentialAction":[{"@type":"ReadAction","target":["https:\/\/reveurstore.com\/product\/cuff-bow\/"]}]},{"@type":"ImageObject","inLanguage":"cs","@id":"https:\/\/reveurstore.com\/product\/cuff-bow\/#primaryimage","url":"https:\/\/reveurstore.com\/wp-content\/uploads\/2025\/06\/FullSizeRender-2-10-scaled.jpg","contentUrl":"https:\/\/reveurstore.com\/wp-content\/uploads\/2025\/06\/FullSizeRender-2-10-scaled.jpg","width":2048,"height":2560},{"@type":"BreadcrumbList","@id":"https:\/\/reveurstore.com\/product\/cuff-bow\/#breadcrumb","itemListElement":[{"@type":"ListItem","position":1,"name":"Home","item":"https:\/\/reveurstore.com\/"},{"@type":"ListItem","position":2,"name":"Shop","item":"https:\/\/reveurstore.com\/shop-2\/"},{"@type":"ListItem","position":3,"name":"Silver 925 Cuff Bow"}]},{"@type":"WebSite","@id":"https:\/\/reveurstore.com\/#website","url":"https:\/\/reveurstore.com\/","name":"Reveurstore","description":"","publisher":{"@id":"https:\/\/reveurstore.com\/#\/schema\/person\/c8ba2d22bfffaf45b6141539c0afdbb0"},"potentialAction":[{"@type":"SearchAction","target":{"@type":"EntryPoint","urlTemplate":"https:\/\/reveurstore.com\/?s={search_term_string}"},"query-input":{"@type":"PropertyValueSpecification","valueRequired":true,"valueName":"search_term_string"}}],"inLanguage":"cs"},{"@type":["Person","Organization"],"@id":"https:\/\/reveurstore.com\/#\/schema\/person\/c8ba2d22bfffaf45b6141539c0afdbb0","name":"Alisa K.","image":{"@type":"ImageObject","inLanguage":"cs","@id":"https:\/\/reveurstore.com\/#\/schema\/person\/image\/","url":"https:\/\/reveurstore.com\/wp-content\/uploads\/2024\/12\/cropped-462697602_1288532802510106_971032994706855632_n-1-e1735158106742-2.jpg","contentUrl":"https:\/\/reveurstore.com\/wp-content\/uploads\/2024\/12\/cropped-462697602_1288532802510106_971032994706855632_n-1-e1735158106742-2.jpg","width":1500,"height":310,"caption":"Alisa K"},"logo":{"@id":"https:\/\/reveurstore.com\/#\/schema\/person\/image\/"},"sameAs":["http:\/\/reveurstore.com","https:\/\/www.facebook.com\/profile.php?id=61567260366294","https:\/\/www.instagram.com\/reveur_jewels\/","https:\/\/www.pinterest.com\/reveur_jewels\/?invite_code=485f63a53eba4b16823725cc9560ccd1&sender=1095852659237439738","www.youtube.com\/@ReveurJewels"]}]}},"uagb_featured_image_src":{"full":["https:\/\/reveurstore.com\/wp-content\/uploads\/2025\/06\/FullSizeRender-2-10-scaled.jpg",2048,2560,false],"thumbnail":["https:\/\/reveurstore.com\/wp-content\/uploads\/2025\/06\/FullSizeRender-2-10-150x150.jpg",150,150,true],"medium":["https:\/\/reveurstore.com\/wp-content\/uploads\/2025\/06\/FullSizeRender-2-10-240x300.jpg",240,300,true],"medium_large":["https:\/\/reveurstore.com\/wp-content\/uploads\/2025\/06\/FullSizeRender-2-10-768x960.jpg",768,960,true],"large":["https:\/\/reveurstore.com\/wp-content\/uploads\/2025\/06\/FullSizeRender-2-10-819x1024.jpg",819,1024,true],"1536x1536":["https:\/\/reveurstore.com\/wp-content\/uploads\/2025\/06\/FullSizeRender-2-10-1229x1536.jpg",1229,1536,true],"2048x2048":["https:\/\/reveurstore.com\/wp-content\/uploads\/2025\/06\/FullSizeRender-2-10-1638x2048.jpg",1638,2048,true],"trp-custom-language-flag":["https:\/\/reveurstore.com\/wp-content\/uploads\/2025\/06\/FullSizeRender-2-10-scaled.jpg",10,12,false],"tp-image-grid":["https:\/\/reveurstore.com\/wp-content\/uploads\/2025\/06\/FullSizeRender-2-10-scaled.jpg",560,700,false],"woocommerce_thumbnail":["https:\/\/reveurstore.com\/wp-content\/uploads\/2025\/06\/FullSizeRender-2-10-scaled-500x500.jpg",500,500,true],"woocommerce_single":["https:\/\/reveurstore.com\/wp-content\/uploads\/2025\/06\/FullSizeRender-2-10-scaled-600x750.jpg",600,750,true],"woocommerce_gallery_thumbnail":["https:\/\/reveurstore.com\/wp-content\/uploads\/2025\/06\/FullSizeRender-2-10-scaled-100x100.jpg",100,100,true]},"uagb_author_info":{"display_name":"Alisa K","author_link":"https:\/\/reveurstore.com\/cs\/author\/"},"uagb_comment_info":0,"uagb_excerpt":"This stunning silver bow earring cuff brings a unique and sophisticated touch to your ear accessory collection. The cuff design, featuring a beautifully crafted bow detail, blends modern elegance with a playful, refined touch. The adjustable cuff design ensures a comfortable fit, wrapping elegantly around the ear for a secure yet stylish look. Material: Silver&hellip;","_links":{"self":[{"href":"https:\/\/reveurstore.com\/cs\/wp-json\/wp\/v2\/product\/3286","targetHints":{"allow":["GET"]}}],"collection":[{"href":"https:\/\/reveurstore.com\/cs\/wp-json\/wp\/v2\/product"}],"about":[{"href":"https:\/\/reveurstore.com\/cs\/wp-json\/wp\/v2\/types\/product"}],"wp:featuredmedia":[{"embeddable":true,"href":"https:\/\/reveurstore.com\/cs\/wp-json\/wp\/v2\/media\/3311"}],"wp:attachment":[{"href":"https:\/\/reveurstore.com\/cs\/wp-json\/wp\/v2\/media?parent=3286"}],"wp:term":[{"taxonomy":"product_brand","embeddable":true,"href":"https:\/\/reveurstore.com\/cs\/wp-json\/wp\/v2\/product_brand?post=3286"},{"taxonomy":"product_cat","embeddable":true,"href":"https:\/\/reveurstore.com\/cs\/wp-json\/wp\/v2\/product_cat?post=3286"},{"taxonomy":"product_tag","embeddable":true,"href":"https:\/\/reveurstore.com\/cs\/wp-json\/wp\/v2\/product_tag?post=3286"}],"curies":[{"name":"wp","href":"https:\/\/api.w.org\/{rel}","templated":true}]}}