{"id":3326,"date":"2025-07-13T15:51:20","date_gmt":"2025-07-13T15:51:20","guid":{"rendered":"https:\/\/reveurstore.com\/?post_type=product&#038;p=3326"},"modified":"2025-11-12T19:45:22","modified_gmt":"2025-11-12T19:45:22","slug":"set-ring-and-necklace-heart","status":"publish","type":"product","link":"https:\/\/reveurstore.com\/cs\/produkt\/set-ring-and-necklace-heart\/","title":{"rendered":"St\u0159\u00edbrn\u00fd 925 set prstenu a n\u00e1hrdeln\u00edku Srdce"},"content":{"rendered":"<p class=\"p1\"><span class=\"s1\">Sada s nastaviteln\u00fdm srdcem, kter\u00e9 lze nosit r\u016fzn\u00fdmi zp\u016fsoby, co\u017e z n\u011bj \u010din\u00ed v\u0161estrann\u00fd a elegantn\u00ed dopln\u011bk. Prsten a n\u00e1hrdeln\u00edk se srdcem jsou vyrobeny z kvalitn\u00edho st\u0159\u00edbra a maj\u00ed dokonale le\u0161t\u011bn\u00fd povrch, kter\u00fd vytv\u00e1\u0159\u00ed stylov\u00fd vzhled. Nastaviteln\u00e1 velikost prstenu umo\u017e\u0148uje perfektn\u00ed no\u0161en\u00ed na prstu jak\u00e9koli velikosti a zaji\u0161\u0165uje pohodl\u00ed po cel\u00fd den. Jeho minimalistick\u00fd, ale z\u00e1rove\u0148 osobit\u00fd design z n\u011bj \u010din\u00ed perfektn\u00ed d\u00e1rek.<\/span><\/p>\n<p><strong>Materi\u00e1l:<\/strong> st\u0159\u00edbro 925<\/p>\n<p><strong>Prsten:<\/strong> nastaviteln\u00e1 velikost, hmotnost 1 g, srd\u00ed\u010dko 7 a 4 mm<\/p>\n<p><b>N\u00e1hrdeln\u00edk:\u00a0<\/b>d\u00e9lka 65 cm, velikost nastaviteln\u00e1, hmotnost 2,8 g., velikost srd\u00ed\u010dka 5 a 9 mm.<\/p>","protected":false},"excerpt":{"rendered":"<p>A set with an adjustable heart that can be worn in different ways, making it a versatile and elegant accessory. Made of high-quality silver, the ring and necklace with the heart feature a perfectly polished surface, creating a stylish look. The adjustable ring size allows for a perfect fit on any finger size, ensuring comfort [&hellip;]<\/p>","protected":false},"featured_media":3291,"template":"","meta":{"_uag_custom_page_level_css":"","site-sidebar-layout":"default","site-content-layout":"","ast-site-content-layout":"default","site-content-style":"default","site-sidebar-style":"default","ast-global-header-display":"","ast-banner-title-visibility":"","ast-main-header-display":"","ast-hfb-above-header-display":"","ast-hfb-below-header-display":"","ast-hfb-mobile-header-display":"","site-post-title":"","ast-breadcrumbs-content":"","ast-featured-img":"","footer-sml-layout":"","theme-transparent-header-meta":"default","adv-header-id-meta":"","stick-header-meta":"","header-above-stick-meta":"","header-main-stick-meta":"","header-below-stick-meta":"","astra-migrate-meta-layouts":"set","ast-page-background-enabled":"default","ast-page-background-meta":{"desktop":{"background-color":"var(--ast-global-color-4)","background-image":"","background-repeat":"repeat","background-position":"center center","background-size":"auto","background-attachment":"scroll","background-type":"","background-media":"","overlay-type":"","overlay-color":"","overlay-opacity":"","overlay-gradient":""},"tablet":{"background-color":"","background-image":"","background-repeat":"repeat","background-position":"center center","background-size":"auto","background-attachment":"scroll","background-type":"","background-media":"","overlay-type":"","overlay-color":"","overlay-opacity":"","overlay-gradient":""},"mobile":{"background-color":"","background-image":"","background-repeat":"repeat","background-position":"center center","background-size":"auto","background-attachment":"scroll","background-type":"","background-media":"","overlay-type":"","overlay-color":"","overlay-opacity":"","overlay-gradient":""}},"ast-content-background-meta":{"desktop":{"background-color":"var(--ast-global-color-5)","background-image":"","background-repeat":"repeat","background-position":"center center","background-size":"auto","background-attachment":"scroll","background-type":"","background-media":"","overlay-type":"","overlay-color":"","overlay-opacity":"","overlay-gradient":""},"tablet":{"background-color":"var(--ast-global-color-5)","background-image":"","background-repeat":"repeat","background-position":"center center","background-size":"auto","background-attachment":"scroll","background-type":"","background-media":"","overlay-type":"","overlay-color":"","overlay-opacity":"","overlay-gradient":""},"mobile":{"background-color":"var(--ast-global-color-5)","background-image":"","background-repeat":"repeat","background-position":"center center","background-size":"auto","background-attachment":"scroll","background-type":"","background-media":"","overlay-type":"","overlay-color":"","overlay-opacity":"","overlay-gradient":""}}},"product_brand":[],"product_cat":[16,30],"product_tag":[],"class_list":{"0":"post-3326","1":"product","2":"type-product","3":"status-publish","4":"has-post-thumbnail","6":"product_cat-silver","7":"product_cat-sets","8":"desktop-align-left","9":"tablet-align-left","10":"mobile-align-left","12":"first","13":"instock","14":"sale","15":"shipping-taxable","16":"purchasable","17":"product-type-simple"},"yoast_head":"<!-- This site is optimized with the Yoast SEO plugin v26.5 - https:\/\/yoast.com\/wordpress\/plugins\/seo\/ -->\n<title>Silver 925 Set Ring and Necklace Heart -<\/title>\n<meta name=\"description\" content=\"Elegant heart-themed jewelry set featuring a dainty chain bracelet and matching ring\u2014crafted in silver for a timeless, romantic look.\" \/>\n<meta name=\"robots\" content=\"index, follow, max-snippet:-1, max-image-preview:large, max-video-preview:-1\" \/>\n<link rel=\"canonical\" href=\"https:\/\/reveurstore.com\/cs\/produkt\/set-ring-and-necklace-heart\/\" \/>\n<meta property=\"og:locale\" content=\"cs_CZ\" \/>\n<meta property=\"og:type\" content=\"article\" \/>\n<meta property=\"og:title\" content=\"Silver 925 Set Ring and Necklace Heart -\" \/>\n<meta property=\"og:description\" content=\"Elegant heart-themed jewelry set featuring a dainty chain bracelet and matching ring\u2014crafted in silver for a timeless, romantic look.\" \/>\n<meta property=\"og:url\" content=\"https:\/\/reveurstore.com\/cs\/produkt\/set-ring-and-necklace-heart\/\" \/>\n<meta property=\"article:publisher\" content=\"https:\/\/www.facebook.com\/profile.php?id=61567260366294\" \/>\n<meta property=\"article:modified_time\" content=\"2025-11-12T19:45:22+00:00\" \/>\n<meta property=\"og:image\" content=\"https:\/\/reveurstore.com\/wp-content\/uploads\/2025\/06\/B4575169-91BC-4A32-918C-8A9EDAA9FCF6-38.jpg\" \/>\n\t<meta property=\"og:image:width\" content=\"959\" \/>\n\t<meta property=\"og:image:height\" content=\"1199\" \/>\n\t<meta property=\"og:image:type\" content=\"image\/jpeg\" \/>\n<meta name=\"twitter:card\" content=\"summary_large_image\" \/>\n<meta name=\"twitter:label1\" content=\"Odhadovan\u00e1 doba \u010dten\u00ed\" \/>\n\t<meta name=\"twitter:data1\" content=\"1 minuta\" \/>\n<script type=\"application\/ld+json\" class=\"yoast-schema-graph\">{\"@context\":\"https:\/\/schema.org\",\"@graph\":[{\"@type\":\"WebPage\",\"@id\":\"https:\/\/reveurstore.com\/product\/set-ring-and-necklace-heart\/\",\"url\":\"https:\/\/reveurstore.com\/product\/set-ring-and-necklace-heart\/\",\"name\":\"Silver 925 Set Ring and Necklace Heart -\",\"isPartOf\":{\"@id\":\"https:\/\/reveurstore.com\/#website\"},\"primaryImageOfPage\":{\"@id\":\"https:\/\/reveurstore.com\/product\/set-ring-and-necklace-heart\/#primaryimage\"},\"image\":{\"@id\":\"https:\/\/reveurstore.com\/product\/set-ring-and-necklace-heart\/#primaryimage\"},\"thumbnailUrl\":\"https:\/\/reveurstore.com\/wp-content\/uploads\/2025\/06\/B4575169-91BC-4A32-918C-8A9EDAA9FCF6-38.jpg\",\"datePublished\":\"2025-07-13T15:51:20+00:00\",\"dateModified\":\"2025-11-12T19:45:22+00:00\",\"description\":\"Elegant heart-themed jewelry set featuring a dainty chain bracelet and matching ring\u2014crafted in silver for a timeless, romantic look.\",\"breadcrumb\":{\"@id\":\"https:\/\/reveurstore.com\/product\/set-ring-and-necklace-heart\/#breadcrumb\"},\"inLanguage\":\"cs\",\"potentialAction\":[{\"@type\":\"ReadAction\",\"target\":[\"https:\/\/reveurstore.com\/product\/set-ring-and-necklace-heart\/\"]}]},{\"@type\":\"ImageObject\",\"inLanguage\":\"cs\",\"@id\":\"https:\/\/reveurstore.com\/product\/set-ring-and-necklace-heart\/#primaryimage\",\"url\":\"https:\/\/reveurstore.com\/wp-content\/uploads\/2025\/06\/B4575169-91BC-4A32-918C-8A9EDAA9FCF6-38.jpg\",\"contentUrl\":\"https:\/\/reveurstore.com\/wp-content\/uploads\/2025\/06\/B4575169-91BC-4A32-918C-8A9EDAA9FCF6-38.jpg\",\"width\":959,\"height\":1199},{\"@type\":\"BreadcrumbList\",\"@id\":\"https:\/\/reveurstore.com\/product\/set-ring-and-necklace-heart\/#breadcrumb\",\"itemListElement\":[{\"@type\":\"ListItem\",\"position\":1,\"name\":\"Home\",\"item\":\"https:\/\/reveurstore.com\/\"},{\"@type\":\"ListItem\",\"position\":2,\"name\":\"Shop\",\"item\":\"https:\/\/reveurstore.com\/shop-2\/\"},{\"@type\":\"ListItem\",\"position\":3,\"name\":\"Silver 925 Set Ring and Necklace Heart\"}]},{\"@type\":\"WebSite\",\"@id\":\"https:\/\/reveurstore.com\/#website\",\"url\":\"https:\/\/reveurstore.com\/\",\"name\":\"Reveurstore\",\"description\":\"\",\"publisher\":{\"@id\":\"https:\/\/reveurstore.com\/#\/schema\/person\/c8ba2d22bfffaf45b6141539c0afdbb0\"},\"potentialAction\":[{\"@type\":\"SearchAction\",\"target\":{\"@type\":\"EntryPoint\",\"urlTemplate\":\"https:\/\/reveurstore.com\/?s={search_term_string}\"},\"query-input\":{\"@type\":\"PropertyValueSpecification\",\"valueRequired\":true,\"valueName\":\"search_term_string\"}}],\"inLanguage\":\"cs\"},{\"@type\":[\"Person\",\"Organization\"],\"@id\":\"https:\/\/reveurstore.com\/#\/schema\/person\/c8ba2d22bfffaf45b6141539c0afdbb0\",\"name\":\"Alisa K\",\"image\":{\"@type\":\"ImageObject\",\"inLanguage\":\"cs\",\"@id\":\"https:\/\/reveurstore.com\/#\/schema\/person\/image\/\",\"url\":\"https:\/\/reveurstore.com\/wp-content\/uploads\/2024\/12\/cropped-462697602_1288532802510106_971032994706855632_n-1-e1735158106742-2.jpg\",\"contentUrl\":\"https:\/\/reveurstore.com\/wp-content\/uploads\/2024\/12\/cropped-462697602_1288532802510106_971032994706855632_n-1-e1735158106742-2.jpg\",\"width\":1500,\"height\":310,\"caption\":\"Alisa K\"},\"logo\":{\"@id\":\"https:\/\/reveurstore.com\/#\/schema\/person\/image\/\"},\"sameAs\":[\"http:\/\/reveurstore.com\",\"https:\/\/www.facebook.com\/profile.php?id=61567260366294\",\"https:\/\/www.instagram.com\/reveur_jewels\/\",\"https:\/\/www.pinterest.com\/reveur_jewels\/?invite_code=485f63a53eba4b16823725cc9560ccd1&sender=1095852659237439738\",\"www.youtube.com\/@ReveurJewels\"]}]}<\/script>\n<!-- \/ Yoast SEO plugin. -->","yoast_head_json":{"title":"Silver 925 Set Ring and Necklace Heart -","description":"Elegant heart-themed jewelry set featuring a dainty chain bracelet and matching ring\u2014crafted in silver for a timeless, romantic look.","robots":{"index":"index","follow":"follow","max-snippet":"max-snippet:-1","max-image-preview":"max-image-preview:large","max-video-preview":"max-video-preview:-1"},"canonical":"https:\/\/reveurstore.com\/cs\/produkt\/set-ring-and-necklace-heart\/","og_locale":"cs_CZ","og_type":"article","og_title":"Silver 925 Set Ring and Necklace Heart -","og_description":"Elegant heart-themed jewelry set featuring a dainty chain bracelet and matching ring\u2014crafted in silver for a timeless, romantic look.","og_url":"https:\/\/reveurstore.com\/cs\/produkt\/set-ring-and-necklace-heart\/","article_publisher":"https:\/\/www.facebook.com\/profile.php?id=61567260366294","article_modified_time":"2025-11-12T19:45:22+00:00","og_image":[{"width":959,"height":1199,"url":"https:\/\/reveurstore.com\/wp-content\/uploads\/2025\/06\/B4575169-91BC-4A32-918C-8A9EDAA9FCF6-38.jpg","type":"image\/jpeg"}],"twitter_card":"summary_large_image","twitter_misc":{"Odhadovan\u00e1 doba \u010dten\u00ed":"1 minuta"},"schema":{"@context":"https:\/\/schema.org","@graph":[{"@type":"WebPage","@id":"https:\/\/reveurstore.com\/product\/set-ring-and-necklace-heart\/","url":"https:\/\/reveurstore.com\/product\/set-ring-and-necklace-heart\/","name":"Silver 925 Set Ring and Necklace Heart -","isPartOf":{"@id":"https:\/\/reveurstore.com\/#website"},"primaryImageOfPage":{"@id":"https:\/\/reveurstore.com\/product\/set-ring-and-necklace-heart\/#primaryimage"},"image":{"@id":"https:\/\/reveurstore.com\/product\/set-ring-and-necklace-heart\/#primaryimage"},"thumbnailUrl":"https:\/\/reveurstore.com\/wp-content\/uploads\/2025\/06\/B4575169-91BC-4A32-918C-8A9EDAA9FCF6-38.jpg","datePublished":"2025-07-13T15:51:20+00:00","dateModified":"2025-11-12T19:45:22+00:00","description":"Elegant heart-themed jewelry set featuring a dainty chain bracelet and matching ring\u2014crafted in silver for a timeless, romantic look.","breadcrumb":{"@id":"https:\/\/reveurstore.com\/product\/set-ring-and-necklace-heart\/#breadcrumb"},"inLanguage":"cs","potentialAction":[{"@type":"ReadAction","target":["https:\/\/reveurstore.com\/product\/set-ring-and-necklace-heart\/"]}]},{"@type":"ImageObject","inLanguage":"cs","@id":"https:\/\/reveurstore.com\/product\/set-ring-and-necklace-heart\/#primaryimage","url":"https:\/\/reveurstore.com\/wp-content\/uploads\/2025\/06\/B4575169-91BC-4A32-918C-8A9EDAA9FCF6-38.jpg","contentUrl":"https:\/\/reveurstore.com\/wp-content\/uploads\/2025\/06\/B4575169-91BC-4A32-918C-8A9EDAA9FCF6-38.jpg","width":959,"height":1199},{"@type":"BreadcrumbList","@id":"https:\/\/reveurstore.com\/product\/set-ring-and-necklace-heart\/#breadcrumb","itemListElement":[{"@type":"ListItem","position":1,"name":"Home","item":"https:\/\/reveurstore.com\/"},{"@type":"ListItem","position":2,"name":"Shop","item":"https:\/\/reveurstore.com\/shop-2\/"},{"@type":"ListItem","position":3,"name":"Silver 925 Set Ring and Necklace Heart"}]},{"@type":"WebSite","@id":"https:\/\/reveurstore.com\/#website","url":"https:\/\/reveurstore.com\/","name":"Reveurstore","description":"","publisher":{"@id":"https:\/\/reveurstore.com\/#\/schema\/person\/c8ba2d22bfffaf45b6141539c0afdbb0"},"potentialAction":[{"@type":"SearchAction","target":{"@type":"EntryPoint","urlTemplate":"https:\/\/reveurstore.com\/?s={search_term_string}"},"query-input":{"@type":"PropertyValueSpecification","valueRequired":true,"valueName":"search_term_string"}}],"inLanguage":"cs"},{"@type":["Person","Organization"],"@id":"https:\/\/reveurstore.com\/#\/schema\/person\/c8ba2d22bfffaf45b6141539c0afdbb0","name":"Alisa K.","image":{"@type":"ImageObject","inLanguage":"cs","@id":"https:\/\/reveurstore.com\/#\/schema\/person\/image\/","url":"https:\/\/reveurstore.com\/wp-content\/uploads\/2024\/12\/cropped-462697602_1288532802510106_971032994706855632_n-1-e1735158106742-2.jpg","contentUrl":"https:\/\/reveurstore.com\/wp-content\/uploads\/2024\/12\/cropped-462697602_1288532802510106_971032994706855632_n-1-e1735158106742-2.jpg","width":1500,"height":310,"caption":"Alisa K"},"logo":{"@id":"https:\/\/reveurstore.com\/#\/schema\/person\/image\/"},"sameAs":["http:\/\/reveurstore.com","https:\/\/www.facebook.com\/profile.php?id=61567260366294","https:\/\/www.instagram.com\/reveur_jewels\/","https:\/\/www.pinterest.com\/reveur_jewels\/?invite_code=485f63a53eba4b16823725cc9560ccd1&sender=1095852659237439738","www.youtube.com\/@ReveurJewels"]}]}},"uagb_featured_image_src":{"full":["https:\/\/reveurstore.com\/wp-content\/uploads\/2025\/06\/B4575169-91BC-4A32-918C-8A9EDAA9FCF6-38.jpg",959,1199,false],"thumbnail":["https:\/\/reveurstore.com\/wp-content\/uploads\/2025\/06\/B4575169-91BC-4A32-918C-8A9EDAA9FCF6-38-150x150.jpg",150,150,true],"medium":["https:\/\/reveurstore.com\/wp-content\/uploads\/2025\/06\/B4575169-91BC-4A32-918C-8A9EDAA9FCF6-38-240x300.jpg",240,300,true],"medium_large":["https:\/\/reveurstore.com\/wp-content\/uploads\/2025\/06\/B4575169-91BC-4A32-918C-8A9EDAA9FCF6-38-768x960.jpg",768,960,true],"large":["https:\/\/reveurstore.com\/wp-content\/uploads\/2025\/06\/B4575169-91BC-4A32-918C-8A9EDAA9FCF6-38-819x1024.jpg",819,1024,true],"1536x1536":["https:\/\/reveurstore.com\/wp-content\/uploads\/2025\/06\/B4575169-91BC-4A32-918C-8A9EDAA9FCF6-38.jpg",959,1199,false],"2048x2048":["https:\/\/reveurstore.com\/wp-content\/uploads\/2025\/06\/B4575169-91BC-4A32-918C-8A9EDAA9FCF6-38.jpg",959,1199,false],"trp-custom-language-flag":["https:\/\/reveurstore.com\/wp-content\/uploads\/2025\/06\/B4575169-91BC-4A32-918C-8A9EDAA9FCF6-38.jpg",10,12,false],"tp-image-grid":["https:\/\/reveurstore.com\/wp-content\/uploads\/2025\/06\/B4575169-91BC-4A32-918C-8A9EDAA9FCF6-38.jpg",560,700,false],"woocommerce_thumbnail":["https:\/\/reveurstore.com\/wp-content\/uploads\/2025\/06\/B4575169-91BC-4A32-918C-8A9EDAA9FCF6-38-500x500.jpg",500,500,true],"woocommerce_single":["https:\/\/reveurstore.com\/wp-content\/uploads\/2025\/06\/B4575169-91BC-4A32-918C-8A9EDAA9FCF6-38-600x750.jpg",600,750,true],"woocommerce_gallery_thumbnail":["https:\/\/reveurstore.com\/wp-content\/uploads\/2025\/06\/B4575169-91BC-4A32-918C-8A9EDAA9FCF6-38-100x100.jpg",100,100,true]},"uagb_author_info":{"display_name":"Alisa K","author_link":"https:\/\/reveurstore.com\/cs\/author\/"},"uagb_comment_info":0,"uagb_excerpt":"A set with an adjustable heart that can be worn in different ways, making it a versatile and elegant accessory. Made of high-quality silver, the ring and necklace with the heart feature a perfectly polished surface, creating a stylish look. The adjustable ring size allows for a perfect fit on any finger size, ensuring comfort&hellip;","_links":{"self":[{"href":"https:\/\/reveurstore.com\/cs\/wp-json\/wp\/v2\/product\/3326","targetHints":{"allow":["GET"]}}],"collection":[{"href":"https:\/\/reveurstore.com\/cs\/wp-json\/wp\/v2\/product"}],"about":[{"href":"https:\/\/reveurstore.com\/cs\/wp-json\/wp\/v2\/types\/product"}],"wp:featuredmedia":[{"embeddable":true,"href":"https:\/\/reveurstore.com\/cs\/wp-json\/wp\/v2\/media\/3291"}],"wp:attachment":[{"href":"https:\/\/reveurstore.com\/cs\/wp-json\/wp\/v2\/media?parent=3326"}],"wp:term":[{"taxonomy":"product_brand","embeddable":true,"href":"https:\/\/reveurstore.com\/cs\/wp-json\/wp\/v2\/product_brand?post=3326"},{"taxonomy":"product_cat","embeddable":true,"href":"https:\/\/reveurstore.com\/cs\/wp-json\/wp\/v2\/product_cat?post=3326"},{"taxonomy":"product_tag","embeddable":true,"href":"https:\/\/reveurstore.com\/cs\/wp-json\/wp\/v2\/product_tag?post=3326"}],"curies":[{"name":"wp","href":"https:\/\/api.w.org\/{rel}","templated":true}]}}